{"id":1087,"date":"2022-11-08T18:07:26","date_gmt":"2022-11-08T23:07:26","guid":{"rendered":"https:\/\/geo-mines.com\/accueil-02\/"},"modified":"2025-11-28T09:25:15","modified_gmt":"2025-11-28T14:25:15","slug":"home-test","status":"publish","type":"page","link":"https:\/\/geo-mines.com\/fr\/","title":{"rendered":"Accueil 02"},"content":{"rendered":"<div class=\"wp-block-group hero-banner\"><div class=\"wp-block-group__inner-container is-layout-constrained wp-block-group-is-layout-constrained\"><\/div><\/div><div class=\"wp-block-group alignfull intro-content has-base-3-color has-text-color\"><div class=\"wp-block-group__inner-container is-layout-constrained wp-block-group-is-layout-constrained\"><div class=\"wp-block-group intro-content-inner\"><div class=\"wp-block-group__inner-container is-layout-constrained wp-block-group-is-layout-constrained\"><div class=\"wp-block-group blocpadding has-background\" style=\"background-color:#222222\"><div class=\"wp-block-group__inner-container is-layout-constrained wp-block-group-is-layout-constrained\"><h3 class=\"wp-block-heading has-base-3-color has-text-color\" style=\"font-size:2em;font-style:normal;font-weight:600;letter-spacing:0px;text-transform:uppercase\">specialiste en casting et Manufacturier et distributeur ind\u00e9pendAnt de produits Bio fiables test\u00e9s sur les chantiers.<\/h3>\n\n<div class=\"wp-block-columns is-layout-flex wp-container-core-columns-is-layout-1 wp-block-columns-is-layout-flex\"><div class=\"wp-block-column is-layout-flow wp-block-column-is-layout-flow\" style=\"flex-basis:100%\"><p class=\"has-medium-font-size\" style=\"font-style:normal;font-weight:300\">GEO-MINES prend \u00e0 coeur le <strong>d\u00e9veloppement durable<\/strong> sur l&rsquo;ensemble de ses produits et pratiques dans le but de minimiser l&rsquo;impact et faire mieux. Nos produits et m\u00e9thodes sont respectueux de l&rsquo;environnement et approuv\u00e9 Ecologo ( polymer, lubrifiants April Bio) <\/p><\/div>\n\n<div class=\"wp-block-column is-layout-flow wp-block-column-is-layout-flow\" style=\"flex-basis:100%\"><ul class=\"wp-block-list\"><li>Performance et s\u00e9curit\u00e9 pour le forage.<\/li>\n\n<li class=\"highlightvert\">Produits biod\u00e9gradables \u00e0 la performance et rentabilit\u00e9 d\u00e9montr\u00e9e.<\/li>\n\n<li>Distributeur strat\u00e9gique de produits miniers.<\/li>\n\n<li>Manufacturier, distribution &amp; nouvelles technologies.<\/li><\/ul><\/div><\/div><\/div><\/div><\/div><\/div><\/div><\/div><div class=\"wp-block-group alignfull media-text media-text-1 prod-cat has-base-3-color has-text-color\" style=\"padding-top:50px;padding-right:50px;padding-bottom:50px;padding-left:50px\"><div class=\"wp-block-group__inner-container is-layout-constrained wp-container-core-group-is-layout-6 wp-block-group-is-layout-constrained\"><div class=\"wp-block-group\" style=\"padding-right:50px;padding-left:50px\"><div class=\"wp-block-group__inner-container is-layout-constrained wp-container-core-group-is-layout-5 wp-block-group-is-layout-constrained\"><div class=\"product-cat-list-block\">\n        <div class=\"container\">\n            <div class=\"product-cat-intro\">\n                                    <h2 class=\"product_cat_title\">Nos produits par cat\u00e9gorie<\/h2>\n                                                    <div class=\"product_cat_desc\"><p>Vous devez pouvoir compter sur des produits, lubrifiants biod\u00e9gradables et des outils performants et fiables, \u00e0 des prix concurrentiels. C\u2019est pourquoi nous coulons, fabriquons et repr\u00e9sentons seulement des gammes de produits test\u00e9s en chantier avant de vous les offrir a des prix, des plus comp\u00e9titifs.<\/p>\n<\/div>\n                            <\/div>\n            <div class=\"product-cat-list\">\n\t\t\t\t\t\t\t\t\t\n\t\t\t\t\t                        <div class=\"product_cat_card\">\n                            <a href=\"https:\/\/geo-mines.com\/fr\/categorie-produit\/cles-fr\/\">\n\n\t\t\t\t\t\t\t\t                                <div class=\"product_cat_img\" style=\"background-image: url('https:\/\/geo-mines.com\/wp-content\/uploads\/2025\/03\/Straight_Pipe_Wrench_Parts_72dpi.jpg');\"><\/div>\n                                <h5>Cl\u00e9s serre-tubes<\/h5>\n                            <\/a>\n                        <\/div>\n\t\t\t\t\t\t\t\t\t\t\t\t\t\t\n\t\t\t\t\t                        <div class=\"product_cat_card\">\n                            <a href=\"https:\/\/geo-mines.com\/fr\/categorie-produit\/consommables-de-forage\/\">\n\n\t\t\t\t\t\t\t\t                                <div class=\"product_cat_img\" style=\"background-image: url('https:\/\/geo-mines.com\/wp-content\/uploads\/2023\/09\/PETIT-ROND.jpg');\"><\/div>\n                                <h5>Consommables de forage<\/h5>\n                            <\/a>\n                        <\/div>\n\t\t\t\t\t\t\t\t\t\t\t\t\t\t\n\t\t\t\t\t                        <div class=\"product_cat_card\">\n                            <a href=\"https:\/\/geo-mines.com\/fr\/categorie-produit\/wedges\/\">\n\n\t\t\t\t\t\t\t\t                                <div class=\"product_cat_img\" style=\"background-image: url('https:\/\/geo-mines.com\/wp-content\/uploads\/2024\/07\/icon-new.png');\"><\/div>\n                                <h5>Forage Directionnel Wedges<\/h5>\n                            <\/a>\n                        <\/div>\n\t\t\t\t\t\t\t\t\t\t\t\t\t\t\n\t\t\t\t\t                        <div class=\"product_cat_card\">\n                            <a href=\"https:\/\/geo-mines.com\/fr\/categorie-produit\/equipements-de-securite\/\">\n\n\t\t\t\t\t\t\t\t                                <div class=\"product_cat_img\" style=\"background-image: url('https:\/\/geo-mines.com\/wp-content\/uploads\/2023\/09\/gants-scaled-e1716484340130.jpg');\"><\/div>\n                                <h5>Gants de s\u00e9curit\u00e9<\/h5>\n                            <\/a>\n                        <\/div>\n\t\t\t\t\t\t\t\t\t\t\t\t\t\t\n\t\t\t\t\t                        <div class=\"product_cat_card\">\n                            <a href=\"https:\/\/geo-mines.com\/fr\/categorie-produit\/graisse-a-tige-bio\/\">\n\n\t\t\t\t\t\t\t\t                                <div class=\"product_cat_img\" style=\"background-image: url('https:\/\/geo-mines.com\/wp-content\/uploads\/2023\/12\/Bio-Rod-Grease-alt.jpg');\"><\/div>\n                                <h5>Graisse \u00e0 tiges Bio<\/h5>\n                            <\/a>\n                        <\/div>\n\t\t\t\t\t\t\t\t\t\t\t\t\t\t\n\t\t\t\t\t                        <div class=\"product_cat_card\">\n                            <a href=\"https:\/\/geo-mines.com\/fr\/categorie-produit\/huile-hydraulique-bio-synthetique\/\">\n\n\t\t\t\t\t\t\t\t                                <div class=\"product_cat_img\" style=\"background-image: url('https:\/\/geo-mines.com\/wp-content\/uploads\/2023\/05\/April-Bio-Hydraulic-oil-synt-hees46-1.png');\"><\/div>\n                                <h5>Huile hydraulique Bio, Filtres, cartouches &amp; Unit\u00e9 de D\u00e9hydratation<\/h5>\n                            <\/a>\n                        <\/div>\n\t\t\t\t\t\t\t\t\t\t\t\t\t\t\n\t\t\t\t\t                        <div class=\"product_cat_card\">\n                            <a href=\"https:\/\/geo-mines.com\/fr\/categorie-produit\/jaws-machoires-fr\/\">\n\n\t\t\t\t\t\t\t\t                                <div class=\"product_cat_img\" style=\"background-image: url('https:\/\/geo-mines.com\/wp-content\/uploads\/2023\/09\/LARAIGNEE.jpg');\"><\/div>\n                                <h5>Jaws Machoires Boyles &amp; Christensen<\/h5>\n                            <\/a>\n                        <\/div>\n\t\t\t\t\t\t\t\t\t\t\t\t\t\t\n\t\t\t\t\t                        <div class=\"product_cat_card\">\n                            <a href=\"https:\/\/geo-mines.com\/fr\/categorie-produit\/outils-diamantes\/\">\n\n\t\t\t\t\t\t\t\t                                <div class=\"product_cat_img\" style=\"background-image: url('https:\/\/geo-mines.com\/wp-content\/uploads\/2023\/09\/TUYAU.jpg');\"><\/div>\n                                <h5>Outils Diamant\u00e9s X-Core<\/h5>\n                            <\/a>\n                        <\/div>\n\t\t\t\t\t\t\t\t\t\t\t\t\t\t\n\t\t\t\t\t                        <div class=\"product_cat_card\">\n                            <a href=\"https:\/\/geo-mines.com\/fr\/categorie-produit\/fonderie\/\">\n\n\t\t\t\t\t\t\t\t                                <div class=\"product_cat_img\" style=\"background-image: url('https:\/\/geo-mines.com\/wp-content\/uploads\/2023\/11\/Figure-1-Die-cast-zinc-parts.webp');\"><\/div>\n                                <h5>Pi\u00e8ces en acier de casting &amp; fabrication sur mesure<\/h5>\n                            <\/a>\n                        <\/div>\n\t\t\t\t\t\t\t\t\t\t\t\t\t\t\n\t\t\t\t\t                        <div class=\"product_cat_card\">\n                            <a href=\"https:\/\/geo-mines.com\/fr\/categorie-produit\/polymere-graisse-bio-huile-hydraulique-bio\/\">\n\n\t\t\t\t\t\t\t\t                                <div class=\"product_cat_img\" style=\"background-image: url('https:\/\/geo-mines.com\/wp-content\/uploads\/2023\/05\/produits_iso_corepro.png');\"><\/div>\n                                <h5>Polym\u00e8re de forage biod\u00e9gradable<\/h5>\n                            <\/a>\n                        <\/div>\n\t\t\t\t\t\t\t\t\t\t\t\t\t\t\n\t\t\t\t\t                        <div class=\"product_cat_card\">\n                            <a href=\"https:\/\/geo-mines.com\/fr\/categorie-produit\/ressorts-en-fil-metallique\/\">\n\n\t\t\t\t\t\t\t\t                                <div class=\"product_cat_img\" style=\"background-image: url('https:\/\/geo-mines.com\/wp-content\/uploads\/2023\/09\/TOURBILLON-ROUGE.jpg');\"><\/div>\n                                <h5>Ressorts en fil m\u00e9tallique &amp; gaz compression<\/h5>\n                            <\/a>\n                        <\/div>\n\t\t\t\t\t\t\t\t\t\t\t\t\t\t\n\t\t\t\t\t                        <div class=\"product_cat_card\">\n                            <a href=\"https:\/\/geo-mines.com\/fr\/categorie-produit\/pieces-de-foreuses\/\">\n\n\t\t\t\t\t\t\t\t                                <div class=\"product_cat_img\" style=\"background-image: url('https:\/\/geo-mines.com\/wp-content\/uploads\/2023\/05\/Diamond-Drilling-in-Rugged-Terrain.png');\"><\/div>\n                                <h5>Transmission GEARMAX &amp; pi\u00e8ces de foreuses<\/h5>\n                            <\/a>\n                        <\/div>\n\t\t\t\t\t\t\t\t\t            <\/div>\n                            <div class=\"product_cat_card all-products\">\n                    <a href=\"https:\/\/geo-mines.com\/fr\/categories-de-produits\/\">Tous nos produits<\/a>\n                <\/div>\n                    <\/div>\n    <\/div><\/div><\/div><\/div><\/div><div class=\"wp-block-group alignfull media-text media-text-1 contact-cta has-base-3-background-color has-background\" style=\"padding-top:50px;padding-right:50px;padding-bottom:50px;padding-left:50px\"><div class=\"wp-block-group__inner-container is-layout-constrained wp-container-core-group-is-layout-8 wp-block-group-is-layout-constrained\"><div class=\"wp-block-group\" style=\"padding-right:50px;padding-left:50px\"><div class=\"wp-block-group__inner-container is-layout-constrained wp-container-core-group-is-layout-7 wp-block-group-is-layout-constrained\"><h2 class=\"wp-block-heading has-text-align-left\" style=\"margin-bottom:15px;font-size:40px;font-style:normal;font-weight:600;line-height:1.3;text-transform:uppercase\">Notre Expertise<\/h2>\n\n<div class=\"wp-block-columns is-layout-flex wp-container-core-columns-is-layout-2 wp-block-columns-is-layout-flex\"><div class=\"wp-block-column is-layout-flow wp-block-column-is-layout-flow\" style=\"flex-basis:100%\"><p>Avez-vous besoin d\u2019un avis expert pour choisir des solutions de forage sur vos projets d\u2019exploration, de g\u00e9otechnique ou de forage directionnel\u2009? Nous pouvons vous aider.<\/p>\n\n<p>Gr\u00e2ce \u00e0 son expertise sp\u00e9cialis\u00e9e et \u00e0 son ind\u00e9pendance, G\u00e9o-Mines vous aide \u00e0 choisir les produits performants et environnementaux, outils et consommables qui vous permettront de performer sur vos projets.<\/p>\n\n<p>Avec plus de 25 ans dans le domaine minier \u00e0 l\u2019international, G\u00e9o-Mines offre un accompagnement exp\u00e9riment\u00e9 pour des projets de cr\u00e9ation de produit, casting et la vente de produits.<\/p><\/div>\n\n<div class=\"wp-block-column is-layout-flow wp-block-column-is-layout-flow\" style=\"flex-basis:100%\"><div class=\"wp-block-image\"><figure class=\"aligncenter size-full\"><img loading=\"lazy\" decoding=\"async\" width=\"250\" height=\"280\" src=\"https:\/\/geo-mines.com\/wp-content\/uploads\/2025\/02\/expertise_2.png\" alt=\"\" class=\"wp-image-2308\"\/><\/figure><\/div>\n\n<div style=\"height:20px\" aria-hidden=\"true\" class=\"wp-block-spacer\"><\/div>\n\n<div class=\"wp-block-buttons is-content-justification-center is-layout-flex wp-container-core-buttons-is-layout-1 wp-block-buttons-is-layout-flex\"><div class=\"wp-block-button has-custom-font-size is-style-outline is-style-outline--2\" style=\"font-size:16px\"><a class=\"wp-block-button__link has-base-3-color has-accent-background-color has-text-color has-background wp-element-button\" href=\"#frm_form_1_container\" style=\"border-radius:0px\">Contactez-nous<\/a><\/div><\/div><\/div><\/div><\/div><\/div><\/div><\/div><div class=\"wp-block-group alignfull quote quote-2 has-background has-medium-font-size\" style=\"background:linear-gradient(180deg,rgb(255,255,255) 41%,rgb(0,0,0) 74%);padding-top:50px;padding-right:50px;padding-bottom:50px;padding-left:50px\"><div class=\"wp-block-group__inner-container is-layout-flow wp-block-group-is-layout-flow\"><div class=\"wp-block-group\"><div class=\"wp-block-group__inner-container is-layout-constrained wp-block-group-is-layout-constrained\"><div class=\"wp-block-group\"><div class=\"wp-block-group__inner-container is-layout-constrained wp-block-group-is-layout-constrained\"><div class=\"wp-block-cover aligncenter has-parallax\" style=\"padding-top:250px;padding-right:50px;padding-bottom:250px;padding-left:50px;min-height:1530px;aspect-ratio:unset;\"><span aria-hidden=\"true\" class=\"wp-block-cover__background has-background-dim-0 has-background-dim\"><\/span><div class=\"wp-block-cover__image-background wp-image-207 has-parallax\" style=\"background-position:50% 50%;background-image:url(https:\/\/geo-mines.com\/wp-content\/uploads\/2022\/09\/tadej-skofic-VWxiaKn-lVc-unsplash-2.jpg)\"><\/div><div class=\"wp-block-cover__inner-container is-layout-flow wp-block-cover-is-layout-flow\"><h3 class=\"wp-block-heading has-text-align-center has-base-3-color has-text-color has-medium-font-size\">Test\u00e9 et respectueux de l\u2019environnement. Augmente le rendement. Approuv\u00e9 Ecologo <\/h3>\n\n<h2 class=\"wp-block-heading has-text-align-center has-base-3-color has-text-color has-x-large-font-size\"><strong><strong><strong>POLYM\u00c8RE CORE PRO, LUBRIFIANTS HYDRAULIQUES <\/strong><\/strong><\/strong><br><strong><strong><strong>BIO-SYN HEES46 BIOD\u00c9GRADABLES<\/strong><\/strong><\/strong><\/h2>\n\n<div style=\"height:20px\" aria-hidden=\"true\" class=\"wp-block-spacer\"><\/div>\n\n<div class=\"wp-block-image\"><figure class=\"aligncenter size-full is-resized\"><img loading=\"lazy\" decoding=\"async\" width=\"1024\" height=\"416\" src=\"https:\/\/geo-mines.com\/wp-content\/uploads\/2023\/05\/GeoMInes-produits.jpg\" alt=\"\" class=\"wp-image-1192\" style=\"width:600px\" srcset=\"https:\/\/geo-mines.com\/wp-content\/uploads\/2023\/05\/GeoMInes-produits.jpg 1024w, https:\/\/geo-mines.com\/wp-content\/uploads\/2023\/05\/GeoMInes-produits-600x244.jpg 600w, https:\/\/geo-mines.com\/wp-content\/uploads\/2023\/05\/GeoMInes-produits-300x122.jpg 300w, https:\/\/geo-mines.com\/wp-content\/uploads\/2023\/05\/GeoMInes-produits-768x312.jpg 768w\" sizes=\"auto, (max-width: 1024px) 100vw, 1024px\" \/><\/figure><\/div>\n\n<div style=\"height:20px\" aria-hidden=\"true\" class=\"wp-block-spacer\"><\/div>\n\n<div class=\"wp-block-image\"><figure class=\"aligncenter size-full\"><img loading=\"lazy\" decoding=\"async\" width=\"47\" height=\"40\" src=\"https:\/\/geo-mines.com\/wp-content\/uploads\/2025\/02\/eco-_sm.png\" alt=\"\" class=\"wp-image-2316\"\/><\/figure><\/div>\n\n<div style=\"height:20px\" aria-hidden=\"true\" class=\"wp-block-spacer\"><\/div><\/div><\/div><\/div><\/div><\/div><\/div><\/div><\/div>","protected":false},"excerpt":{"rendered":"<p>specialiste en casting et Manufacturier et distributeur ind\u00e9pendAnt de produits Bio fiables test\u00e9s sur les chantiers. GEO-MINES prend \u00e0 coeur le d\u00e9veloppement durable sur l&rsquo;ensemble de ses produits et pratiques dans le but de minimiser l&rsquo;impact et faire mieux. Nos produits et m\u00e9thodes sont respectueux de l&rsquo;environnement et approuv\u00e9 Ecologo ( polymer, lubrifiants April Bio) &#8230; <\/p>\n<p class=\"read-more-container\"><a title=\"Accueil 02\" class=\"read-more button\" href=\"https:\/\/geo-mines.com\/fr\/#more-1087\" aria-label=\"En savoir plus sur Accueil 02\">Lire plus<\/a><\/p>\n","protected":false},"author":2,"featured_media":670,"parent":0,"menu_order":-1,"comment_status":"closed","ping_status":"closed","template":"","meta":{"_acf_changed":false,"inline_featured_image":false,"footnotes":""},"class_list":["post-1087","page","type-page","status-publish","has-post-thumbnail"],"acf":[],"yoast_head":"<!-- This site is optimized with the Yoast SEO plugin v24.4 - https:\/\/yoast.com\/wordpress\/plugins\/seo\/ -->\n<title>Geo Mines<\/title>\n<meta name=\"description\" content=\"High-Performance Products &amp; Consulting for the Explorational and Geotechnical Drilling Sectors.\" \/>\n<meta name=\"robots\" content=\"index, follow, max-snippet:-1, max-image-preview:large, max-video-preview:-1\" \/>\n<link rel=\"canonical\" href=\"https:\/\/geo-mines.com\/fr\/\" \/>\n<meta property=\"og:locale\" content=\"fr_FR\" \/>\n<meta property=\"og:type\" content=\"article\" \/>\n<meta property=\"og:title\" content=\"Geo Mines\" \/>\n<meta property=\"og:description\" content=\"High-Performance Products &amp; Consulting for the Explorational and Geotechnical Drilling Sectors.\" \/>\n<meta property=\"og:url\" content=\"https:\/\/geo-mines.com\/fr\/\" \/>\n<meta property=\"og:site_name\" content=\"Geo Mines\" \/>\n<meta property=\"article:modified_time\" content=\"2025-11-28T14:25:15+00:00\" \/>\n<meta property=\"og:image\" content=\"https:\/\/geo-mines.com\/wp-content\/uploads\/2022\/09\/pexels-vlad-chet\u0326an-2892618-scaled-1.jpg\" \/>\n\t<meta property=\"og:image:width\" content=\"2560\" \/>\n\t<meta property=\"og:image:height\" content=\"1707\" \/>\n\t<meta property=\"og:image:type\" content=\"image\/jpeg\" \/>\n<meta name=\"twitter:card\" content=\"summary_large_image\" \/>\n<meta name=\"twitter:label1\" content=\"Dur\u00e9e de lecture estim\u00e9e\" \/>\n\t<meta name=\"twitter:data1\" content=\"2 minutes\" \/>\n<script type=\"application\/ld+json\" class=\"yoast-schema-graph\">{\"@context\":\"https:\/\/schema.org\",\"@graph\":[{\"@type\":\"WebPage\",\"@id\":\"https:\/\/geo-mines.com\/fr\/\",\"url\":\"https:\/\/geo-mines.com\/fr\/\",\"name\":\"Geo Mines\",\"isPartOf\":{\"@id\":\"https:\/\/geo-mines.com\/fr\/#website\"},\"primaryImageOfPage\":{\"@id\":\"https:\/\/geo-mines.com\/fr\/#primaryimage\"},\"image\":{\"@id\":\"https:\/\/geo-mines.com\/fr\/#primaryimage\"},\"thumbnailUrl\":\"https:\/\/geo-mines.com\/wp-content\/uploads\/2022\/09\/pexels-vlad-chet\u0326an-2892618-scaled-1.jpg\",\"datePublished\":\"2022-11-08T23:07:26+00:00\",\"dateModified\":\"2025-11-28T14:25:15+00:00\",\"description\":\"High-Performance Products & Consulting for the Explorational and Geotechnical Drilling Sectors.\",\"breadcrumb\":{\"@id\":\"https:\/\/geo-mines.com\/fr\/#breadcrumb\"},\"inLanguage\":\"fr-FR\",\"potentialAction\":[{\"@type\":\"ReadAction\",\"target\":[\"https:\/\/geo-mines.com\/fr\/\"]}]},{\"@type\":\"ImageObject\",\"inLanguage\":\"fr-FR\",\"@id\":\"https:\/\/geo-mines.com\/fr\/#primaryimage\",\"url\":\"https:\/\/geo-mines.com\/wp-content\/uploads\/2022\/09\/pexels-vlad-chet\u0326an-2892618-scaled-1.jpg\",\"contentUrl\":\"https:\/\/geo-mines.com\/wp-content\/uploads\/2022\/09\/pexels-vlad-chet\u0326an-2892618-scaled-1.jpg\",\"width\":2560,\"height\":1707},{\"@type\":\"BreadcrumbList\",\"@id\":\"https:\/\/geo-mines.com\/fr\/#breadcrumb\",\"itemListElement\":[{\"@type\":\"ListItem\",\"position\":1,\"name\":\"Home\",\"item\":\"https:\/\/geo-mines.com\/fr\/\"},{\"@type\":\"ListItem\",\"position\":2,\"name\":\"Accueil 02\"}]},{\"@type\":\"WebSite\",\"@id\":\"https:\/\/geo-mines.com\/fr\/#website\",\"url\":\"https:\/\/geo-mines.com\/fr\/\",\"name\":\"Geo Mines\",\"description\":\"\",\"publisher\":{\"@id\":\"https:\/\/geo-mines.com\/fr\/#organization\"},\"potentialAction\":[{\"@type\":\"SearchAction\",\"target\":{\"@type\":\"EntryPoint\",\"urlTemplate\":\"https:\/\/geo-mines.com\/fr\/?s={search_term_string}\"},\"query-input\":{\"@type\":\"PropertyValueSpecification\",\"valueRequired\":true,\"valueName\":\"search_term_string\"}}],\"inLanguage\":\"fr-FR\"},{\"@type\":\"Organization\",\"@id\":\"https:\/\/geo-mines.com\/fr\/#organization\",\"name\":\"Geo Mines\",\"url\":\"https:\/\/geo-mines.com\/fr\/\",\"logo\":{\"@type\":\"ImageObject\",\"inLanguage\":\"fr-FR\",\"@id\":\"https:\/\/geo-mines.com\/fr\/#\/schema\/logo\/image\/\",\"url\":\"https:\/\/geo-mines.com\/wp-content\/uploads\/2022\/09\/logo-white-1.png\",\"contentUrl\":\"https:\/\/geo-mines.com\/wp-content\/uploads\/2022\/09\/logo-white-1.png\",\"width\":720,\"height\":480,\"caption\":\"Geo Mines\"},\"image\":{\"@id\":\"https:\/\/geo-mines.com\/fr\/#\/schema\/logo\/image\/\"}}]}<\/script>\n<!-- \/ Yoast SEO plugin. -->","yoast_head_json":{"title":"Geo Mines","description":"High-Performance Products & Consulting for the Explorational and Geotechnical Drilling Sectors.","robots":{"index":"index","follow":"follow","max-snippet":"max-snippet:-1","max-image-preview":"max-image-preview:large","max-video-preview":"max-video-preview:-1"},"canonical":"https:\/\/geo-mines.com\/fr\/","og_locale":"fr_FR","og_type":"article","og_title":"Geo Mines","og_description":"High-Performance Products & Consulting for the Explorational and Geotechnical Drilling Sectors.","og_url":"https:\/\/geo-mines.com\/fr\/","og_site_name":"Geo Mines","article_modified_time":"2025-11-28T14:25:15+00:00","og_image":[{"width":2560,"height":1707,"url":"https:\/\/geo-mines.com\/wp-content\/uploads\/2022\/09\/pexels-vlad-chet\u0326an-2892618-scaled-1.jpg","type":"image\/jpeg"}],"twitter_card":"summary_large_image","twitter_misc":{"Dur\u00e9e de lecture estim\u00e9e":"2 minutes"},"schema":{"@context":"https:\/\/schema.org","@graph":[{"@type":"WebPage","@id":"https:\/\/geo-mines.com\/fr\/","url":"https:\/\/geo-mines.com\/fr\/","name":"Geo Mines","isPartOf":{"@id":"https:\/\/geo-mines.com\/fr\/#website"},"primaryImageOfPage":{"@id":"https:\/\/geo-mines.com\/fr\/#primaryimage"},"image":{"@id":"https:\/\/geo-mines.com\/fr\/#primaryimage"},"thumbnailUrl":"https:\/\/geo-mines.com\/wp-content\/uploads\/2022\/09\/pexels-vlad-chet\u0326an-2892618-scaled-1.jpg","datePublished":"2022-11-08T23:07:26+00:00","dateModified":"2025-11-28T14:25:15+00:00","description":"High-Performance Products & Consulting for the Explorational and Geotechnical Drilling Sectors.","breadcrumb":{"@id":"https:\/\/geo-mines.com\/fr\/#breadcrumb"},"inLanguage":"fr-FR","potentialAction":[{"@type":"ReadAction","target":["https:\/\/geo-mines.com\/fr\/"]}]},{"@type":"ImageObject","inLanguage":"fr-FR","@id":"https:\/\/geo-mines.com\/fr\/#primaryimage","url":"https:\/\/geo-mines.com\/wp-content\/uploads\/2022\/09\/pexels-vlad-chet\u0326an-2892618-scaled-1.jpg","contentUrl":"https:\/\/geo-mines.com\/wp-content\/uploads\/2022\/09\/pexels-vlad-chet\u0326an-2892618-scaled-1.jpg","width":2560,"height":1707},{"@type":"BreadcrumbList","@id":"https:\/\/geo-mines.com\/fr\/#breadcrumb","itemListElement":[{"@type":"ListItem","position":1,"name":"Home","item":"https:\/\/geo-mines.com\/fr\/"},{"@type":"ListItem","position":2,"name":"Accueil 02"}]},{"@type":"WebSite","@id":"https:\/\/geo-mines.com\/fr\/#website","url":"https:\/\/geo-mines.com\/fr\/","name":"Geo Mines","description":"","publisher":{"@id":"https:\/\/geo-mines.com\/fr\/#organization"},"potentialAction":[{"@type":"SearchAction","target":{"@type":"EntryPoint","urlTemplate":"https:\/\/geo-mines.com\/fr\/?s={search_term_string}"},"query-input":{"@type":"PropertyValueSpecification","valueRequired":true,"valueName":"search_term_string"}}],"inLanguage":"fr-FR"},{"@type":"Organization","@id":"https:\/\/geo-mines.com\/fr\/#organization","name":"Geo Mines","url":"https:\/\/geo-mines.com\/fr\/","logo":{"@type":"ImageObject","inLanguage":"fr-FR","@id":"https:\/\/geo-mines.com\/fr\/#\/schema\/logo\/image\/","url":"https:\/\/geo-mines.com\/wp-content\/uploads\/2022\/09\/logo-white-1.png","contentUrl":"https:\/\/geo-mines.com\/wp-content\/uploads\/2022\/09\/logo-white-1.png","width":720,"height":480,"caption":"Geo Mines"},"image":{"@id":"https:\/\/geo-mines.com\/fr\/#\/schema\/logo\/image\/"}}]}},"_links":{"self":[{"href":"https:\/\/geo-mines.com\/fr\/wp-json\/wp\/v2\/pages\/1087","targetHints":{"allow":["GET"]}}],"collection":[{"href":"https:\/\/geo-mines.com\/fr\/wp-json\/wp\/v2\/pages"}],"about":[{"href":"https:\/\/geo-mines.com\/fr\/wp-json\/wp\/v2\/types\/page"}],"author":[{"embeddable":true,"href":"https:\/\/geo-mines.com\/fr\/wp-json\/wp\/v2\/users\/2"}],"replies":[{"embeddable":true,"href":"https:\/\/geo-mines.com\/fr\/wp-json\/wp\/v2\/comments?post=1087"}],"version-history":[{"count":133,"href":"https:\/\/geo-mines.com\/fr\/wp-json\/wp\/v2\/pages\/1087\/revisions"}],"predecessor-version":[{"id":2587,"href":"https:\/\/geo-mines.com\/fr\/wp-json\/wp\/v2\/pages\/1087\/revisions\/2587"}],"wp:featuredmedia":[{"embeddable":true,"href":"https:\/\/geo-mines.com\/fr\/wp-json\/wp\/v2\/media\/670"}],"wp:attachment":[{"href":"https:\/\/geo-mines.com\/fr\/wp-json\/wp\/v2\/media?parent=1087"}],"curies":[{"name":"wp","href":"https:\/\/api.w.org\/{rel}","templated":true}]}}