{"id":1723,"date":"2023-11-21T13:06:00","date_gmt":"2023-11-21T13:06:00","guid":{"rendered":"https:\/\/geo-mines.com\/?page_id=1723"},"modified":"2024-07-17T17:41:03","modified_gmt":"2024-07-17T17:41:03","slug":"a-propos","status":"publish","type":"page","link":"https:\/\/geo-mines.com\/fr\/a-propos\/","title":{"rendered":"G\u00e9o-Mines: innovation, expertise et durabilit\u00e9"},"content":{"rendered":"<p>G\u00e9o-Mines con\u00e7oit, fabrique et distribue des produits et de l\u2019\u00e9quipement pour le secteur minier. Ses clients \u0153uvrent dans l\u2019exploration, la production mini\u00e8re et la g\u00e9otechnique. Ses produits de haute performance sont innovateurs, durables et respectueux de l\u2019environnement. Ses huiles biosynth\u00e9tiques biod\u00e9gradables de haute performance ont re\u00e7u la certification Ecologo. <\/p><p>L\u2019entreprise a \u00e9t\u00e9 cr\u00e9\u00e9e par un entrepreneur issu de l\u2019industrie mini\u00e8re. Depuis pr\u00e8s de 25 ans, celui-ci a travaill\u00e9 notamment au Canada, avec la Norv\u00e8ge et en Australie, o\u00f9 il a contribu\u00e9 \u00e0 implanter des technologies scandinaves de forage directionnel, d\u2019arpentage de trous de forage et en m\u00e9tallurgie pour le <em>casting<\/em> de pi\u00e8ces.<\/p><p>En cr\u00e9ant G\u00e9o-Mines, le propri\u00e9taire ind\u00e9pendant et entrepreneur s\u2019est donn\u00e9 pour mission d\u2019offrir des produits de haute performance, fiables, \u00e0 un prix tr\u00e8s concurrentiel.&nbsp; Ses produits sont con\u00e7us et test\u00e9s sur le terrain au Canada.<\/p><p>Gr\u00e2ce \u00e0 son expertise et \u00e0 son mod\u00e8le d\u2019affaires, l\u2019entreprise peut offrir \u00e0 ses clients de partout dans le monde des produits et de l\u2019\u00e9quipement durables, adapt\u00e9s \u00e0 la rigueur et aux exigences de l\u2019exploration et de l\u2019exploitation mini\u00e8res.&nbsp;<\/p><p><a href=\"https:\/\/geo-mines.com\/fr\/boutique\/\"><strong>D\u00e9couvrez nos produits<\/strong><\/a><\/p><h3 class=\"wp-block-heading\">Notre expertise au service de vos projets<\/h3><p>Avez-vous besoin d&rsquo;un avis expert pour am\u00e9liorer vos performances et r\u00e9duire vos d\u00e9penses ? Nous sommes  fabricant de pi\u00e8ces en casting et distributeur de lubrifiant biod\u00e9gradable qui peut vous aider avec des solutions personnalis\u00e9es, de la conception \u00e0 la fabrication en passant par les prototypes et les tests.<\/p><p>Gr\u00e2ce \u00e0 son expertise sp\u00e9cialis\u00e9e en forage directionnel et \u00e0 son ind\u00e9pendance, G\u00e9o-Mines vous aide \u00e0 choisir les produits, outils et consommables qui vous permettront de r\u00e9ussir vos projets et de r\u00e9duire vos co\u00fbts, c&rsquo;est garantie.<\/p><p>Avec plus de 25 ans d&rsquo;exp\u00e9rience dans des projets miniers internationaux, nous offrons des services distribution et de repr\u00e9sentation.<\/p><p><a href=\"mailto:info@geo-mines.com\"><strong>Communiquez avec nous<\/strong><\/a><\/p>","protected":false},"excerpt":{"rendered":"<p>G\u00e9o-Mines con\u00e7oit, fabrique et distribue des produits et de l\u2019\u00e9quipement pour le secteur minier. Ses clients \u0153uvrent dans l\u2019exploration, la production mini\u00e8re et la g\u00e9otechnique. Ses produits de haute performance sont innovateurs, durables et respectueux de l\u2019environnement. Ses huiles biosynth\u00e9tiques biod\u00e9gradables de haute performance ont re\u00e7u la certification Ecologo. L\u2019entreprise a \u00e9t\u00e9 cr\u00e9\u00e9e par un &#8230; <\/p>\n<p class=\"read-more-container\"><a title=\"G\u00e9o-Mines: innovation, expertise et durabilit\u00e9\" class=\"read-more button\" href=\"https:\/\/geo-mines.com\/fr\/a-propos\/#more-1723\" aria-label=\"En savoir plus sur G\u00e9o-Mines: innovation, expertise et durabilit\u00e9\">Lire plus<\/a><\/p>\n","protected":false},"author":5,"featured_media":0,"parent":0,"menu_order":0,"comment_status":"closed","ping_status":"closed","template":"","meta":{"_acf_changed":false,"inline_featured_image":false,"footnotes":""},"class_list":["post-1723","page","type-page","status-publish"],"acf":[],"yoast_head":"<!-- This site is optimized with the Yoast SEO plugin v24.4 - https:\/\/yoast.com\/wordpress\/plugins\/seo\/ -->\n<title>G\u00e9o-Mines: innovation, expertise et durabilit\u00e9 - Geo Mines<\/title>\n<meta name=\"description\" content=\"G\u00e9o-Mines con\u00e7oit, fabrique et distribue des produits et de l\u2019\u00e9quipement pour le secteur minier. Innovation, expertise et durabilit\u00e9.\" \/>\n<meta name=\"robots\" content=\"index, follow, max-snippet:-1, max-image-preview:large, max-video-preview:-1\" \/>\n<link rel=\"canonical\" href=\"https:\/\/geo-mines.com\/fr\/a-propos\/\" \/>\n<meta property=\"og:locale\" content=\"fr_FR\" \/>\n<meta property=\"og:type\" content=\"article\" \/>\n<meta property=\"og:title\" content=\"G\u00e9o-Mines: innovation, expertise et durabilit\u00e9 - Geo Mines\" \/>\n<meta property=\"og:description\" content=\"G\u00e9o-Mines con\u00e7oit, fabrique et distribue des produits et de l\u2019\u00e9quipement pour le secteur minier. Innovation, expertise et durabilit\u00e9.\" \/>\n<meta property=\"og:url\" content=\"https:\/\/geo-mines.com\/fr\/a-propos\/\" \/>\n<meta property=\"og:site_name\" content=\"Geo Mines\" \/>\n<meta property=\"article:modified_time\" content=\"2024-07-17T17:41:03+00:00\" \/>\n<meta name=\"twitter:card\" content=\"summary_large_image\" \/>\n<meta name=\"twitter:label1\" content=\"Dur\u00e9e de lecture estim\u00e9e\" \/>\n\t<meta name=\"twitter:data1\" content=\"2 minutes\" \/>\n<script type=\"application\/ld+json\" class=\"yoast-schema-graph\">{\"@context\":\"https:\/\/schema.org\",\"@graph\":[{\"@type\":\"WebPage\",\"@id\":\"https:\/\/geo-mines.com\/fr\/a-propos\/\",\"url\":\"https:\/\/geo-mines.com\/fr\/a-propos\/\",\"name\":\"G\u00e9o-Mines: innovation, expertise et durabilit\u00e9 - Geo Mines\",\"isPartOf\":{\"@id\":\"https:\/\/geo-mines.com\/fr\/#website\"},\"datePublished\":\"2023-11-21T13:06:00+00:00\",\"dateModified\":\"2024-07-17T17:41:03+00:00\",\"description\":\"G\u00e9o-Mines con\u00e7oit, fabrique et distribue des produits et de l\u2019\u00e9quipement pour le secteur minier. Innovation, expertise et durabilit\u00e9.\",\"breadcrumb\":{\"@id\":\"https:\/\/geo-mines.com\/fr\/a-propos\/#breadcrumb\"},\"inLanguage\":\"fr-FR\",\"potentialAction\":[{\"@type\":\"ReadAction\",\"target\":[\"https:\/\/geo-mines.com\/fr\/a-propos\/\"]}]},{\"@type\":\"BreadcrumbList\",\"@id\":\"https:\/\/geo-mines.com\/fr\/a-propos\/#breadcrumb\",\"itemListElement\":[{\"@type\":\"ListItem\",\"position\":1,\"name\":\"Home\",\"item\":\"https:\/\/geo-mines.com\/fr\/\"},{\"@type\":\"ListItem\",\"position\":2,\"name\":\"G\u00e9o-Mines: innovation, expertise et durabilit\u00e9\"}]},{\"@type\":\"WebSite\",\"@id\":\"https:\/\/geo-mines.com\/fr\/#website\",\"url\":\"https:\/\/geo-mines.com\/fr\/\",\"name\":\"Geo Mines\",\"description\":\"\",\"publisher\":{\"@id\":\"https:\/\/geo-mines.com\/fr\/#organization\"},\"potentialAction\":[{\"@type\":\"SearchAction\",\"target\":{\"@type\":\"EntryPoint\",\"urlTemplate\":\"https:\/\/geo-mines.com\/fr\/?s={search_term_string}\"},\"query-input\":{\"@type\":\"PropertyValueSpecification\",\"valueRequired\":true,\"valueName\":\"search_term_string\"}}],\"inLanguage\":\"fr-FR\"},{\"@type\":\"Organization\",\"@id\":\"https:\/\/geo-mines.com\/fr\/#organization\",\"name\":\"Geo Mines\",\"url\":\"https:\/\/geo-mines.com\/fr\/\",\"logo\":{\"@type\":\"ImageObject\",\"inLanguage\":\"fr-FR\",\"@id\":\"https:\/\/geo-mines.com\/fr\/#\/schema\/logo\/image\/\",\"url\":\"https:\/\/geo-mines.com\/wp-content\/uploads\/2022\/09\/logo-white-1.png\",\"contentUrl\":\"https:\/\/geo-mines.com\/wp-content\/uploads\/2022\/09\/logo-white-1.png\",\"width\":720,\"height\":480,\"caption\":\"Geo Mines\"},\"image\":{\"@id\":\"https:\/\/geo-mines.com\/fr\/#\/schema\/logo\/image\/\"}}]}<\/script>\n<!-- \/ Yoast SEO plugin. -->","yoast_head_json":{"title":"G\u00e9o-Mines: innovation, expertise et durabilit\u00e9 - Geo Mines","description":"G\u00e9o-Mines con\u00e7oit, fabrique et distribue des produits et de l\u2019\u00e9quipement pour le secteur minier. Innovation, expertise et durabilit\u00e9.","robots":{"index":"index","follow":"follow","max-snippet":"max-snippet:-1","max-image-preview":"max-image-preview:large","max-video-preview":"max-video-preview:-1"},"canonical":"https:\/\/geo-mines.com\/fr\/a-propos\/","og_locale":"fr_FR","og_type":"article","og_title":"G\u00e9o-Mines: innovation, expertise et durabilit\u00e9 - Geo Mines","og_description":"G\u00e9o-Mines con\u00e7oit, fabrique et distribue des produits et de l\u2019\u00e9quipement pour le secteur minier. Innovation, expertise et durabilit\u00e9.","og_url":"https:\/\/geo-mines.com\/fr\/a-propos\/","og_site_name":"Geo Mines","article_modified_time":"2024-07-17T17:41:03+00:00","twitter_card":"summary_large_image","twitter_misc":{"Dur\u00e9e de lecture estim\u00e9e":"2 minutes"},"schema":{"@context":"https:\/\/schema.org","@graph":[{"@type":"WebPage","@id":"https:\/\/geo-mines.com\/fr\/a-propos\/","url":"https:\/\/geo-mines.com\/fr\/a-propos\/","name":"G\u00e9o-Mines: innovation, expertise et durabilit\u00e9 - Geo Mines","isPartOf":{"@id":"https:\/\/geo-mines.com\/fr\/#website"},"datePublished":"2023-11-21T13:06:00+00:00","dateModified":"2024-07-17T17:41:03+00:00","description":"G\u00e9o-Mines con\u00e7oit, fabrique et distribue des produits et de l\u2019\u00e9quipement pour le secteur minier. Innovation, expertise et durabilit\u00e9.","breadcrumb":{"@id":"https:\/\/geo-mines.com\/fr\/a-propos\/#breadcrumb"},"inLanguage":"fr-FR","potentialAction":[{"@type":"ReadAction","target":["https:\/\/geo-mines.com\/fr\/a-propos\/"]}]},{"@type":"BreadcrumbList","@id":"https:\/\/geo-mines.com\/fr\/a-propos\/#breadcrumb","itemListElement":[{"@type":"ListItem","position":1,"name":"Home","item":"https:\/\/geo-mines.com\/fr\/"},{"@type":"ListItem","position":2,"name":"G\u00e9o-Mines: innovation, expertise et durabilit\u00e9"}]},{"@type":"WebSite","@id":"https:\/\/geo-mines.com\/fr\/#website","url":"https:\/\/geo-mines.com\/fr\/","name":"Geo Mines","description":"","publisher":{"@id":"https:\/\/geo-mines.com\/fr\/#organization"},"potentialAction":[{"@type":"SearchAction","target":{"@type":"EntryPoint","urlTemplate":"https:\/\/geo-mines.com\/fr\/?s={search_term_string}"},"query-input":{"@type":"PropertyValueSpecification","valueRequired":true,"valueName":"search_term_string"}}],"inLanguage":"fr-FR"},{"@type":"Organization","@id":"https:\/\/geo-mines.com\/fr\/#organization","name":"Geo Mines","url":"https:\/\/geo-mines.com\/fr\/","logo":{"@type":"ImageObject","inLanguage":"fr-FR","@id":"https:\/\/geo-mines.com\/fr\/#\/schema\/logo\/image\/","url":"https:\/\/geo-mines.com\/wp-content\/uploads\/2022\/09\/logo-white-1.png","contentUrl":"https:\/\/geo-mines.com\/wp-content\/uploads\/2022\/09\/logo-white-1.png","width":720,"height":480,"caption":"Geo Mines"},"image":{"@id":"https:\/\/geo-mines.com\/fr\/#\/schema\/logo\/image\/"}}]}},"_links":{"self":[{"href":"https:\/\/geo-mines.com\/fr\/wp-json\/wp\/v2\/pages\/1723","targetHints":{"allow":["GET"]}}],"collection":[{"href":"https:\/\/geo-mines.com\/fr\/wp-json\/wp\/v2\/pages"}],"about":[{"href":"https:\/\/geo-mines.com\/fr\/wp-json\/wp\/v2\/types\/page"}],"author":[{"embeddable":true,"href":"https:\/\/geo-mines.com\/fr\/wp-json\/wp\/v2\/users\/5"}],"replies":[{"embeddable":true,"href":"https:\/\/geo-mines.com\/fr\/wp-json\/wp\/v2\/comments?post=1723"}],"version-history":[{"count":14,"href":"https:\/\/geo-mines.com\/fr\/wp-json\/wp\/v2\/pages\/1723\/revisions"}],"predecessor-version":[{"id":2219,"href":"https:\/\/geo-mines.com\/fr\/wp-json\/wp\/v2\/pages\/1723\/revisions\/2219"}],"wp:attachment":[{"href":"https:\/\/geo-mines.com\/fr\/wp-json\/wp\/v2\/media?parent=1723"}],"curies":[{"name":"wp","href":"https:\/\/api.w.org\/{rel}","templated":true}]}}