{"id":1226,"date":"2023-05-02T14:18:58","date_gmt":"2023-05-02T19:18:58","guid":{"rendered":"https:\/\/geo-mines.com\/product\/reaming-shell-nwl-18-std-big-pads\/"},"modified":"2024-05-18T22:30:30","modified_gmt":"2024-05-18T22:30:30","slug":"reaming-shell-nwl-18","status":"publish","type":"product","link":"https:\/\/geo-mines.com\/fr\/produit\/reaming-shell-nwl-18\/","title":{"rendered":"Reaming shell NWL 18&Prime; std big pads"},"content":{"rendered":"<p>Manchon diamant\u00e9 haute performance de s\u00e9rie X-CORE, utilise des diamants synth\u00e9tiques pour une haute performances avec des bagues plus larges. Designer au Canada pour des projets aux multiples conditions rocheuses.<\/p>\n<div class=\"wp-block-group is-layout-constrained wp-block-group-is-layout-constrained\">\n<div class=\"wp-block-group__inner-container\">\n<h5 class=\"wp-block-heading\">Avantages principaux des manchons X-CORE de G\u00e9o-Mines :<\/h5>\n<\/div>\n<\/div>\n<ul>\n<li><strong>Durabilit\u00e9 exceptionnelle :<\/strong> R\u00e9sistent \u00e0 l\u2019abrasion et \u00e0 la d\u00e9formation gr\u00e2ce aux bandes de carbure. Ils maximisent la dur\u00e9e de vie, minimisent le temps de tirer et maximisent le temps de forage.<\/li>\n<li><strong>Adaptabilit\u00e9 :<\/strong> Compatible avec les dimensions standard de forage au diamant pour une utilisation facile et versatile.<\/li>\n<li><strong>Polyvalence et r\u00e9duction de d\u00e9viation: <\/strong>Fonctionne avec diff\u00e9rents types de conditions rocheuses et r\u00e9duit la d\u00e9viation des trous.<\/li>\n<li><strong>Rentabilit\u00e9 :<\/strong> Leur dur\u00e9e de vie, leurs performances fiables, leurs co\u00fbts comp\u00e9titifs permettent un retour sur investissement tangible.<\/li>\n<\/ul>\n","protected":false},"excerpt":{"rendered":"<p>https:\/\/geo-mines.com\/fr\/manchons-aleseurs-geo-mines-x-core\/<\/p>\n","protected":false},"featured_media":1505,"template":"","meta":{"_acf_changed":false,"inline_featured_image":false},"product_brand":[],"product_cat":[48],"product_tag":[],"class_list":{"0":"post-1226","1":"product","2":"type-product","3":"status-publish","4":"has-post-thumbnail","6":"product_cat-outils-diamantes","7":"sales-flash-overlay","8":"woocommerce-text-align-left","9":"woocommerce-image-align-center","10":"do-quantity-buttons","12":"first","13":"outofstock","14":"taxable","15":"shipping-taxable","16":"product-type-simple"},"acf":[],"yoast_head":"<!-- This site is optimized with the Yoast SEO plugin v24.4 - https:\/\/yoast.com\/wordpress\/plugins\/seo\/ -->\n<title>Reaming shell NWL 18&quot; std big pads - Geo Mines<\/title>\n<meta name=\"robots\" content=\"index, follow, max-snippet:-1, max-image-preview:large, max-video-preview:-1\" \/>\n<link rel=\"canonical\" href=\"https:\/\/geo-mines.com\/fr\/produit\/reaming-shell-nwl-18\/\" \/>\n<meta property=\"og:locale\" content=\"fr_FR\" \/>\n<meta property=\"og:type\" content=\"article\" \/>\n<meta property=\"og:title\" content=\"Reaming shell NWL 18&quot; std big pads - Geo Mines\" \/>\n<meta property=\"og:description\" content=\"https:\/\/geo-mines.com\/fr\/manchons-aleseurs-geo-mines-x-core\/\" \/>\n<meta property=\"og:url\" content=\"https:\/\/geo-mines.com\/fr\/produit\/reaming-shell-nwl-18\/\" \/>\n<meta property=\"og:site_name\" content=\"Geo Mines\" \/>\n<meta property=\"article:modified_time\" content=\"2024-05-18T22:30:30+00:00\" \/>\n<meta property=\"og:image\" content=\"https:\/\/geo-mines.com\/wp-content\/uploads\/2023\/09\/GRAND-TUYAU-scaled.jpg\" \/>\n\t<meta property=\"og:image:width\" content=\"2560\" \/>\n\t<meta property=\"og:image:height\" content=\"2560\" \/>\n\t<meta property=\"og:image:type\" content=\"image\/jpeg\" \/>\n<meta name=\"twitter:card\" content=\"summary_large_image\" \/>\n<meta name=\"twitter:label1\" content=\"Dur\u00e9e de lecture estim\u00e9e\" \/>\n\t<meta name=\"twitter:data1\" content=\"1 minute\" \/>\n<script type=\"application\/ld+json\" class=\"yoast-schema-graph\">{\"@context\":\"https:\/\/schema.org\",\"@graph\":[{\"@type\":\"WebPage\",\"@id\":\"https:\/\/geo-mines.com\/fr\/produit\/reaming-shell-nwl-18\/\",\"url\":\"https:\/\/geo-mines.com\/fr\/produit\/reaming-shell-nwl-18\/\",\"name\":\"Reaming shell NWL 18\\\" std big pads - Geo Mines\",\"isPartOf\":{\"@id\":\"https:\/\/geo-mines.com\/fr\/#website\"},\"primaryImageOfPage\":{\"@id\":\"https:\/\/geo-mines.com\/fr\/produit\/reaming-shell-nwl-18\/#primaryimage\"},\"image\":{\"@id\":\"https:\/\/geo-mines.com\/fr\/produit\/reaming-shell-nwl-18\/#primaryimage\"},\"thumbnailUrl\":\"https:\/\/geo-mines.com\/wp-content\/uploads\/2023\/09\/GRAND-TUYAU-scaled.jpg\",\"datePublished\":\"2023-05-02T19:18:58+00:00\",\"dateModified\":\"2024-05-18T22:30:30+00:00\",\"breadcrumb\":{\"@id\":\"https:\/\/geo-mines.com\/fr\/produit\/reaming-shell-nwl-18\/#breadcrumb\"},\"inLanguage\":\"fr-FR\",\"potentialAction\":[{\"@type\":\"ReadAction\",\"target\":[\"https:\/\/geo-mines.com\/fr\/produit\/reaming-shell-nwl-18\/\"]}]},{\"@type\":\"ImageObject\",\"inLanguage\":\"fr-FR\",\"@id\":\"https:\/\/geo-mines.com\/fr\/produit\/reaming-shell-nwl-18\/#primaryimage\",\"url\":\"https:\/\/geo-mines.com\/wp-content\/uploads\/2023\/09\/GRAND-TUYAU-scaled.jpg\",\"contentUrl\":\"https:\/\/geo-mines.com\/wp-content\/uploads\/2023\/09\/GRAND-TUYAU-scaled.jpg\",\"width\":2560,\"height\":2560},{\"@type\":\"BreadcrumbList\",\"@id\":\"https:\/\/geo-mines.com\/fr\/produit\/reaming-shell-nwl-18\/#breadcrumb\",\"itemListElement\":[{\"@type\":\"ListItem\",\"position\":1,\"name\":\"Home\",\"item\":\"https:\/\/geo-mines.com\/fr\/\"},{\"@type\":\"ListItem\",\"position\":2,\"name\":\"Boutique\",\"item\":\"https:\/\/geo-mines.com\/fr\/boutique\/\"},{\"@type\":\"ListItem\",\"position\":3,\"name\":\"Reaming shell NWL 18&#8243; std big pads\"}]},{\"@type\":\"WebSite\",\"@id\":\"https:\/\/geo-mines.com\/fr\/#website\",\"url\":\"https:\/\/geo-mines.com\/fr\/\",\"name\":\"Geo Mines\",\"description\":\"\",\"publisher\":{\"@id\":\"https:\/\/geo-mines.com\/fr\/#organization\"},\"potentialAction\":[{\"@type\":\"SearchAction\",\"target\":{\"@type\":\"EntryPoint\",\"urlTemplate\":\"https:\/\/geo-mines.com\/fr\/?s={search_term_string}\"},\"query-input\":{\"@type\":\"PropertyValueSpecification\",\"valueRequired\":true,\"valueName\":\"search_term_string\"}}],\"inLanguage\":\"fr-FR\"},{\"@type\":\"Organization\",\"@id\":\"https:\/\/geo-mines.com\/fr\/#organization\",\"name\":\"Geo Mines\",\"url\":\"https:\/\/geo-mines.com\/fr\/\",\"logo\":{\"@type\":\"ImageObject\",\"inLanguage\":\"fr-FR\",\"@id\":\"https:\/\/geo-mines.com\/fr\/#\/schema\/logo\/image\/\",\"url\":\"https:\/\/geo-mines.com\/wp-content\/uploads\/2022\/09\/logo-white-1.png\",\"contentUrl\":\"https:\/\/geo-mines.com\/wp-content\/uploads\/2022\/09\/logo-white-1.png\",\"width\":720,\"height\":480,\"caption\":\"Geo Mines\"},\"image\":{\"@id\":\"https:\/\/geo-mines.com\/fr\/#\/schema\/logo\/image\/\"}}]}<\/script>\n<!-- \/ Yoast SEO plugin. -->","yoast_head_json":{"title":"Reaming shell NWL 18\" std big pads - Geo Mines","robots":{"index":"index","follow":"follow","max-snippet":"max-snippet:-1","max-image-preview":"max-image-preview:large","max-video-preview":"max-video-preview:-1"},"canonical":"https:\/\/geo-mines.com\/fr\/produit\/reaming-shell-nwl-18\/","og_locale":"fr_FR","og_type":"article","og_title":"Reaming shell NWL 18\" std big pads - Geo Mines","og_description":"https:\/\/geo-mines.com\/fr\/manchons-aleseurs-geo-mines-x-core\/","og_url":"https:\/\/geo-mines.com\/fr\/produit\/reaming-shell-nwl-18\/","og_site_name":"Geo Mines","article_modified_time":"2024-05-18T22:30:30+00:00","og_image":[{"width":2560,"height":2560,"url":"https:\/\/geo-mines.com\/wp-content\/uploads\/2023\/09\/GRAND-TUYAU-scaled.jpg","type":"image\/jpeg"}],"twitter_card":"summary_large_image","twitter_misc":{"Dur\u00e9e de lecture estim\u00e9e":"1 minute"},"schema":{"@context":"https:\/\/schema.org","@graph":[{"@type":"WebPage","@id":"https:\/\/geo-mines.com\/fr\/produit\/reaming-shell-nwl-18\/","url":"https:\/\/geo-mines.com\/fr\/produit\/reaming-shell-nwl-18\/","name":"Reaming shell NWL 18\" std big pads - Geo Mines","isPartOf":{"@id":"https:\/\/geo-mines.com\/fr\/#website"},"primaryImageOfPage":{"@id":"https:\/\/geo-mines.com\/fr\/produit\/reaming-shell-nwl-18\/#primaryimage"},"image":{"@id":"https:\/\/geo-mines.com\/fr\/produit\/reaming-shell-nwl-18\/#primaryimage"},"thumbnailUrl":"https:\/\/geo-mines.com\/wp-content\/uploads\/2023\/09\/GRAND-TUYAU-scaled.jpg","datePublished":"2023-05-02T19:18:58+00:00","dateModified":"2024-05-18T22:30:30+00:00","breadcrumb":{"@id":"https:\/\/geo-mines.com\/fr\/produit\/reaming-shell-nwl-18\/#breadcrumb"},"inLanguage":"fr-FR","potentialAction":[{"@type":"ReadAction","target":["https:\/\/geo-mines.com\/fr\/produit\/reaming-shell-nwl-18\/"]}]},{"@type":"ImageObject","inLanguage":"fr-FR","@id":"https:\/\/geo-mines.com\/fr\/produit\/reaming-shell-nwl-18\/#primaryimage","url":"https:\/\/geo-mines.com\/wp-content\/uploads\/2023\/09\/GRAND-TUYAU-scaled.jpg","contentUrl":"https:\/\/geo-mines.com\/wp-content\/uploads\/2023\/09\/GRAND-TUYAU-scaled.jpg","width":2560,"height":2560},{"@type":"BreadcrumbList","@id":"https:\/\/geo-mines.com\/fr\/produit\/reaming-shell-nwl-18\/#breadcrumb","itemListElement":[{"@type":"ListItem","position":1,"name":"Home","item":"https:\/\/geo-mines.com\/fr\/"},{"@type":"ListItem","position":2,"name":"Boutique","item":"https:\/\/geo-mines.com\/fr\/boutique\/"},{"@type":"ListItem","position":3,"name":"Reaming shell NWL 18&#8243; std big pads"}]},{"@type":"WebSite","@id":"https:\/\/geo-mines.com\/fr\/#website","url":"https:\/\/geo-mines.com\/fr\/","name":"Geo Mines","description":"","publisher":{"@id":"https:\/\/geo-mines.com\/fr\/#organization"},"potentialAction":[{"@type":"SearchAction","target":{"@type":"EntryPoint","urlTemplate":"https:\/\/geo-mines.com\/fr\/?s={search_term_string}"},"query-input":{"@type":"PropertyValueSpecification","valueRequired":true,"valueName":"search_term_string"}}],"inLanguage":"fr-FR"},{"@type":"Organization","@id":"https:\/\/geo-mines.com\/fr\/#organization","name":"Geo Mines","url":"https:\/\/geo-mines.com\/fr\/","logo":{"@type":"ImageObject","inLanguage":"fr-FR","@id":"https:\/\/geo-mines.com\/fr\/#\/schema\/logo\/image\/","url":"https:\/\/geo-mines.com\/wp-content\/uploads\/2022\/09\/logo-white-1.png","contentUrl":"https:\/\/geo-mines.com\/wp-content\/uploads\/2022\/09\/logo-white-1.png","width":720,"height":480,"caption":"Geo Mines"},"image":{"@id":"https:\/\/geo-mines.com\/fr\/#\/schema\/logo\/image\/"}}]}},"_links":{"self":[{"href":"https:\/\/geo-mines.com\/fr\/wp-json\/wp\/v2\/product\/1226","targetHints":{"allow":["GET"]}}],"collection":[{"href":"https:\/\/geo-mines.com\/fr\/wp-json\/wp\/v2\/product"}],"about":[{"href":"https:\/\/geo-mines.com\/fr\/wp-json\/wp\/v2\/types\/product"}],"wp:featuredmedia":[{"embeddable":true,"href":"https:\/\/geo-mines.com\/fr\/wp-json\/wp\/v2\/media\/1505"}],"wp:attachment":[{"href":"https:\/\/geo-mines.com\/fr\/wp-json\/wp\/v2\/media?parent=1226"}],"wp:term":[{"taxonomy":"product_brand","embeddable":true,"href":"https:\/\/geo-mines.com\/fr\/wp-json\/wp\/v2\/product_brand?post=1226"},{"taxonomy":"product_cat","embeddable":true,"href":"https:\/\/geo-mines.com\/fr\/wp-json\/wp\/v2\/product_cat?post=1226"},{"taxonomy":"product_tag","embeddable":true,"href":"https:\/\/geo-mines.com\/fr\/wp-json\/wp\/v2\/product_tag?post=1226"}],"curies":[{"name":"wp","href":"https:\/\/api.w.org\/{rel}","templated":true}]}}