{"id":1242,"date":"2023-05-02T15:04:04","date_gmt":"2023-05-02T20:04:04","guid":{"rendered":"https:\/\/geo-mines.com\/product\/jaws-boyles-hwl-9-per-set\/"},"modified":"2025-11-30T21:27:41","modified_gmt":"2025-12-01T02:27:41","slug":"jaws-boyles-hwl","status":"publish","type":"product","link":"https:\/\/geo-mines.com\/fr\/produit\/jaws-boyles-hwl\/","title":{"rendered":"12HH set de jaws HW\/HWL\/HQ ROD \/ NW CSG 12.5"},"content":{"rendered":"<p><strong>Set de machoires 12HH 3 Hole Jaw Set, HW\/HWL\/HQ ROD \/ NW CSG 12.5<\/strong><\/p>\n<p><strong>Interchange num\u00e9ros de pi\u00e8ces: 30-16-03 ,2920396, 18100145<\/strong><\/p>\n<div>Gr\u00e2ce \u00e0 nos proc\u00e9d\u00e9s modernes de fabrication et \u00e0 nos contr\u00f4les de qualit\u00e9 serr\u00e9s, nos Jaws offrent une\u00a0performance exemplaire, tout en demeurant\u00a0hautement comp\u00e9titives au niveau du co\u00fbt.<br \/>\nPour les \u00e9quipes de forage, c\u2019est plus qu\u2019un simple consommable : c\u2019est une\u00a0solution fiable, stable et efficace, con\u00e7ue pour r\u00e9duire les arr\u00eats, optimiser le rendement et offrir une exp\u00e9rience de forage r\u00e9ellement\u00a0r\u00e9volutionnaire.<\/div>\n<div><b>\u00a0<\/b><\/div>\n<div><b>Des Jaws con\u00e7ues pour performer.<\/b><br \/>\nNos Jaws de haute pr\u00e9cision offrent une prise maximale, une durabilit\u00e9 sup\u00e9rieure et une constance de performance. Alliant qualit\u00e9, prix comp\u00e9titif et ing\u00e9nierie moderne, elles repr\u00e9sentent une solution durable pour le forage au diamant<\/div>\n","protected":false},"excerpt":{"rendered":"<p>Nous proposons une gamme compl\u00e8te de\u00a0Jaws de haute qualit\u00e9, fabriqu\u00e9es selon des standards rigoureux pour offrir une\u00a0r\u00e9sistance exceptionnelle, une\u00a0long\u00e9vit\u00e9 accrue\u00a0et une\u00a0prise constante, m\u00eame dans les environnements les plus exigeants.<\/p>\n","protected":false},"featured_media":1507,"template":"","meta":{"_acf_changed":false,"inline_featured_image":false},"product_brand":[],"product_cat":[53],"product_tag":[],"class_list":{"0":"post-1242","1":"product","2":"type-product","3":"status-publish","4":"has-post-thumbnail","6":"product_cat-jaws-machoires-fr","7":"sales-flash-overlay","8":"woocommerce-text-align-left","9":"woocommerce-image-align-center","10":"do-quantity-buttons","12":"first","13":"outofstock","14":"taxable","15":"shipping-taxable","16":"product-type-simple"},"acf":[],"yoast_head":"<!-- This site is optimized with the Yoast SEO plugin v24.4 - https:\/\/yoast.com\/wordpress\/plugins\/seo\/ -->\n<title>12HH set de jaws HW\/HWL\/HQ ROD \/ NW CSG 12.5 - Geo Mines<\/title>\n<meta name=\"robots\" content=\"index, follow, max-snippet:-1, max-image-preview:large, max-video-preview:-1\" \/>\n<link rel=\"canonical\" href=\"https:\/\/geo-mines.com\/fr\/produit\/jaws-boyles-hwl\/\" \/>\n<meta property=\"og:locale\" content=\"fr_FR\" \/>\n<meta property=\"og:type\" content=\"article\" \/>\n<meta property=\"og:title\" content=\"12HH set de jaws HW\/HWL\/HQ ROD \/ NW CSG 12.5 - Geo Mines\" \/>\n<meta property=\"og:description\" content=\"Nous proposons une gamme compl\u00e8te de\u00a0Jaws de haute qualit\u00e9, fabriqu\u00e9es selon des standards rigoureux pour offrir une\u00a0r\u00e9sistance exceptionnelle, une\u00a0long\u00e9vit\u00e9 accrue\u00a0et une\u00a0prise constante, m\u00eame dans les environnements les plus exigeants.\" \/>\n<meta property=\"og:url\" content=\"https:\/\/geo-mines.com\/fr\/produit\/jaws-boyles-hwl\/\" \/>\n<meta property=\"og:site_name\" content=\"Geo Mines\" \/>\n<meta property=\"article:modified_time\" content=\"2025-12-01T02:27:41+00:00\" \/>\n<meta property=\"og:image\" content=\"https:\/\/geo-mines.com\/wp-content\/uploads\/2023\/09\/LARAIGNEE.jpg\" \/>\n\t<meta property=\"og:image:width\" content=\"2441\" \/>\n\t<meta property=\"og:image:height\" content=\"2441\" \/>\n\t<meta property=\"og:image:type\" content=\"image\/jpeg\" \/>\n<meta name=\"twitter:card\" content=\"summary_large_image\" \/>\n<meta name=\"twitter:label1\" content=\"Dur\u00e9e de lecture estim\u00e9e\" \/>\n\t<meta name=\"twitter:data1\" content=\"1 minute\" \/>\n<script type=\"application\/ld+json\" class=\"yoast-schema-graph\">{\"@context\":\"https:\/\/schema.org\",\"@graph\":[{\"@type\":\"WebPage\",\"@id\":\"https:\/\/geo-mines.com\/fr\/produit\/jaws-boyles-hwl\/\",\"url\":\"https:\/\/geo-mines.com\/fr\/produit\/jaws-boyles-hwl\/\",\"name\":\"12HH set de jaws HW\/HWL\/HQ ROD \/ NW CSG 12.5 - Geo Mines\",\"isPartOf\":{\"@id\":\"https:\/\/geo-mines.com\/fr\/#website\"},\"primaryImageOfPage\":{\"@id\":\"https:\/\/geo-mines.com\/fr\/produit\/jaws-boyles-hwl\/#primaryimage\"},\"image\":{\"@id\":\"https:\/\/geo-mines.com\/fr\/produit\/jaws-boyles-hwl\/#primaryimage\"},\"thumbnailUrl\":\"https:\/\/geo-mines.com\/wp-content\/uploads\/2023\/09\/LARAIGNEE.jpg\",\"datePublished\":\"2023-05-02T20:04:04+00:00\",\"dateModified\":\"2025-12-01T02:27:41+00:00\",\"breadcrumb\":{\"@id\":\"https:\/\/geo-mines.com\/fr\/produit\/jaws-boyles-hwl\/#breadcrumb\"},\"inLanguage\":\"fr-FR\",\"potentialAction\":[{\"@type\":\"ReadAction\",\"target\":[\"https:\/\/geo-mines.com\/fr\/produit\/jaws-boyles-hwl\/\"]}]},{\"@type\":\"ImageObject\",\"inLanguage\":\"fr-FR\",\"@id\":\"https:\/\/geo-mines.com\/fr\/produit\/jaws-boyles-hwl\/#primaryimage\",\"url\":\"https:\/\/geo-mines.com\/wp-content\/uploads\/2023\/09\/LARAIGNEE.jpg\",\"contentUrl\":\"https:\/\/geo-mines.com\/wp-content\/uploads\/2023\/09\/LARAIGNEE.jpg\",\"width\":2441,\"height\":2441},{\"@type\":\"BreadcrumbList\",\"@id\":\"https:\/\/geo-mines.com\/fr\/produit\/jaws-boyles-hwl\/#breadcrumb\",\"itemListElement\":[{\"@type\":\"ListItem\",\"position\":1,\"name\":\"Home\",\"item\":\"https:\/\/geo-mines.com\/fr\/\"},{\"@type\":\"ListItem\",\"position\":2,\"name\":\"Boutique\",\"item\":\"https:\/\/geo-mines.com\/fr\/boutique\/\"},{\"@type\":\"ListItem\",\"position\":3,\"name\":\"12HH set de jaws HW\/HWL\/HQ ROD \/ NW CSG 12.5\"}]},{\"@type\":\"WebSite\",\"@id\":\"https:\/\/geo-mines.com\/fr\/#website\",\"url\":\"https:\/\/geo-mines.com\/fr\/\",\"name\":\"Geo Mines\",\"description\":\"\",\"publisher\":{\"@id\":\"https:\/\/geo-mines.com\/fr\/#organization\"},\"potentialAction\":[{\"@type\":\"SearchAction\",\"target\":{\"@type\":\"EntryPoint\",\"urlTemplate\":\"https:\/\/geo-mines.com\/fr\/?s={search_term_string}\"},\"query-input\":{\"@type\":\"PropertyValueSpecification\",\"valueRequired\":true,\"valueName\":\"search_term_string\"}}],\"inLanguage\":\"fr-FR\"},{\"@type\":\"Organization\",\"@id\":\"https:\/\/geo-mines.com\/fr\/#organization\",\"name\":\"Geo Mines\",\"url\":\"https:\/\/geo-mines.com\/fr\/\",\"logo\":{\"@type\":\"ImageObject\",\"inLanguage\":\"fr-FR\",\"@id\":\"https:\/\/geo-mines.com\/fr\/#\/schema\/logo\/image\/\",\"url\":\"https:\/\/geo-mines.com\/wp-content\/uploads\/2022\/09\/logo-white-1.png\",\"contentUrl\":\"https:\/\/geo-mines.com\/wp-content\/uploads\/2022\/09\/logo-white-1.png\",\"width\":720,\"height\":480,\"caption\":\"Geo Mines\"},\"image\":{\"@id\":\"https:\/\/geo-mines.com\/fr\/#\/schema\/logo\/image\/\"}}]}<\/script>\n<!-- \/ Yoast SEO plugin. -->","yoast_head_json":{"title":"12HH set de jaws HW\/HWL\/HQ ROD \/ NW CSG 12.5 - Geo Mines","robots":{"index":"index","follow":"follow","max-snippet":"max-snippet:-1","max-image-preview":"max-image-preview:large","max-video-preview":"max-video-preview:-1"},"canonical":"https:\/\/geo-mines.com\/fr\/produit\/jaws-boyles-hwl\/","og_locale":"fr_FR","og_type":"article","og_title":"12HH set de jaws HW\/HWL\/HQ ROD \/ NW CSG 12.5 - Geo Mines","og_description":"Nous proposons une gamme compl\u00e8te de\u00a0Jaws de haute qualit\u00e9, fabriqu\u00e9es selon des standards rigoureux pour offrir une\u00a0r\u00e9sistance exceptionnelle, une\u00a0long\u00e9vit\u00e9 accrue\u00a0et une\u00a0prise constante, m\u00eame dans les environnements les plus exigeants.","og_url":"https:\/\/geo-mines.com\/fr\/produit\/jaws-boyles-hwl\/","og_site_name":"Geo Mines","article_modified_time":"2025-12-01T02:27:41+00:00","og_image":[{"width":2441,"height":2441,"url":"https:\/\/geo-mines.com\/wp-content\/uploads\/2023\/09\/LARAIGNEE.jpg","type":"image\/jpeg"}],"twitter_card":"summary_large_image","twitter_misc":{"Dur\u00e9e de lecture estim\u00e9e":"1 minute"},"schema":{"@context":"https:\/\/schema.org","@graph":[{"@type":"WebPage","@id":"https:\/\/geo-mines.com\/fr\/produit\/jaws-boyles-hwl\/","url":"https:\/\/geo-mines.com\/fr\/produit\/jaws-boyles-hwl\/","name":"12HH set de jaws HW\/HWL\/HQ ROD \/ NW CSG 12.5 - Geo Mines","isPartOf":{"@id":"https:\/\/geo-mines.com\/fr\/#website"},"primaryImageOfPage":{"@id":"https:\/\/geo-mines.com\/fr\/produit\/jaws-boyles-hwl\/#primaryimage"},"image":{"@id":"https:\/\/geo-mines.com\/fr\/produit\/jaws-boyles-hwl\/#primaryimage"},"thumbnailUrl":"https:\/\/geo-mines.com\/wp-content\/uploads\/2023\/09\/LARAIGNEE.jpg","datePublished":"2023-05-02T20:04:04+00:00","dateModified":"2025-12-01T02:27:41+00:00","breadcrumb":{"@id":"https:\/\/geo-mines.com\/fr\/produit\/jaws-boyles-hwl\/#breadcrumb"},"inLanguage":"fr-FR","potentialAction":[{"@type":"ReadAction","target":["https:\/\/geo-mines.com\/fr\/produit\/jaws-boyles-hwl\/"]}]},{"@type":"ImageObject","inLanguage":"fr-FR","@id":"https:\/\/geo-mines.com\/fr\/produit\/jaws-boyles-hwl\/#primaryimage","url":"https:\/\/geo-mines.com\/wp-content\/uploads\/2023\/09\/LARAIGNEE.jpg","contentUrl":"https:\/\/geo-mines.com\/wp-content\/uploads\/2023\/09\/LARAIGNEE.jpg","width":2441,"height":2441},{"@type":"BreadcrumbList","@id":"https:\/\/geo-mines.com\/fr\/produit\/jaws-boyles-hwl\/#breadcrumb","itemListElement":[{"@type":"ListItem","position":1,"name":"Home","item":"https:\/\/geo-mines.com\/fr\/"},{"@type":"ListItem","position":2,"name":"Boutique","item":"https:\/\/geo-mines.com\/fr\/boutique\/"},{"@type":"ListItem","position":3,"name":"12HH set de jaws HW\/HWL\/HQ ROD \/ NW CSG 12.5"}]},{"@type":"WebSite","@id":"https:\/\/geo-mines.com\/fr\/#website","url":"https:\/\/geo-mines.com\/fr\/","name":"Geo Mines","description":"","publisher":{"@id":"https:\/\/geo-mines.com\/fr\/#organization"},"potentialAction":[{"@type":"SearchAction","target":{"@type":"EntryPoint","urlTemplate":"https:\/\/geo-mines.com\/fr\/?s={search_term_string}"},"query-input":{"@type":"PropertyValueSpecification","valueRequired":true,"valueName":"search_term_string"}}],"inLanguage":"fr-FR"},{"@type":"Organization","@id":"https:\/\/geo-mines.com\/fr\/#organization","name":"Geo Mines","url":"https:\/\/geo-mines.com\/fr\/","logo":{"@type":"ImageObject","inLanguage":"fr-FR","@id":"https:\/\/geo-mines.com\/fr\/#\/schema\/logo\/image\/","url":"https:\/\/geo-mines.com\/wp-content\/uploads\/2022\/09\/logo-white-1.png","contentUrl":"https:\/\/geo-mines.com\/wp-content\/uploads\/2022\/09\/logo-white-1.png","width":720,"height":480,"caption":"Geo Mines"},"image":{"@id":"https:\/\/geo-mines.com\/fr\/#\/schema\/logo\/image\/"}}]}},"_links":{"self":[{"href":"https:\/\/geo-mines.com\/fr\/wp-json\/wp\/v2\/product\/1242","targetHints":{"allow":["GET"]}}],"collection":[{"href":"https:\/\/geo-mines.com\/fr\/wp-json\/wp\/v2\/product"}],"about":[{"href":"https:\/\/geo-mines.com\/fr\/wp-json\/wp\/v2\/types\/product"}],"wp:featuredmedia":[{"embeddable":true,"href":"https:\/\/geo-mines.com\/fr\/wp-json\/wp\/v2\/media\/1507"}],"wp:attachment":[{"href":"https:\/\/geo-mines.com\/fr\/wp-json\/wp\/v2\/media?parent=1242"}],"wp:term":[{"taxonomy":"product_brand","embeddable":true,"href":"https:\/\/geo-mines.com\/fr\/wp-json\/wp\/v2\/product_brand?post=1242"},{"taxonomy":"product_cat","embeddable":true,"href":"https:\/\/geo-mines.com\/fr\/wp-json\/wp\/v2\/product_cat?post=1242"},{"taxonomy":"product_tag","embeddable":true,"href":"https:\/\/geo-mines.com\/fr\/wp-json\/wp\/v2\/product_tag?post=1242"}],"curies":[{"name":"wp","href":"https:\/\/api.w.org\/{rel}","templated":true}]}}