{"id":1252,"date":"2023-05-02T15:41:11","date_gmt":"2023-05-02T20:41:11","guid":{"rendered":"https:\/\/geo-mines.com\/product\/pvc-gloves-green\/"},"modified":"2025-12-06T15:07:50","modified_gmt":"2025-12-06T20:07:50","slug":"pvc-gloves-green","status":"publish","type":"product","link":"https:\/\/geo-mines.com\/fr\/produit\/pvc-gloves-green\/","title":{"rendered":"Gants de travail en PVC \u2013 couverture compl\u00e8te avec fini sabl\u00e9"},"content":{"rendered":"<p data-start=\"645\" data-end=\"978\">Avec leur longueur de 35 cm, ils prot\u00e8gent non seulement la main, mais aussi l\u2019avant-bras \u2014 un avantage essentiel pour les travaux exigeants en milieux industriels, de maintenance, de nettoyage ou de construction. La taille 10 (XL) assure une bonne amplitude de mouvement et une excellente ergonomie, m\u00eame pour les mains plus larges.\u00a0 Style Showa vert.<\/p>\n<p data-start=\"980\" data-end=\"1170\">Sans latex, r\u00e9sistants et faciles \u00e0 nettoyer, ces gants de travail en PVC repr\u00e9sentent une solution \u00e9conomique et performante pour une utilisation quotidienne dans des conditions exigeantes.<\/p>\n<p data-start=\"1172\" data-end=\"1430\"><strong data-start=\"1172\" data-end=\"1260\">\u2714 Protection sup\u00e9rieure contre l\u2019humidit\u00e9, les huiles et certains produits chimiques<\/strong><br data-start=\"1260\" data-end=\"1263\" \/><strong data-start=\"1263\" data-end=\"1316\">\u2714 Enduction compl\u00e8te pour une durabilit\u00e9 maximale<\/strong><br data-start=\"1316\" data-end=\"1319\" \/><strong data-start=\"1319\" data-end=\"1369\">\u2714 Fini sabl\u00e9 pour une prise ferme et s\u00e9curis\u00e9e<\/strong><br data-start=\"1369\" data-end=\"1372\" \/><strong data-start=\"1372\" data-end=\"1428\">\u2714 Confortable, flexible et facile \u00e0 porter longtemps<\/strong><\/p>\n<p data-start=\"1172\" data-end=\"1430\">Prix en promotion boite de 60 paires minimum<\/p>\n","protected":false},"excerpt":{"rendered":"<p data-start=\"106\" data-end=\"194\"><strong data-start=\"106\" data-end=\"194\">Gants de travail en PVC \u2013 Enduction compl\u00e8te avec fini sabl\u00e9 (Taille 10 \/ XL, 35 cm)<\/strong><\/p>\n<p data-start=\"196\" data-end=\"329\">D\u00e9couvrez un gant robuste et polyvalent con\u00e7u pour offrir une excellente protection tout en assurant confort et libert\u00e9 de mouvement.<\/p>\n<p data-start=\"331\" data-end=\"643\">Ces gants sont enti\u00e8rement enduits de PVC, offrant une barri\u00e8re durable contre l\u2019eau, les huiles, les graisses et plusieurs produits chimiques courants. Leur fini sabl\u00e9 procure une adh\u00e9rence sup\u00e9rieure, m\u00eame dans les environnements humides ou huileux, permettant une manipulation pr\u00e9cise des outils et mat\u00e9riaux.<\/p>\n<p data-start=\"1172\" data-end=\"1430\">\n","protected":false},"featured_media":1644,"template":"","meta":{"_acf_changed":false,"inline_featured_image":false},"product_brand":[],"product_cat":[49],"product_tag":[],"class_list":{"0":"post-1252","1":"product","2":"type-product","3":"status-publish","4":"has-post-thumbnail","6":"product_cat-equipements-de-securite","7":"sales-flash-overlay","8":"woocommerce-text-align-left","9":"woocommerce-image-align-center","10":"do-quantity-buttons","12":"first","13":"instock","14":"taxable","15":"shipping-taxable","16":"purchasable","17":"product-type-simple"},"acf":[],"yoast_head":"<!-- This site is optimized with the Yoast SEO plugin v24.4 - https:\/\/yoast.com\/wordpress\/plugins\/seo\/ -->\n<title>Gants de travail en PVC \u2013 couverture compl\u00e8te avec fini sabl\u00e9 - Geo Mines<\/title>\n<meta name=\"description\" content=\"Avec leur longueur de 35 cm, ils prot\u00e8gent non seulement la main, mais aussi l\u2019avant-bras \u2014 un avantage essentiel pour les travaux exigeants en milieux industriels, de maintenance, de nettoyage ou de construction. La taille 10 (XL) assure une bonne amplitude de mouvement et une excellente ergonomie, m\u00eame pour les mains plus larges.\u00a0 Showa style glove long green.\" \/>\n<meta name=\"robots\" content=\"index, follow, max-snippet:-1, max-image-preview:large, max-video-preview:-1\" \/>\n<link rel=\"canonical\" href=\"https:\/\/geo-mines.com\/fr\/produit\/pvc-gloves-green\/\" \/>\n<meta property=\"og:locale\" content=\"fr_FR\" \/>\n<meta property=\"og:type\" content=\"article\" \/>\n<meta property=\"og:title\" content=\"Gants de travail en PVC \u2013 couverture compl\u00e8te avec fini sabl\u00e9 - Geo Mines\" \/>\n<meta property=\"og:description\" content=\"Avec leur longueur de 35 cm, ils prot\u00e8gent non seulement la main, mais aussi l\u2019avant-bras \u2014 un avantage essentiel pour les travaux exigeants en milieux industriels, de maintenance, de nettoyage ou de construction. La taille 10 (XL) assure une bonne amplitude de mouvement et une excellente ergonomie, m\u00eame pour les mains plus larges.\u00a0 Showa style glove long green.\" \/>\n<meta property=\"og:url\" content=\"https:\/\/geo-mines.com\/fr\/produit\/pvc-gloves-green\/\" \/>\n<meta property=\"og:site_name\" content=\"Geo Mines\" \/>\n<meta property=\"article:modified_time\" content=\"2025-12-06T20:07:50+00:00\" \/>\n<meta property=\"og:image\" content=\"https:\/\/geo-mines.com\/wp-content\/uploads\/2023\/05\/GANTS-VERTS-hybride.jpg\" \/>\n\t<meta property=\"og:image:width\" content=\"2000\" \/>\n\t<meta property=\"og:image:height\" content=\"1692\" \/>\n\t<meta property=\"og:image:type\" content=\"image\/jpeg\" \/>\n<meta name=\"twitter:card\" content=\"summary_large_image\" \/>\n<meta name=\"twitter:label1\" content=\"Dur\u00e9e de lecture estim\u00e9e\" \/>\n\t<meta name=\"twitter:data1\" content=\"1 minute\" \/>\n<script type=\"application\/ld+json\" class=\"yoast-schema-graph\">{\"@context\":\"https:\/\/schema.org\",\"@graph\":[{\"@type\":\"WebPage\",\"@id\":\"https:\/\/geo-mines.com\/fr\/produit\/pvc-gloves-green\/\",\"url\":\"https:\/\/geo-mines.com\/fr\/produit\/pvc-gloves-green\/\",\"name\":\"Gants de travail en PVC \u2013 couverture compl\u00e8te avec fini sabl\u00e9 - Geo Mines\",\"isPartOf\":{\"@id\":\"https:\/\/geo-mines.com\/fr\/#website\"},\"primaryImageOfPage\":{\"@id\":\"https:\/\/geo-mines.com\/fr\/produit\/pvc-gloves-green\/#primaryimage\"},\"image\":{\"@id\":\"https:\/\/geo-mines.com\/fr\/produit\/pvc-gloves-green\/#primaryimage\"},\"thumbnailUrl\":\"https:\/\/geo-mines.com\/wp-content\/uploads\/2023\/05\/GANTS-VERTS-hybride.jpg\",\"datePublished\":\"2023-05-02T20:41:11+00:00\",\"dateModified\":\"2025-12-06T20:07:50+00:00\",\"description\":\"Avec leur longueur de 35 cm, ils prot\u00e8gent non seulement la main, mais aussi l\u2019avant-bras \u2014 un avantage essentiel pour les travaux exigeants en milieux industriels, de maintenance, de nettoyage ou de construction. La taille 10 (XL) assure une bonne amplitude de mouvement et une excellente ergonomie, m\u00eame pour les mains plus larges.\u00a0 Showa style glove long green.\",\"breadcrumb\":{\"@id\":\"https:\/\/geo-mines.com\/fr\/produit\/pvc-gloves-green\/#breadcrumb\"},\"inLanguage\":\"fr-FR\",\"potentialAction\":[{\"@type\":\"ReadAction\",\"target\":[\"https:\/\/geo-mines.com\/fr\/produit\/pvc-gloves-green\/\"]}]},{\"@type\":\"ImageObject\",\"inLanguage\":\"fr-FR\",\"@id\":\"https:\/\/geo-mines.com\/fr\/produit\/pvc-gloves-green\/#primaryimage\",\"url\":\"https:\/\/geo-mines.com\/wp-content\/uploads\/2023\/05\/GANTS-VERTS-hybride.jpg\",\"contentUrl\":\"https:\/\/geo-mines.com\/wp-content\/uploads\/2023\/05\/GANTS-VERTS-hybride.jpg\",\"width\":2000,\"height\":1692},{\"@type\":\"BreadcrumbList\",\"@id\":\"https:\/\/geo-mines.com\/fr\/produit\/pvc-gloves-green\/#breadcrumb\",\"itemListElement\":[{\"@type\":\"ListItem\",\"position\":1,\"name\":\"Home\",\"item\":\"https:\/\/geo-mines.com\/fr\/\"},{\"@type\":\"ListItem\",\"position\":2,\"name\":\"Boutique\",\"item\":\"https:\/\/geo-mines.com\/fr\/boutique\/\"},{\"@type\":\"ListItem\",\"position\":3,\"name\":\"Gants de travail en PVC \u2013 couverture compl\u00e8te avec fini sabl\u00e9\"}]},{\"@type\":\"WebSite\",\"@id\":\"https:\/\/geo-mines.com\/fr\/#website\",\"url\":\"https:\/\/geo-mines.com\/fr\/\",\"name\":\"Geo Mines\",\"description\":\"\",\"publisher\":{\"@id\":\"https:\/\/geo-mines.com\/fr\/#organization\"},\"potentialAction\":[{\"@type\":\"SearchAction\",\"target\":{\"@type\":\"EntryPoint\",\"urlTemplate\":\"https:\/\/geo-mines.com\/fr\/?s={search_term_string}\"},\"query-input\":{\"@type\":\"PropertyValueSpecification\",\"valueRequired\":true,\"valueName\":\"search_term_string\"}}],\"inLanguage\":\"fr-FR\"},{\"@type\":\"Organization\",\"@id\":\"https:\/\/geo-mines.com\/fr\/#organization\",\"name\":\"Geo Mines\",\"url\":\"https:\/\/geo-mines.com\/fr\/\",\"logo\":{\"@type\":\"ImageObject\",\"inLanguage\":\"fr-FR\",\"@id\":\"https:\/\/geo-mines.com\/fr\/#\/schema\/logo\/image\/\",\"url\":\"https:\/\/geo-mines.com\/wp-content\/uploads\/2022\/09\/logo-white-1.png\",\"contentUrl\":\"https:\/\/geo-mines.com\/wp-content\/uploads\/2022\/09\/logo-white-1.png\",\"width\":720,\"height\":480,\"caption\":\"Geo Mines\"},\"image\":{\"@id\":\"https:\/\/geo-mines.com\/fr\/#\/schema\/logo\/image\/\"}}]}<\/script>\n<!-- \/ Yoast SEO plugin. -->","yoast_head_json":{"title":"Gants de travail en PVC \u2013 couverture compl\u00e8te avec fini sabl\u00e9 - Geo Mines","description":"Avec leur longueur de 35 cm, ils prot\u00e8gent non seulement la main, mais aussi l\u2019avant-bras \u2014 un avantage essentiel pour les travaux exigeants en milieux industriels, de maintenance, de nettoyage ou de construction. La taille 10 (XL) assure une bonne amplitude de mouvement et une excellente ergonomie, m\u00eame pour les mains plus larges.\u00a0 Showa style glove long green.","robots":{"index":"index","follow":"follow","max-snippet":"max-snippet:-1","max-image-preview":"max-image-preview:large","max-video-preview":"max-video-preview:-1"},"canonical":"https:\/\/geo-mines.com\/fr\/produit\/pvc-gloves-green\/","og_locale":"fr_FR","og_type":"article","og_title":"Gants de travail en PVC \u2013 couverture compl\u00e8te avec fini sabl\u00e9 - Geo Mines","og_description":"Avec leur longueur de 35 cm, ils prot\u00e8gent non seulement la main, mais aussi l\u2019avant-bras \u2014 un avantage essentiel pour les travaux exigeants en milieux industriels, de maintenance, de nettoyage ou de construction. La taille 10 (XL) assure une bonne amplitude de mouvement et une excellente ergonomie, m\u00eame pour les mains plus larges.\u00a0 Showa style glove long green.","og_url":"https:\/\/geo-mines.com\/fr\/produit\/pvc-gloves-green\/","og_site_name":"Geo Mines","article_modified_time":"2025-12-06T20:07:50+00:00","og_image":[{"width":2000,"height":1692,"url":"https:\/\/geo-mines.com\/wp-content\/uploads\/2023\/05\/GANTS-VERTS-hybride.jpg","type":"image\/jpeg"}],"twitter_card":"summary_large_image","twitter_misc":{"Dur\u00e9e de lecture estim\u00e9e":"1 minute"},"schema":{"@context":"https:\/\/schema.org","@graph":[{"@type":"WebPage","@id":"https:\/\/geo-mines.com\/fr\/produit\/pvc-gloves-green\/","url":"https:\/\/geo-mines.com\/fr\/produit\/pvc-gloves-green\/","name":"Gants de travail en PVC \u2013 couverture compl\u00e8te avec fini sabl\u00e9 - Geo Mines","isPartOf":{"@id":"https:\/\/geo-mines.com\/fr\/#website"},"primaryImageOfPage":{"@id":"https:\/\/geo-mines.com\/fr\/produit\/pvc-gloves-green\/#primaryimage"},"image":{"@id":"https:\/\/geo-mines.com\/fr\/produit\/pvc-gloves-green\/#primaryimage"},"thumbnailUrl":"https:\/\/geo-mines.com\/wp-content\/uploads\/2023\/05\/GANTS-VERTS-hybride.jpg","datePublished":"2023-05-02T20:41:11+00:00","dateModified":"2025-12-06T20:07:50+00:00","description":"Avec leur longueur de 35 cm, ils prot\u00e8gent non seulement la main, mais aussi l\u2019avant-bras \u2014 un avantage essentiel pour les travaux exigeants en milieux industriels, de maintenance, de nettoyage ou de construction. La taille 10 (XL) assure une bonne amplitude de mouvement et une excellente ergonomie, m\u00eame pour les mains plus larges.\u00a0 Showa style glove long green.","breadcrumb":{"@id":"https:\/\/geo-mines.com\/fr\/produit\/pvc-gloves-green\/#breadcrumb"},"inLanguage":"fr-FR","potentialAction":[{"@type":"ReadAction","target":["https:\/\/geo-mines.com\/fr\/produit\/pvc-gloves-green\/"]}]},{"@type":"ImageObject","inLanguage":"fr-FR","@id":"https:\/\/geo-mines.com\/fr\/produit\/pvc-gloves-green\/#primaryimage","url":"https:\/\/geo-mines.com\/wp-content\/uploads\/2023\/05\/GANTS-VERTS-hybride.jpg","contentUrl":"https:\/\/geo-mines.com\/wp-content\/uploads\/2023\/05\/GANTS-VERTS-hybride.jpg","width":2000,"height":1692},{"@type":"BreadcrumbList","@id":"https:\/\/geo-mines.com\/fr\/produit\/pvc-gloves-green\/#breadcrumb","itemListElement":[{"@type":"ListItem","position":1,"name":"Home","item":"https:\/\/geo-mines.com\/fr\/"},{"@type":"ListItem","position":2,"name":"Boutique","item":"https:\/\/geo-mines.com\/fr\/boutique\/"},{"@type":"ListItem","position":3,"name":"Gants de travail en PVC \u2013 couverture compl\u00e8te avec fini sabl\u00e9"}]},{"@type":"WebSite","@id":"https:\/\/geo-mines.com\/fr\/#website","url":"https:\/\/geo-mines.com\/fr\/","name":"Geo Mines","description":"","publisher":{"@id":"https:\/\/geo-mines.com\/fr\/#organization"},"potentialAction":[{"@type":"SearchAction","target":{"@type":"EntryPoint","urlTemplate":"https:\/\/geo-mines.com\/fr\/?s={search_term_string}"},"query-input":{"@type":"PropertyValueSpecification","valueRequired":true,"valueName":"search_term_string"}}],"inLanguage":"fr-FR"},{"@type":"Organization","@id":"https:\/\/geo-mines.com\/fr\/#organization","name":"Geo Mines","url":"https:\/\/geo-mines.com\/fr\/","logo":{"@type":"ImageObject","inLanguage":"fr-FR","@id":"https:\/\/geo-mines.com\/fr\/#\/schema\/logo\/image\/","url":"https:\/\/geo-mines.com\/wp-content\/uploads\/2022\/09\/logo-white-1.png","contentUrl":"https:\/\/geo-mines.com\/wp-content\/uploads\/2022\/09\/logo-white-1.png","width":720,"height":480,"caption":"Geo Mines"},"image":{"@id":"https:\/\/geo-mines.com\/fr\/#\/schema\/logo\/image\/"}}]}},"_links":{"self":[{"href":"https:\/\/geo-mines.com\/fr\/wp-json\/wp\/v2\/product\/1252","targetHints":{"allow":["GET"]}}],"collection":[{"href":"https:\/\/geo-mines.com\/fr\/wp-json\/wp\/v2\/product"}],"about":[{"href":"https:\/\/geo-mines.com\/fr\/wp-json\/wp\/v2\/types\/product"}],"wp:featuredmedia":[{"embeddable":true,"href":"https:\/\/geo-mines.com\/fr\/wp-json\/wp\/v2\/media\/1644"}],"wp:attachment":[{"href":"https:\/\/geo-mines.com\/fr\/wp-json\/wp\/v2\/media?parent=1252"}],"wp:term":[{"taxonomy":"product_brand","embeddable":true,"href":"https:\/\/geo-mines.com\/fr\/wp-json\/wp\/v2\/product_brand?post=1252"},{"taxonomy":"product_cat","embeddable":true,"href":"https:\/\/geo-mines.com\/fr\/wp-json\/wp\/v2\/product_cat?post=1252"},{"taxonomy":"product_tag","embeddable":true,"href":"https:\/\/geo-mines.com\/fr\/wp-json\/wp\/v2\/product_tag?post=1252"}],"curies":[{"name":"wp","href":"https:\/\/api.w.org\/{rel}","templated":true}]}}