{"id":1264,"date":"2023-05-02T17:43:57","date_gmt":"2023-05-02T22:43:57","guid":{"rendered":"https:\/\/geo-mines.com\/product\/bio-rod-grease\/"},"modified":"2025-05-09T14:32:05","modified_gmt":"2025-05-09T19:32:05","slug":"bio-rod-grease","status":"publish","type":"product","link":"https:\/\/geo-mines.com\/fr\/produit\/bio-rod-grease\/","title":{"rendered":"Graisse \u00e0 Tiges Bio Geo-Mines"},"content":{"rendered":"<p data-start=\"146\" data-end=\"441\"><strong data-start=\"146\" data-end=\"176\">BIOROD GREASE de Geo-Mines<\/strong> est une graisse de tige biod\u00e9gradable haute performance, con\u00e7ue pour r\u00e9pondre aux exigences des op\u00e9rations de forage modernes. Elle offre une lubrification exceptionnelle tout en respectant l\u2019environnement \u2014 le choix id\u00e9al pour allier efficacit\u00e9 et responsabilit\u00e9 et respectant la norme Ecologo.<\/p>\n<ul data-start=\"443\" data-end=\"941\">\n<li data-start=\"443\" data-end=\"544\">\n<p data-start=\"445\" data-end=\"544\">\u2705 <strong data-start=\"447\" data-end=\"474\">Test\u00e9e selon ASTM D7373<\/strong> \u2013 Biod\u00e9gradabilit\u00e9 prouv\u00e9e : plus de <strong data-start=\"512\" data-end=\"542\">60 % en seulement 28 jours<\/strong><\/p>\n<\/li>\n<li data-start=\"545\" data-end=\"636\">\n<p data-start=\"547\" data-end=\"636\">\ud83c\udf31 <strong data-start=\"550\" data-end=\"564\">\u00c9cologique<\/strong> \u2013 R\u00e9duit l\u2019impact environnemental sans compromis sur les performances<\/p>\n<\/li>\n<li data-start=\"637\" data-end=\"738\">\n<p data-start=\"639\" data-end=\"738\">\u2699\ufe0f <strong data-start=\"642\" data-end=\"663\">Haute performance<\/strong> \u2013 Diminue la friction, l\u2019usure et le grippage pour un forage plus fluide<\/p>\n<\/li>\n<li data-start=\"739\" data-end=\"839\">\n<p data-start=\"741\" data-end=\"839\">\ud83d\udcb0 <strong data-start=\"744\" data-end=\"758\">\u00c9conomique<\/strong> \u2013 Formule durable n\u00e9cessitant moins d\u2019applications, donc moins de consommation<\/p>\n<\/li>\n<li data-start=\"840\" data-end=\"941\">\n<p data-start=\"842\" data-end=\"941\">\ud83e\udea8 <strong data-start=\"845\" data-end=\"872\">Compatible avec Geo-Mud<\/strong> \u2013 Disponible en seaux de <strong data-start=\"898\" data-end=\"907\">17 kg<\/strong>, id\u00e9al avec nos fluides de forage<\/p>\n<\/li>\n<\/ul>\n<p data-start=\"943\" data-end=\"1036\"><strong data-start=\"943\" data-end=\"971\">Optez pour BIOROD GREASE<\/strong> \u2014 la solution intelligente pour un forage durable et performant.<\/p>\n<p>&nbsp;<\/p>\n<p>Apparence: (Smooth et Tacky)<\/p>\n","protected":false},"excerpt":{"rendered":"<p>BIOROD GREASE de Geo-Mines est une graisse de tige biod\u00e9gradable haute performance, con\u00e7ue pour r\u00e9pondre aux exigences des op\u00e9rations de forage modernes. Elle offre une lubrification exceptionnelle tout en respectant l\u2019environnement \u2014 le choix id\u00e9al pour allier efficacit\u00e9 et responsabilit\u00e9 et respectant la norme Ecologo. \u2705 Test\u00e9e selon ASTM D7373 \u2013 Biod\u00e9gradabilit\u00e9 prouv\u00e9e : plus &#8230; <\/p>\n<p class=\"read-more-container\"><a title=\"Graisse \u00e0 Tiges Bio Geo-Mines\" class=\"read-more button\" href=\"https:\/\/geo-mines.com\/fr\/produit\/bio-rod-grease\/#more-1264\" aria-label=\"En savoir plus sur Graisse \u00e0 Tiges Bio Geo-Mines\">Lire plus<\/a><\/p>\n","protected":false},"featured_media":1600,"template":"","meta":{"_acf_changed":false,"inline_featured_image":false},"product_brand":[],"product_cat":[69],"product_tag":[],"class_list":{"0":"post-1264","1":"product","2":"type-product","3":"status-publish","4":"has-post-thumbnail","6":"product_cat-graisse-a-tige-bio","7":"sales-flash-overlay","8":"woocommerce-text-align-left","9":"woocommerce-image-align-center","10":"do-quantity-buttons","12":"first","13":"outofstock","14":"taxable","15":"shipping-taxable","16":"product-type-simple"},"acf":[],"yoast_head":"<!-- This site is optimized with the Yoast SEO plugin v24.4 - https:\/\/yoast.com\/wordpress\/plugins\/seo\/ -->\n<title>Graisse \u00e0 Tiges Bio Geo-Mines - Geo Mines<\/title>\n<meta name=\"robots\" content=\"index, follow, max-snippet:-1, max-image-preview:large, max-video-preview:-1\" \/>\n<link rel=\"canonical\" href=\"https:\/\/geo-mines.com\/fr\/produit\/bio-rod-grease\/\" \/>\n<meta property=\"og:locale\" content=\"fr_FR\" \/>\n<meta property=\"og:type\" content=\"article\" \/>\n<meta property=\"og:title\" content=\"Graisse \u00e0 Tiges Bio Geo-Mines - Geo Mines\" \/>\n<meta property=\"og:description\" content=\"BIOROD GREASE de Geo-Mines est une graisse de tige biod\u00e9gradable haute performance, con\u00e7ue pour r\u00e9pondre aux exigences des op\u00e9rations de forage modernes. Elle offre une lubrification exceptionnelle tout en respectant l\u2019environnement \u2014 le choix id\u00e9al pour allier efficacit\u00e9 et responsabilit\u00e9 et respectant la norme Ecologo. \u2705 Test\u00e9e selon ASTM D7373 \u2013 Biod\u00e9gradabilit\u00e9 prouv\u00e9e : plus ... Lire plus\" \/>\n<meta property=\"og:url\" content=\"https:\/\/geo-mines.com\/fr\/produit\/bio-rod-grease\/\" \/>\n<meta property=\"og:site_name\" content=\"Geo Mines\" \/>\n<meta property=\"article:modified_time\" content=\"2025-05-09T19:32:05+00:00\" \/>\n<meta property=\"og:image\" content=\"https:\/\/geo-mines.com\/wp-content\/uploads\/2023\/05\/Bio-Rod-Grease.jpg\" \/>\n\t<meta property=\"og:image:width\" content=\"745\" \/>\n\t<meta property=\"og:image:height\" content=\"955\" \/>\n\t<meta property=\"og:image:type\" content=\"image\/jpeg\" \/>\n<meta name=\"twitter:card\" content=\"summary_large_image\" \/>\n<meta name=\"twitter:label1\" content=\"Dur\u00e9e de lecture estim\u00e9e\" \/>\n\t<meta name=\"twitter:data1\" content=\"1 minute\" \/>\n<script type=\"application\/ld+json\" class=\"yoast-schema-graph\">{\"@context\":\"https:\/\/schema.org\",\"@graph\":[{\"@type\":\"WebPage\",\"@id\":\"https:\/\/geo-mines.com\/fr\/produit\/bio-rod-grease\/\",\"url\":\"https:\/\/geo-mines.com\/fr\/produit\/bio-rod-grease\/\",\"name\":\"Graisse \u00e0 Tiges Bio Geo-Mines - Geo Mines\",\"isPartOf\":{\"@id\":\"https:\/\/geo-mines.com\/fr\/#website\"},\"primaryImageOfPage\":{\"@id\":\"https:\/\/geo-mines.com\/fr\/produit\/bio-rod-grease\/#primaryimage\"},\"image\":{\"@id\":\"https:\/\/geo-mines.com\/fr\/produit\/bio-rod-grease\/#primaryimage\"},\"thumbnailUrl\":\"https:\/\/geo-mines.com\/wp-content\/uploads\/2023\/05\/Bio-Rod-Grease.jpg\",\"datePublished\":\"2023-05-02T22:43:57+00:00\",\"dateModified\":\"2025-05-09T19:32:05+00:00\",\"breadcrumb\":{\"@id\":\"https:\/\/geo-mines.com\/fr\/produit\/bio-rod-grease\/#breadcrumb\"},\"inLanguage\":\"fr-FR\",\"potentialAction\":[{\"@type\":\"ReadAction\",\"target\":[\"https:\/\/geo-mines.com\/fr\/produit\/bio-rod-grease\/\"]}]},{\"@type\":\"ImageObject\",\"inLanguage\":\"fr-FR\",\"@id\":\"https:\/\/geo-mines.com\/fr\/produit\/bio-rod-grease\/#primaryimage\",\"url\":\"https:\/\/geo-mines.com\/wp-content\/uploads\/2023\/05\/Bio-Rod-Grease.jpg\",\"contentUrl\":\"https:\/\/geo-mines.com\/wp-content\/uploads\/2023\/05\/Bio-Rod-Grease.jpg\",\"width\":745,\"height\":955},{\"@type\":\"BreadcrumbList\",\"@id\":\"https:\/\/geo-mines.com\/fr\/produit\/bio-rod-grease\/#breadcrumb\",\"itemListElement\":[{\"@type\":\"ListItem\",\"position\":1,\"name\":\"Home\",\"item\":\"https:\/\/geo-mines.com\/fr\/\"},{\"@type\":\"ListItem\",\"position\":2,\"name\":\"Boutique\",\"item\":\"https:\/\/geo-mines.com\/fr\/boutique\/\"},{\"@type\":\"ListItem\",\"position\":3,\"name\":\"Graisse \u00e0 Tiges Bio Geo-Mines\"}]},{\"@type\":\"WebSite\",\"@id\":\"https:\/\/geo-mines.com\/fr\/#website\",\"url\":\"https:\/\/geo-mines.com\/fr\/\",\"name\":\"Geo Mines\",\"description\":\"\",\"publisher\":{\"@id\":\"https:\/\/geo-mines.com\/fr\/#organization\"},\"potentialAction\":[{\"@type\":\"SearchAction\",\"target\":{\"@type\":\"EntryPoint\",\"urlTemplate\":\"https:\/\/geo-mines.com\/fr\/?s={search_term_string}\"},\"query-input\":{\"@type\":\"PropertyValueSpecification\",\"valueRequired\":true,\"valueName\":\"search_term_string\"}}],\"inLanguage\":\"fr-FR\"},{\"@type\":\"Organization\",\"@id\":\"https:\/\/geo-mines.com\/fr\/#organization\",\"name\":\"Geo Mines\",\"url\":\"https:\/\/geo-mines.com\/fr\/\",\"logo\":{\"@type\":\"ImageObject\",\"inLanguage\":\"fr-FR\",\"@id\":\"https:\/\/geo-mines.com\/fr\/#\/schema\/logo\/image\/\",\"url\":\"https:\/\/geo-mines.com\/wp-content\/uploads\/2022\/09\/logo-white-1.png\",\"contentUrl\":\"https:\/\/geo-mines.com\/wp-content\/uploads\/2022\/09\/logo-white-1.png\",\"width\":720,\"height\":480,\"caption\":\"Geo Mines\"},\"image\":{\"@id\":\"https:\/\/geo-mines.com\/fr\/#\/schema\/logo\/image\/\"}}]}<\/script>\n<!-- \/ Yoast SEO plugin. -->","yoast_head_json":{"title":"Graisse \u00e0 Tiges Bio Geo-Mines - Geo Mines","robots":{"index":"index","follow":"follow","max-snippet":"max-snippet:-1","max-image-preview":"max-image-preview:large","max-video-preview":"max-video-preview:-1"},"canonical":"https:\/\/geo-mines.com\/fr\/produit\/bio-rod-grease\/","og_locale":"fr_FR","og_type":"article","og_title":"Graisse \u00e0 Tiges Bio Geo-Mines - Geo Mines","og_description":"BIOROD GREASE de Geo-Mines est une graisse de tige biod\u00e9gradable haute performance, con\u00e7ue pour r\u00e9pondre aux exigences des op\u00e9rations de forage modernes. Elle offre une lubrification exceptionnelle tout en respectant l\u2019environnement \u2014 le choix id\u00e9al pour allier efficacit\u00e9 et responsabilit\u00e9 et respectant la norme Ecologo. \u2705 Test\u00e9e selon ASTM D7373 \u2013 Biod\u00e9gradabilit\u00e9 prouv\u00e9e : plus ... Lire plus","og_url":"https:\/\/geo-mines.com\/fr\/produit\/bio-rod-grease\/","og_site_name":"Geo Mines","article_modified_time":"2025-05-09T19:32:05+00:00","og_image":[{"width":745,"height":955,"url":"https:\/\/geo-mines.com\/wp-content\/uploads\/2023\/05\/Bio-Rod-Grease.jpg","type":"image\/jpeg"}],"twitter_card":"summary_large_image","twitter_misc":{"Dur\u00e9e de lecture estim\u00e9e":"1 minute"},"schema":{"@context":"https:\/\/schema.org","@graph":[{"@type":"WebPage","@id":"https:\/\/geo-mines.com\/fr\/produit\/bio-rod-grease\/","url":"https:\/\/geo-mines.com\/fr\/produit\/bio-rod-grease\/","name":"Graisse \u00e0 Tiges Bio Geo-Mines - Geo Mines","isPartOf":{"@id":"https:\/\/geo-mines.com\/fr\/#website"},"primaryImageOfPage":{"@id":"https:\/\/geo-mines.com\/fr\/produit\/bio-rod-grease\/#primaryimage"},"image":{"@id":"https:\/\/geo-mines.com\/fr\/produit\/bio-rod-grease\/#primaryimage"},"thumbnailUrl":"https:\/\/geo-mines.com\/wp-content\/uploads\/2023\/05\/Bio-Rod-Grease.jpg","datePublished":"2023-05-02T22:43:57+00:00","dateModified":"2025-05-09T19:32:05+00:00","breadcrumb":{"@id":"https:\/\/geo-mines.com\/fr\/produit\/bio-rod-grease\/#breadcrumb"},"inLanguage":"fr-FR","potentialAction":[{"@type":"ReadAction","target":["https:\/\/geo-mines.com\/fr\/produit\/bio-rod-grease\/"]}]},{"@type":"ImageObject","inLanguage":"fr-FR","@id":"https:\/\/geo-mines.com\/fr\/produit\/bio-rod-grease\/#primaryimage","url":"https:\/\/geo-mines.com\/wp-content\/uploads\/2023\/05\/Bio-Rod-Grease.jpg","contentUrl":"https:\/\/geo-mines.com\/wp-content\/uploads\/2023\/05\/Bio-Rod-Grease.jpg","width":745,"height":955},{"@type":"BreadcrumbList","@id":"https:\/\/geo-mines.com\/fr\/produit\/bio-rod-grease\/#breadcrumb","itemListElement":[{"@type":"ListItem","position":1,"name":"Home","item":"https:\/\/geo-mines.com\/fr\/"},{"@type":"ListItem","position":2,"name":"Boutique","item":"https:\/\/geo-mines.com\/fr\/boutique\/"},{"@type":"ListItem","position":3,"name":"Graisse \u00e0 Tiges Bio Geo-Mines"}]},{"@type":"WebSite","@id":"https:\/\/geo-mines.com\/fr\/#website","url":"https:\/\/geo-mines.com\/fr\/","name":"Geo Mines","description":"","publisher":{"@id":"https:\/\/geo-mines.com\/fr\/#organization"},"potentialAction":[{"@type":"SearchAction","target":{"@type":"EntryPoint","urlTemplate":"https:\/\/geo-mines.com\/fr\/?s={search_term_string}"},"query-input":{"@type":"PropertyValueSpecification","valueRequired":true,"valueName":"search_term_string"}}],"inLanguage":"fr-FR"},{"@type":"Organization","@id":"https:\/\/geo-mines.com\/fr\/#organization","name":"Geo Mines","url":"https:\/\/geo-mines.com\/fr\/","logo":{"@type":"ImageObject","inLanguage":"fr-FR","@id":"https:\/\/geo-mines.com\/fr\/#\/schema\/logo\/image\/","url":"https:\/\/geo-mines.com\/wp-content\/uploads\/2022\/09\/logo-white-1.png","contentUrl":"https:\/\/geo-mines.com\/wp-content\/uploads\/2022\/09\/logo-white-1.png","width":720,"height":480,"caption":"Geo Mines"},"image":{"@id":"https:\/\/geo-mines.com\/fr\/#\/schema\/logo\/image\/"}}]}},"_links":{"self":[{"href":"https:\/\/geo-mines.com\/fr\/wp-json\/wp\/v2\/product\/1264","targetHints":{"allow":["GET"]}}],"collection":[{"href":"https:\/\/geo-mines.com\/fr\/wp-json\/wp\/v2\/product"}],"about":[{"href":"https:\/\/geo-mines.com\/fr\/wp-json\/wp\/v2\/types\/product"}],"wp:featuredmedia":[{"embeddable":true,"href":"https:\/\/geo-mines.com\/fr\/wp-json\/wp\/v2\/media\/1600"}],"wp:attachment":[{"href":"https:\/\/geo-mines.com\/fr\/wp-json\/wp\/v2\/media?parent=1264"}],"wp:term":[{"taxonomy":"product_brand","embeddable":true,"href":"https:\/\/geo-mines.com\/fr\/wp-json\/wp\/v2\/product_brand?post=1264"},{"taxonomy":"product_cat","embeddable":true,"href":"https:\/\/geo-mines.com\/fr\/wp-json\/wp\/v2\/product_cat?post=1264"},{"taxonomy":"product_tag","embeddable":true,"href":"https:\/\/geo-mines.com\/fr\/wp-json\/wp\/v2\/product_tag?post=1264"}],"curies":[{"name":"wp","href":"https:\/\/api.w.org\/{rel}","templated":true}]}}