{"id":1383,"date":"2023-05-26T20:00:31","date_gmt":"2023-05-27T01:00:31","guid":{"rendered":"https:\/\/geo-mines.com\/product\/fairfield-transmisison\/"},"modified":"2025-05-02T08:32:13","modified_gmt":"2025-05-02T13:32:13","slug":"gearmax-t2v-transmission","status":"publish","type":"product","link":"https:\/\/geo-mines.com\/fr\/produit\/gearmax-t2v-transmission\/","title":{"rendered":"GEARMAX T2V Drill Transmission"},"content":{"rendered":"<div>\n<div>\n<div>\n<div>\n<div>\n<div class=\"WordSection1\">\n<div>\n<div>\n<div>\n<div>\n<div>\n<div>\n<div>\n<div>\n<div>\n<div>\n<div>\n<div>\n<div>\n<div>\n<h3 class=\"\" data-start=\"161\" data-end=\"200\"><img loading=\"lazy\" decoding=\"async\" class=\"alignnone size-medium wp-image-2511\" src=\"https:\/\/geo-mines.com\/wp-content\/uploads\/2023\/05\/Diamond-Drilling-in-Rugged-Terrain-300x300.png\" alt=\"\" width=\"300\" height=\"300\" srcset=\"https:\/\/geo-mines.com\/wp-content\/uploads\/2023\/05\/Diamond-Drilling-in-Rugged-Terrain-300x300.png 300w, https:\/\/geo-mines.com\/wp-content\/uploads\/2023\/05\/Diamond-Drilling-in-Rugged-Terrain-150x150.png 150w, https:\/\/geo-mines.com\/wp-content\/uploads\/2023\/05\/Diamond-Drilling-in-Rugged-Terrain-768x768.png 768w, https:\/\/geo-mines.com\/wp-content\/uploads\/2023\/05\/Diamond-Drilling-in-Rugged-Terrain-600x600.png 600w, https:\/\/geo-mines.com\/wp-content\/uploads\/2023\/05\/Diamond-Drilling-in-Rugged-Terrain-100x100.png 100w, https:\/\/geo-mines.com\/wp-content\/uploads\/2023\/05\/Diamond-Drilling-in-Rugged-Terrain.png 1024w\" sizes=\"auto, (max-width: 300px) 100vw, 300px\" \/><\/h3>\n<h3 class=\"\" data-start=\"161\" data-end=\"200\">Nouvelle transmission GEARMAX T2V<\/h3>\n<h4 class=\"\" data-start=\"201\" data-end=\"240\">Puissance. Fiabilit\u00e9. Performance.<\/h4>\n<p class=\"\" data-start=\"242\" data-end=\"586\">Con\u00e7ue pour r\u00e9pondre aux exigences les plus rigoureuses du forage au diamant, la transmission <strong data-start=\"336\" data-end=\"351\">GEARMAX T2V<\/strong> de Geo-Mines offre un rendement exceptionnel dans les conditions les plus extr\u00eames. D\u00e9velopp\u00e9e en partenariat avec les meilleurs ing\u00e9nieurs du secteur, la GEARMAX T2V est synonyme de robustesse, de durabilit\u00e9 et de performance maximale.<\/p>\n<p><img loading=\"lazy\" decoding=\"async\" class=\"size-medium wp-image-2499\" src=\"https:\/\/geo-mines.com\/wp-content\/uploads\/2023\/05\/GEO-MINE_fiche_GEAR-MAX-T2V_photo-300x200.jpg\" alt=\"\" width=\"300\" height=\"200\" srcset=\"https:\/\/geo-mines.com\/wp-content\/uploads\/2023\/05\/GEO-MINE_fiche_GEAR-MAX-T2V_photo-300x200.jpg 300w, https:\/\/geo-mines.com\/wp-content\/uploads\/2023\/05\/GEO-MINE_fiche_GEAR-MAX-T2V_photo-1024x683.jpg 1024w, https:\/\/geo-mines.com\/wp-content\/uploads\/2023\/05\/GEO-MINE_fiche_GEAR-MAX-T2V_photo-768x512.jpg 768w, https:\/\/geo-mines.com\/wp-content\/uploads\/2023\/05\/GEO-MINE_fiche_GEAR-MAX-T2V_photo-1536x1024.jpg 1536w, https:\/\/geo-mines.com\/wp-content\/uploads\/2023\/05\/GEO-MINE_fiche_GEAR-MAX-T2V_photo-600x400.jpg 600w, https:\/\/geo-mines.com\/wp-content\/uploads\/2023\/05\/GEO-MINE_fiche_GEAR-MAX-T2V_photo.jpg 1920w\" sizes=\"auto, (max-width: 300px) 100vw, 300px\" \/><\/p>\n<p class=\"\" data-start=\"588\" data-end=\"606\"><strong data-start=\"588\" data-end=\"606\">Points forts :<\/strong><\/p>\n<ul data-start=\"607\" data-end=\"1187\">\n<li class=\"\" data-start=\"607\" data-end=\"693\">\n<p class=\"\" data-start=\"609\" data-end=\"693\"><strong data-start=\"609\" data-end=\"625\">Couple \u00e9lev\u00e9<\/strong> : Jusqu\u2019\u00e0 340 daNm pour affronter les terrains les plus r\u00e9sistants.<\/p>\n<\/li>\n<li class=\"\" data-start=\"694\" data-end=\"798\">\n<p class=\"\" data-start=\"696\" data-end=\"798\"><strong data-start=\"696\" data-end=\"736\">Vitesse d\u2019entr\u00e9e jusqu\u2019\u00e0 4500 tr\/min<\/strong> : Pour une productivit\u00e9 accrue sur tous les cycles de forage.<\/p>\n<\/li>\n<li class=\"\" data-start=\"799\" data-end=\"927\">\n<p class=\"\" data-start=\"801\" data-end=\"927\"><strong data-start=\"801\" data-end=\"816\">Polyvalence<\/strong> : Disponible en plusieurs rapports de r\u00e9duction (de 12,3 \u00e0 31), la T2V s\u2019adapte \u00e0 une large gamme de foreuses.<\/p>\n<\/li>\n<li class=\"\" data-start=\"928\" data-end=\"1050\">\n<p class=\"\" data-start=\"930\" data-end=\"1050\"><strong data-start=\"930\" data-end=\"958\">Syst\u00e8me de frein int\u00e9gr\u00e9<\/strong> : Commande hydraulique fiable avec ouverture \u00e0 22 bars, garantissant une s\u00e9curit\u00e9 optimale.<\/p>\n<\/li>\n<li class=\"\" data-start=\"1051\" data-end=\"1187\">\n<p class=\"\" data-start=\"1053\" data-end=\"1187\"><strong data-start=\"1053\" data-end=\"1079\">Dur\u00e9e de vie prolong\u00e9e<\/strong> : Gr\u00e2ce \u00e0 des composants haute pr\u00e9cision et une conception \u00e9prouv\u00e9e pour r\u00e9duire l\u2019usure et la maintenance.<\/p>\n<\/li>\n<\/ul>\n<p class=\"\" data-start=\"1189\" data-end=\"1458\"><strong data-start=\"1189\" data-end=\"1226\">Pourquoi choisir la GEARMAX T2V ?<\/strong><br data-start=\"1226\" data-end=\"1229\" \/>Parce que chaque minute compte sur le terrain. Moins de pannes, plus de rendement, et une fiabilit\u00e9 sans compromis. La T2V est l\u2019alli\u00e9e id\u00e9ale pour vos projets de forage intensifs, m\u00eame dans les environnements les plus exigeants.<\/p>\n<p class=\"\" data-start=\"1460\" data-end=\"1583\">\ud83d\udce7 Pour plus d\u2019informations ou demander une soumission : <strong data-start=\"1517\" data-end=\"1539\"><a rel=\"noopener\" data-start=\"1519\" data-end=\"1537\">info@geo-mines.com<\/a><\/strong><\/p>\n<p data-start=\"1460\" data-end=\"1583\"><a href=\"https:\/\/geo-mines.com\/wp-content\/uploads\/2025\/04\/GEO-MINE_fiche_GEAR-MAX-T2V_03.pdf\">GEO-MINE_fiche_GEAR MAX T2V_03<\/a><\/p>\n<\/div>\n<\/div>\n<\/div>\n<\/div>\n<\/div>\n<\/div>\n<\/div>\n<\/div>\n<\/div>\n<\/div>\n<\/div>\n<\/div>\n<\/div>\n<\/div>\n<\/div>\n<\/div>\n<\/div>\n<\/div>\n<\/div>\n<\/div>\n","protected":false},"excerpt":{"rendered":"<p>Nouvelle transmission GEARMAX T2V Puissance. Fiabilit\u00e9. Performance. Con\u00e7ue pour r\u00e9pondre aux exigences les plus rigoureuses du forage au diamant, la transmission GEARMAX T2V de Geo-Mines offre un rendement exceptionnel dans les conditions les plus extr\u00eames. D\u00e9velopp\u00e9e en partenariat avec les meilleurs ing\u00e9nieurs du secteur, la GEARMAX T2V est synonyme de robustesse, de durabilit\u00e9 et de &#8230; <\/p>\n<p class=\"read-more-container\"><a title=\"GEARMAX T2V Drill Transmission\" class=\"read-more button\" href=\"https:\/\/geo-mines.com\/fr\/produit\/gearmax-t2v-transmission\/#more-1383\" aria-label=\"En savoir plus sur GEARMAX T2V Drill Transmission\">Lire plus<\/a><\/p>\n","protected":false},"featured_media":2511,"template":"","meta":{"_acf_changed":false,"inline_featured_image":false},"product_brand":[],"product_cat":[59],"product_tag":[],"class_list":{"0":"post-1383","1":"product","2":"type-product","3":"status-publish","4":"has-post-thumbnail","6":"product_cat-pieces-de-foreuses","7":"sales-flash-overlay","8":"woocommerce-text-align-left","9":"woocommerce-image-align-center","10":"do-quantity-buttons","12":"first","13":"outofstock","14":"taxable","15":"shipping-taxable","16":"product-type-simple"},"acf":[],"yoast_head":"<!-- This site is optimized with the Yoast SEO plugin v24.4 - https:\/\/yoast.com\/wordpress\/plugins\/seo\/ -->\n<title>GEARMAX T2V Drill Transmission - Geo Mines<\/title>\n<meta name=\"robots\" content=\"index, follow, max-snippet:-1, max-image-preview:large, max-video-preview:-1\" \/>\n<link rel=\"canonical\" href=\"https:\/\/geo-mines.com\/fr\/produit\/gearmax-t2v-transmission\/\" \/>\n<meta property=\"og:locale\" content=\"fr_FR\" \/>\n<meta property=\"og:type\" content=\"article\" \/>\n<meta property=\"og:title\" content=\"GEARMAX T2V Drill Transmission - Geo Mines\" \/>\n<meta property=\"og:description\" content=\"Nouvelle transmission GEARMAX T2V Puissance. Fiabilit\u00e9. Performance. Con\u00e7ue pour r\u00e9pondre aux exigences les plus rigoureuses du forage au diamant, la transmission GEARMAX T2V de Geo-Mines offre un rendement exceptionnel dans les conditions les plus extr\u00eames. D\u00e9velopp\u00e9e en partenariat avec les meilleurs ing\u00e9nieurs du secteur, la GEARMAX T2V est synonyme de robustesse, de durabilit\u00e9 et de ... Lire plus\" \/>\n<meta property=\"og:url\" content=\"https:\/\/geo-mines.com\/fr\/produit\/gearmax-t2v-transmission\/\" \/>\n<meta property=\"og:site_name\" content=\"Geo Mines\" \/>\n<meta property=\"article:modified_time\" content=\"2025-05-02T13:32:13+00:00\" \/>\n<meta property=\"og:image\" content=\"https:\/\/geo-mines.com\/wp-content\/uploads\/2023\/05\/Diamond-Drilling-in-Rugged-Terrain.png\" \/>\n\t<meta property=\"og:image:width\" content=\"1024\" \/>\n\t<meta property=\"og:image:height\" content=\"1024\" \/>\n\t<meta property=\"og:image:type\" content=\"image\/png\" \/>\n<meta name=\"twitter:card\" content=\"summary_large_image\" \/>\n<meta name=\"twitter:label1\" content=\"Dur\u00e9e de lecture estim\u00e9e\" \/>\n\t<meta name=\"twitter:data1\" content=\"2 minutes\" \/>\n<script type=\"application\/ld+json\" class=\"yoast-schema-graph\">{\"@context\":\"https:\/\/schema.org\",\"@graph\":[{\"@type\":\"WebPage\",\"@id\":\"https:\/\/geo-mines.com\/fr\/produit\/gearmax-t2v-transmission\/\",\"url\":\"https:\/\/geo-mines.com\/fr\/produit\/gearmax-t2v-transmission\/\",\"name\":\"GEARMAX T2V Drill Transmission - Geo Mines\",\"isPartOf\":{\"@id\":\"https:\/\/geo-mines.com\/fr\/#website\"},\"primaryImageOfPage\":{\"@id\":\"https:\/\/geo-mines.com\/fr\/produit\/gearmax-t2v-transmission\/#primaryimage\"},\"image\":{\"@id\":\"https:\/\/geo-mines.com\/fr\/produit\/gearmax-t2v-transmission\/#primaryimage\"},\"thumbnailUrl\":\"https:\/\/geo-mines.com\/wp-content\/uploads\/2023\/05\/Diamond-Drilling-in-Rugged-Terrain.png\",\"datePublished\":\"2023-05-27T01:00:31+00:00\",\"dateModified\":\"2025-05-02T13:32:13+00:00\",\"breadcrumb\":{\"@id\":\"https:\/\/geo-mines.com\/fr\/produit\/gearmax-t2v-transmission\/#breadcrumb\"},\"inLanguage\":\"fr-FR\",\"potentialAction\":[{\"@type\":\"ReadAction\",\"target\":[\"https:\/\/geo-mines.com\/fr\/produit\/gearmax-t2v-transmission\/\"]}]},{\"@type\":\"ImageObject\",\"inLanguage\":\"fr-FR\",\"@id\":\"https:\/\/geo-mines.com\/fr\/produit\/gearmax-t2v-transmission\/#primaryimage\",\"url\":\"https:\/\/geo-mines.com\/wp-content\/uploads\/2023\/05\/Diamond-Drilling-in-Rugged-Terrain.png\",\"contentUrl\":\"https:\/\/geo-mines.com\/wp-content\/uploads\/2023\/05\/Diamond-Drilling-in-Rugged-Terrain.png\",\"width\":1024,\"height\":1024},{\"@type\":\"BreadcrumbList\",\"@id\":\"https:\/\/geo-mines.com\/fr\/produit\/gearmax-t2v-transmission\/#breadcrumb\",\"itemListElement\":[{\"@type\":\"ListItem\",\"position\":1,\"name\":\"Home\",\"item\":\"https:\/\/geo-mines.com\/fr\/\"},{\"@type\":\"ListItem\",\"position\":2,\"name\":\"Boutique\",\"item\":\"https:\/\/geo-mines.com\/fr\/boutique\/\"},{\"@type\":\"ListItem\",\"position\":3,\"name\":\"GEARMAX T2V Drill Transmission\"}]},{\"@type\":\"WebSite\",\"@id\":\"https:\/\/geo-mines.com\/fr\/#website\",\"url\":\"https:\/\/geo-mines.com\/fr\/\",\"name\":\"Geo Mines\",\"description\":\"\",\"publisher\":{\"@id\":\"https:\/\/geo-mines.com\/fr\/#organization\"},\"potentialAction\":[{\"@type\":\"SearchAction\",\"target\":{\"@type\":\"EntryPoint\",\"urlTemplate\":\"https:\/\/geo-mines.com\/fr\/?s={search_term_string}\"},\"query-input\":{\"@type\":\"PropertyValueSpecification\",\"valueRequired\":true,\"valueName\":\"search_term_string\"}}],\"inLanguage\":\"fr-FR\"},{\"@type\":\"Organization\",\"@id\":\"https:\/\/geo-mines.com\/fr\/#organization\",\"name\":\"Geo Mines\",\"url\":\"https:\/\/geo-mines.com\/fr\/\",\"logo\":{\"@type\":\"ImageObject\",\"inLanguage\":\"fr-FR\",\"@id\":\"https:\/\/geo-mines.com\/fr\/#\/schema\/logo\/image\/\",\"url\":\"https:\/\/geo-mines.com\/wp-content\/uploads\/2022\/09\/logo-white-1.png\",\"contentUrl\":\"https:\/\/geo-mines.com\/wp-content\/uploads\/2022\/09\/logo-white-1.png\",\"width\":720,\"height\":480,\"caption\":\"Geo Mines\"},\"image\":{\"@id\":\"https:\/\/geo-mines.com\/fr\/#\/schema\/logo\/image\/\"}}]}<\/script>\n<!-- \/ Yoast SEO plugin. -->","yoast_head_json":{"title":"GEARMAX T2V Drill Transmission - Geo Mines","robots":{"index":"index","follow":"follow","max-snippet":"max-snippet:-1","max-image-preview":"max-image-preview:large","max-video-preview":"max-video-preview:-1"},"canonical":"https:\/\/geo-mines.com\/fr\/produit\/gearmax-t2v-transmission\/","og_locale":"fr_FR","og_type":"article","og_title":"GEARMAX T2V Drill Transmission - Geo Mines","og_description":"Nouvelle transmission GEARMAX T2V Puissance. Fiabilit\u00e9. Performance. Con\u00e7ue pour r\u00e9pondre aux exigences les plus rigoureuses du forage au diamant, la transmission GEARMAX T2V de Geo-Mines offre un rendement exceptionnel dans les conditions les plus extr\u00eames. D\u00e9velopp\u00e9e en partenariat avec les meilleurs ing\u00e9nieurs du secteur, la GEARMAX T2V est synonyme de robustesse, de durabilit\u00e9 et de ... Lire plus","og_url":"https:\/\/geo-mines.com\/fr\/produit\/gearmax-t2v-transmission\/","og_site_name":"Geo Mines","article_modified_time":"2025-05-02T13:32:13+00:00","og_image":[{"width":1024,"height":1024,"url":"https:\/\/geo-mines.com\/wp-content\/uploads\/2023\/05\/Diamond-Drilling-in-Rugged-Terrain.png","type":"image\/png"}],"twitter_card":"summary_large_image","twitter_misc":{"Dur\u00e9e de lecture estim\u00e9e":"2 minutes"},"schema":{"@context":"https:\/\/schema.org","@graph":[{"@type":"WebPage","@id":"https:\/\/geo-mines.com\/fr\/produit\/gearmax-t2v-transmission\/","url":"https:\/\/geo-mines.com\/fr\/produit\/gearmax-t2v-transmission\/","name":"GEARMAX T2V Drill Transmission - Geo Mines","isPartOf":{"@id":"https:\/\/geo-mines.com\/fr\/#website"},"primaryImageOfPage":{"@id":"https:\/\/geo-mines.com\/fr\/produit\/gearmax-t2v-transmission\/#primaryimage"},"image":{"@id":"https:\/\/geo-mines.com\/fr\/produit\/gearmax-t2v-transmission\/#primaryimage"},"thumbnailUrl":"https:\/\/geo-mines.com\/wp-content\/uploads\/2023\/05\/Diamond-Drilling-in-Rugged-Terrain.png","datePublished":"2023-05-27T01:00:31+00:00","dateModified":"2025-05-02T13:32:13+00:00","breadcrumb":{"@id":"https:\/\/geo-mines.com\/fr\/produit\/gearmax-t2v-transmission\/#breadcrumb"},"inLanguage":"fr-FR","potentialAction":[{"@type":"ReadAction","target":["https:\/\/geo-mines.com\/fr\/produit\/gearmax-t2v-transmission\/"]}]},{"@type":"ImageObject","inLanguage":"fr-FR","@id":"https:\/\/geo-mines.com\/fr\/produit\/gearmax-t2v-transmission\/#primaryimage","url":"https:\/\/geo-mines.com\/wp-content\/uploads\/2023\/05\/Diamond-Drilling-in-Rugged-Terrain.png","contentUrl":"https:\/\/geo-mines.com\/wp-content\/uploads\/2023\/05\/Diamond-Drilling-in-Rugged-Terrain.png","width":1024,"height":1024},{"@type":"BreadcrumbList","@id":"https:\/\/geo-mines.com\/fr\/produit\/gearmax-t2v-transmission\/#breadcrumb","itemListElement":[{"@type":"ListItem","position":1,"name":"Home","item":"https:\/\/geo-mines.com\/fr\/"},{"@type":"ListItem","position":2,"name":"Boutique","item":"https:\/\/geo-mines.com\/fr\/boutique\/"},{"@type":"ListItem","position":3,"name":"GEARMAX T2V Drill Transmission"}]},{"@type":"WebSite","@id":"https:\/\/geo-mines.com\/fr\/#website","url":"https:\/\/geo-mines.com\/fr\/","name":"Geo Mines","description":"","publisher":{"@id":"https:\/\/geo-mines.com\/fr\/#organization"},"potentialAction":[{"@type":"SearchAction","target":{"@type":"EntryPoint","urlTemplate":"https:\/\/geo-mines.com\/fr\/?s={search_term_string}"},"query-input":{"@type":"PropertyValueSpecification","valueRequired":true,"valueName":"search_term_string"}}],"inLanguage":"fr-FR"},{"@type":"Organization","@id":"https:\/\/geo-mines.com\/fr\/#organization","name":"Geo Mines","url":"https:\/\/geo-mines.com\/fr\/","logo":{"@type":"ImageObject","inLanguage":"fr-FR","@id":"https:\/\/geo-mines.com\/fr\/#\/schema\/logo\/image\/","url":"https:\/\/geo-mines.com\/wp-content\/uploads\/2022\/09\/logo-white-1.png","contentUrl":"https:\/\/geo-mines.com\/wp-content\/uploads\/2022\/09\/logo-white-1.png","width":720,"height":480,"caption":"Geo Mines"},"image":{"@id":"https:\/\/geo-mines.com\/fr\/#\/schema\/logo\/image\/"}}]}},"_links":{"self":[{"href":"https:\/\/geo-mines.com\/fr\/wp-json\/wp\/v2\/product\/1383","targetHints":{"allow":["GET"]}}],"collection":[{"href":"https:\/\/geo-mines.com\/fr\/wp-json\/wp\/v2\/product"}],"about":[{"href":"https:\/\/geo-mines.com\/fr\/wp-json\/wp\/v2\/types\/product"}],"wp:featuredmedia":[{"embeddable":true,"href":"https:\/\/geo-mines.com\/fr\/wp-json\/wp\/v2\/media\/2511"}],"wp:attachment":[{"href":"https:\/\/geo-mines.com\/fr\/wp-json\/wp\/v2\/media?parent=1383"}],"wp:term":[{"taxonomy":"product_brand","embeddable":true,"href":"https:\/\/geo-mines.com\/fr\/wp-json\/wp\/v2\/product_brand?post=1383"},{"taxonomy":"product_cat","embeddable":true,"href":"https:\/\/geo-mines.com\/fr\/wp-json\/wp\/v2\/product_cat?post=1383"},{"taxonomy":"product_tag","embeddable":true,"href":"https:\/\/geo-mines.com\/fr\/wp-json\/wp\/v2\/product_tag?post=1383"}],"curies":[{"name":"wp","href":"https:\/\/api.w.org\/{rel}","templated":true}]}}