{"id":1399,"date":"2023-05-31T11:46:30","date_gmt":"2023-05-31T16:46:30","guid":{"rendered":"https:\/\/geo-mines.com\/?post_type=product&#038;p=1399"},"modified":"2025-11-28T09:23:38","modified_gmt":"2025-11-28T14:23:38","slug":"bio-syn-hees-46-huile-hydraulique-lubrifiants-biodegradables","status":"publish","type":"product","link":"https:\/\/geo-mines.com\/fr\/produit\/bio-syn-hees-46-huile-hydraulique-lubrifiants-biodegradables\/","title":{"rendered":"BIO-SYN HEES 46 HUILE HYDRAULIQUE &#8211; Lubrifiants biod\u00e9gradables 80% certifi\u00e9 ECOLOGO"},"content":{"rendered":"<p><strong>La meilleure huile Biod\u00e9grable \u00e0 80% et certifi\u00e9 ECOLOGO la APRIL<\/strong> <strong>BIO-SYN HEES<\/strong>*<strong> 46.\u00a0 Offerte par G\u00e9o-Mines distributeur autoris\u00e9 pour le domaine minier au Canada, la HEES46 <\/strong>est une huile hydraulique rapidement biod\u00e9gradable (&gt;80% en 28 jours) de qualit\u00e9 sup\u00e9rieure fabriqu\u00e9e \u00e0 base d\u2019esters synth\u00e9tiques, d\u2019additifs \u00e9cologiques sans zinc et de la technologie de lubrifiants APRIL NANO 1\u2122 pour une protection et des performances in\u00e9gal\u00e9es. Elle poss\u00e8de d\u2019excellentes propri\u00e9t\u00e9s antioxydation, anticorrosion, anti usure et extr\u00eame pression. Recommand\u00e9e pour les syst\u00e8mes hydrauliques op\u00e9rant \u00e0 haute pression et \u00e0 des temp\u00e9ratures extr\u00eames dans des zones sensibles \u00e0 la pollution de l&rsquo;environnement, tel que sur ou pr\u00e8s de l&rsquo;eau et des aquif\u00e8res, \u00e0 proximit\u00e9 des usines de traitement de l&rsquo;eau, sur les terres agricoles, dans les for\u00eats et les habitats des esp\u00e8ces en voie de disparition. Disponible en cinq grades de viscosit\u00e9 ISO.<\/p>\n<p>*HEES: <strong>H<\/strong>ydraulic-<strong>E<\/strong>nvironmental-<strong>E<\/strong>ster-<strong>S<\/strong>ynthetic<\/p>\n<p><span style=\"font-weight: 400;\"><img loading=\"lazy\" decoding=\"async\" class=\"alignnone size-medium wp-image-2230\" src=\"https:\/\/geo-mines.com\/wp-content\/uploads\/2024\/07\/Huile-bio-Geo-Mines-fond-blanc-300x195.png\" alt=\"Huile April bio\" width=\"300\" height=\"195\" srcset=\"https:\/\/geo-mines.com\/wp-content\/uploads\/2024\/07\/Huile-bio-Geo-Mines-fond-blanc-300x195.png 300w, https:\/\/geo-mines.com\/wp-content\/uploads\/2024\/07\/Huile-bio-Geo-Mines-fond-blanc-600x389.png 600w, https:\/\/geo-mines.com\/wp-content\/uploads\/2024\/07\/Huile-bio-Geo-Mines-fond-blanc.png 640w\" sizes=\"auto, (max-width: 300px) 100vw, 300px\" \/><\/span><\/p>\n<p><span style=\"color: #3366ff;\"><a style=\"color: #3366ff;\" href=\"https:\/\/geo-mines.com\/wp-content\/uploads\/2023\/05\/Geo-Mines_FT-BIO-SYN-HEES_FR.pdf\">Fiche technique<\/a><\/span><\/p>\n<p><span style=\"color: #3366ff;\"><a style=\"color: #3366ff;\" href=\"https:\/\/geo-mines.com\/wp-content\/uploads\/2023\/05\/Geo-Mines-FDS-BIO-SYN-HEES-ISO-46_FR-1.pdf\" target=\"_blank\" rel=\"noopener\">Fiche de donn\u00e9es de s\u00e9curit\u00e9<\/a><\/span><\/p>\n<p>Fier distributeur des produits April pour le secteur minier<\/p>\n<p><img loading=\"lazy\" decoding=\"async\" class=\"alignnone wp-image-2011\" src=\"https:\/\/geo-mines.com\/wp-content\/uploads\/2024\/02\/April-Nano-300x198.png\" alt=\"\" width=\"167\" height=\"110\" \/><img loading=\"lazy\" decoding=\"async\" class=\"alignnone size-full wp-image-2080\" src=\"https:\/\/geo-mines.com\/wp-content\/uploads\/2024\/02\/APRIL-BIO-logo.jpg\" alt=\"\" width=\"300\" height=\"144\" \/><\/p>\n<p>Certifications internationales:<\/p>\n<p><img loading=\"lazy\" decoding=\"async\" class=\"alignnone size-full wp-image-2355\" src=\"https:\/\/geo-mines.com\/wp-content\/uploads\/2023\/05\/ecolable-1.png\" alt=\"\" width=\"180\" height=\"178\" srcset=\"https:\/\/geo-mines.com\/wp-content\/uploads\/2023\/05\/ecolable-1.png 180w, https:\/\/geo-mines.com\/wp-content\/uploads\/2023\/05\/ecolable-1-100x100.png 100w\" sizes=\"auto, (max-width: 180px) 100vw, 180px\" \/>\u00a0\u00a0 <img loading=\"lazy\" decoding=\"async\" class=\"alignnone size-full wp-image-2349\" src=\"https:\/\/geo-mines.com\/wp-content\/uploads\/2023\/05\/swedish.png\" alt=\"\" width=\"128\" height=\"138\" \/>\u00a0 <img loading=\"lazy\" decoding=\"async\" class=\"alignnone size-full wp-image-2347\" src=\"https:\/\/geo-mines.com\/wp-content\/uploads\/2023\/05\/blue-angel.png\" alt=\"\" width=\"162\" height=\"193\" \/> <img loading=\"lazy\" decoding=\"async\" class=\"alignnone size-full wp-image-2353\" src=\"https:\/\/geo-mines.com\/wp-content\/uploads\/2023\/05\/vgp.png\" alt=\"\" width=\"166\" height=\"166\" srcset=\"https:\/\/geo-mines.com\/wp-content\/uploads\/2023\/05\/vgp.png 166w, https:\/\/geo-mines.com\/wp-content\/uploads\/2023\/05\/vgp-150x150.png 150w, https:\/\/geo-mines.com\/wp-content\/uploads\/2023\/05\/vgp-100x100.png 100w\" sizes=\"auto, (max-width: 166px) 100vw, 166px\" \/> \u00a0 <img loading=\"lazy\" decoding=\"async\" class=\"alignnone size-full wp-image-2351\" src=\"https:\/\/geo-mines.com\/wp-content\/uploads\/2023\/05\/vwvws.png\" alt=\"\" width=\"157\" height=\"154\" \/><\/p>\n<p><strong><em>Informations additionnelles<\/em><\/strong><\/p>\n<p><span style=\"font-weight: 400;\">Si vous cherchez \u00e0 am\u00e9liorer vos normes environnementales et la performance de vos foreuses tout en r\u00e9duisant les risques de bris, il est essentiel de consid\u00e9rer la qualit\u00e9 de l\u2019huile utilis\u00e9e.\u00a0<\/span><\/p>\n<p><span style=\"font-weight: 400;\">G\u00e9o-Mines vous propose une huile biosynth\u00e9tique de qualit\u00e9 sup\u00e9rieure qui r\u00e9pond aux exigences environnementales et fiabilit\u00e9 du secteur minier, l\u2019huile Bio SuperFlow HEES 46 de April Superflow.\u00a0<\/span><\/p>\n<p><span style=\"font-weight: 400;\">Cette huile hydraulique bio a \u00e9t\u00e9 test\u00e9e pendant plus d\u2019un an sur un gros projet de forage sous terre avec Forage Orbit Garant, en Abitibi. L\u2019excellente performance de l\u2019huile BIO-SYN HEES 46, jumel\u00e9e \u00e0 son prix, a convaincu Orbit Garant de l\u2019utiliser pour toutes ses foreuses souterraines de ce projet. L\u2019entreprise a \u00e9conomis\u00e9 temps et argent, tout en r\u00e9duisant les co\u00fbts li\u00e9s aux bris, et en s\u2019assurant d\u2019\u00eatre en avance sur les normes environnementales demand\u00e9es.<\/span><\/p>\n<p><span style=\"font-weight: 400;\">L\u2019huile a \u00e9t\u00e9 mise au point en Europe. Elle a permis de r\u00e9duire les difficult\u00e9s li\u00e9es au taux d\u2019humidit\u00e9 \u00e9lev\u00e9 des autres produits, ce qui a contribu\u00e9 \u00e0 \u00e9viter les bris hydrauliques.<\/span><\/p>\n<p><span style=\"font-weight: 400;\">Le projet minier d\u2019Eldorado devait respecter les normes Ecologo, ce qui est le cas de l\u2019huile BIO-SYN HEES\u00a046 distribu\u00e9e par G\u00e9o-Mines pour le secteur minier. Celle-ci est rapidement biod\u00e9gradable (&gt;80\u00a0% en 28\u00a0jours). L\u2019huile est d\u2019ailleurs homologu\u00e9e Blue Angel et Ecolabel en Europe, deux normes parmi les plus strictes au monde.<\/span><\/p>\n<p><span style=\"font-weight: 400;\">L\u2019huile BIO-SYN HEES\u00a046 figure sur la liste des produits recommand\u00e9s par le minist\u00e8re de l\u2019Environnement et de la Lutte contre les changements climatiques.<\/span><\/p>\n","protected":false},"excerpt":{"rendered":"<p>La meilleure huile Biod\u00e9grable \u00e0 80% et certifi\u00e9 ECOLOGO la APRIL BIO-SYN HEES* 46.\u00a0 Offerte par G\u00e9o-Mines distributeur autoris\u00e9 pour le domaine minier au Canada, la HEES46 est une huile hydraulique rapidement biod\u00e9gradable (&gt;80% en 28 jours) de qualit\u00e9 sup\u00e9rieure fabriqu\u00e9e \u00e0 base d\u2019esters synth\u00e9tiques, d\u2019additifs \u00e9cologiques sans zinc et de la technologie de lubrifiants &#8230; <\/p>\n<p class=\"read-more-container\"><a title=\"BIO-SYN HEES 46 HUILE HYDRAULIQUE &#8211; Lubrifiants biod\u00e9gradables 80% certifi\u00e9 ECOLOGO\" class=\"read-more button\" href=\"https:\/\/geo-mines.com\/fr\/produit\/bio-syn-hees-46-huile-hydraulique-lubrifiants-biodegradables\/#more-1399\" aria-label=\"En savoir plus sur BIO-SYN HEES 46 HUILE HYDRAULIQUE &#8211; Lubrifiants biod\u00e9gradables 80% certifi\u00e9 ECOLOGO\">Lire plus<\/a><\/p>\n","protected":false},"featured_media":1398,"template":"","meta":{"_acf_changed":false,"inline_featured_image":false},"product_brand":[],"product_cat":[63],"product_tag":[],"class_list":{"0":"post-1399","1":"product","2":"type-product","3":"status-publish","4":"has-post-thumbnail","6":"product_cat-huile-hydraulique-bio-synthetique","7":"sales-flash-overlay","8":"woocommerce-text-align-left","9":"woocommerce-image-align-center","10":"do-quantity-buttons","12":"first","13":"outofstock","14":"taxable","15":"shipping-taxable","16":"product-type-simple"},"acf":[],"yoast_head":"<!-- This site is optimized with the Yoast SEO plugin v24.4 - https:\/\/yoast.com\/wordpress\/plugins\/seo\/ -->\n<title>BIO-SYN HEES 46 HUILE HYDRAULIQUE - Lubrifiants biod\u00e9gradables 80% certifi\u00e9 ECOLOGO - Geo Mines<\/title>\n<meta name=\"robots\" content=\"index, follow, max-snippet:-1, max-image-preview:large, max-video-preview:-1\" \/>\n<link rel=\"canonical\" href=\"https:\/\/geo-mines.com\/fr\/produit\/bio-syn-hees-46-huile-hydraulique-lubrifiants-biodegradables\/\" \/>\n<meta property=\"og:locale\" content=\"fr_FR\" \/>\n<meta property=\"og:type\" content=\"article\" \/>\n<meta property=\"og:title\" content=\"BIO-SYN HEES 46 HUILE HYDRAULIQUE - Lubrifiants biod\u00e9gradables 80% certifi\u00e9 ECOLOGO - Geo Mines\" \/>\n<meta property=\"og:description\" content=\"La meilleure huile Biod\u00e9grable \u00e0 80% et certifi\u00e9 ECOLOGO la APRIL BIO-SYN HEES* 46.\u00a0 Offerte par G\u00e9o-Mines distributeur autoris\u00e9 pour le domaine minier au Canada, la HEES46 est une huile hydraulique rapidement biod\u00e9gradable (&gt;80% en 28 jours) de qualit\u00e9 sup\u00e9rieure fabriqu\u00e9e \u00e0 base d\u2019esters synth\u00e9tiques, d\u2019additifs \u00e9cologiques sans zinc et de la technologie de lubrifiants ... Lire plus\" \/>\n<meta property=\"og:url\" content=\"https:\/\/geo-mines.com\/fr\/produit\/bio-syn-hees-46-huile-hydraulique-lubrifiants-biodegradables\/\" \/>\n<meta property=\"og:site_name\" content=\"Geo Mines\" \/>\n<meta property=\"article:modified_time\" content=\"2025-11-28T14:23:38+00:00\" \/>\n<meta property=\"og:image\" content=\"https:\/\/geo-mines.com\/wp-content\/uploads\/2023\/05\/April-Bio-Hydraulic-oil-synt-hees46-1.png\" \/>\n\t<meta property=\"og:image:width\" content=\"489\" \/>\n\t<meta property=\"og:image:height\" content=\"512\" \/>\n\t<meta property=\"og:image:type\" content=\"image\/png\" \/>\n<meta name=\"twitter:card\" content=\"summary_large_image\" \/>\n<meta name=\"twitter:label1\" content=\"Dur\u00e9e de lecture estim\u00e9e\" \/>\n\t<meta name=\"twitter:data1\" content=\"5 minutes\" \/>\n<script type=\"application\/ld+json\" class=\"yoast-schema-graph\">{\"@context\":\"https:\/\/schema.org\",\"@graph\":[{\"@type\":\"WebPage\",\"@id\":\"https:\/\/geo-mines.com\/fr\/produit\/bio-syn-hees-46-huile-hydraulique-lubrifiants-biodegradables\/\",\"url\":\"https:\/\/geo-mines.com\/fr\/produit\/bio-syn-hees-46-huile-hydraulique-lubrifiants-biodegradables\/\",\"name\":\"BIO-SYN HEES 46 HUILE HYDRAULIQUE - Lubrifiants biod\u00e9gradables 80% certifi\u00e9 ECOLOGO - Geo Mines\",\"isPartOf\":{\"@id\":\"https:\/\/geo-mines.com\/fr\/#website\"},\"primaryImageOfPage\":{\"@id\":\"https:\/\/geo-mines.com\/fr\/produit\/bio-syn-hees-46-huile-hydraulique-lubrifiants-biodegradables\/#primaryimage\"},\"image\":{\"@id\":\"https:\/\/geo-mines.com\/fr\/produit\/bio-syn-hees-46-huile-hydraulique-lubrifiants-biodegradables\/#primaryimage\"},\"thumbnailUrl\":\"https:\/\/geo-mines.com\/wp-content\/uploads\/2023\/05\/April-Bio-Hydraulic-oil-synt-hees46-1.png\",\"datePublished\":\"2023-05-31T16:46:30+00:00\",\"dateModified\":\"2025-11-28T14:23:38+00:00\",\"breadcrumb\":{\"@id\":\"https:\/\/geo-mines.com\/fr\/produit\/bio-syn-hees-46-huile-hydraulique-lubrifiants-biodegradables\/#breadcrumb\"},\"inLanguage\":\"fr-FR\",\"potentialAction\":[{\"@type\":\"ReadAction\",\"target\":[\"https:\/\/geo-mines.com\/fr\/produit\/bio-syn-hees-46-huile-hydraulique-lubrifiants-biodegradables\/\"]}]},{\"@type\":\"ImageObject\",\"inLanguage\":\"fr-FR\",\"@id\":\"https:\/\/geo-mines.com\/fr\/produit\/bio-syn-hees-46-huile-hydraulique-lubrifiants-biodegradables\/#primaryimage\",\"url\":\"https:\/\/geo-mines.com\/wp-content\/uploads\/2023\/05\/April-Bio-Hydraulic-oil-synt-hees46-1.png\",\"contentUrl\":\"https:\/\/geo-mines.com\/wp-content\/uploads\/2023\/05\/April-Bio-Hydraulic-oil-synt-hees46-1.png\",\"width\":489,\"height\":512},{\"@type\":\"BreadcrumbList\",\"@id\":\"https:\/\/geo-mines.com\/fr\/produit\/bio-syn-hees-46-huile-hydraulique-lubrifiants-biodegradables\/#breadcrumb\",\"itemListElement\":[{\"@type\":\"ListItem\",\"position\":1,\"name\":\"Home\",\"item\":\"https:\/\/geo-mines.com\/fr\/\"},{\"@type\":\"ListItem\",\"position\":2,\"name\":\"Boutique\",\"item\":\"https:\/\/geo-mines.com\/fr\/boutique\/\"},{\"@type\":\"ListItem\",\"position\":3,\"name\":\"BIO-SYN HEES 46 HUILE HYDRAULIQUE &#8211; Lubrifiants biod\u00e9gradables 80% certifi\u00e9 ECOLOGO\"}]},{\"@type\":\"WebSite\",\"@id\":\"https:\/\/geo-mines.com\/fr\/#website\",\"url\":\"https:\/\/geo-mines.com\/fr\/\",\"name\":\"Geo Mines\",\"description\":\"\",\"publisher\":{\"@id\":\"https:\/\/geo-mines.com\/fr\/#organization\"},\"potentialAction\":[{\"@type\":\"SearchAction\",\"target\":{\"@type\":\"EntryPoint\",\"urlTemplate\":\"https:\/\/geo-mines.com\/fr\/?s={search_term_string}\"},\"query-input\":{\"@type\":\"PropertyValueSpecification\",\"valueRequired\":true,\"valueName\":\"search_term_string\"}}],\"inLanguage\":\"fr-FR\"},{\"@type\":\"Organization\",\"@id\":\"https:\/\/geo-mines.com\/fr\/#organization\",\"name\":\"Geo Mines\",\"url\":\"https:\/\/geo-mines.com\/fr\/\",\"logo\":{\"@type\":\"ImageObject\",\"inLanguage\":\"fr-FR\",\"@id\":\"https:\/\/geo-mines.com\/fr\/#\/schema\/logo\/image\/\",\"url\":\"https:\/\/geo-mines.com\/wp-content\/uploads\/2022\/09\/logo-white-1.png\",\"contentUrl\":\"https:\/\/geo-mines.com\/wp-content\/uploads\/2022\/09\/logo-white-1.png\",\"width\":720,\"height\":480,\"caption\":\"Geo Mines\"},\"image\":{\"@id\":\"https:\/\/geo-mines.com\/fr\/#\/schema\/logo\/image\/\"}}]}<\/script>\n<!-- \/ Yoast SEO plugin. -->","yoast_head_json":{"title":"BIO-SYN HEES 46 HUILE HYDRAULIQUE - Lubrifiants biod\u00e9gradables 80% certifi\u00e9 ECOLOGO - Geo Mines","robots":{"index":"index","follow":"follow","max-snippet":"max-snippet:-1","max-image-preview":"max-image-preview:large","max-video-preview":"max-video-preview:-1"},"canonical":"https:\/\/geo-mines.com\/fr\/produit\/bio-syn-hees-46-huile-hydraulique-lubrifiants-biodegradables\/","og_locale":"fr_FR","og_type":"article","og_title":"BIO-SYN HEES 46 HUILE HYDRAULIQUE - Lubrifiants biod\u00e9gradables 80% certifi\u00e9 ECOLOGO - Geo Mines","og_description":"La meilleure huile Biod\u00e9grable \u00e0 80% et certifi\u00e9 ECOLOGO la APRIL BIO-SYN HEES* 46.\u00a0 Offerte par G\u00e9o-Mines distributeur autoris\u00e9 pour le domaine minier au Canada, la HEES46 est une huile hydraulique rapidement biod\u00e9gradable (&gt;80% en 28 jours) de qualit\u00e9 sup\u00e9rieure fabriqu\u00e9e \u00e0 base d\u2019esters synth\u00e9tiques, d\u2019additifs \u00e9cologiques sans zinc et de la technologie de lubrifiants ... Lire plus","og_url":"https:\/\/geo-mines.com\/fr\/produit\/bio-syn-hees-46-huile-hydraulique-lubrifiants-biodegradables\/","og_site_name":"Geo Mines","article_modified_time":"2025-11-28T14:23:38+00:00","og_image":[{"width":489,"height":512,"url":"https:\/\/geo-mines.com\/wp-content\/uploads\/2023\/05\/April-Bio-Hydraulic-oil-synt-hees46-1.png","type":"image\/png"}],"twitter_card":"summary_large_image","twitter_misc":{"Dur\u00e9e de lecture estim\u00e9e":"5 minutes"},"schema":{"@context":"https:\/\/schema.org","@graph":[{"@type":"WebPage","@id":"https:\/\/geo-mines.com\/fr\/produit\/bio-syn-hees-46-huile-hydraulique-lubrifiants-biodegradables\/","url":"https:\/\/geo-mines.com\/fr\/produit\/bio-syn-hees-46-huile-hydraulique-lubrifiants-biodegradables\/","name":"BIO-SYN HEES 46 HUILE HYDRAULIQUE - Lubrifiants biod\u00e9gradables 80% certifi\u00e9 ECOLOGO - Geo Mines","isPartOf":{"@id":"https:\/\/geo-mines.com\/fr\/#website"},"primaryImageOfPage":{"@id":"https:\/\/geo-mines.com\/fr\/produit\/bio-syn-hees-46-huile-hydraulique-lubrifiants-biodegradables\/#primaryimage"},"image":{"@id":"https:\/\/geo-mines.com\/fr\/produit\/bio-syn-hees-46-huile-hydraulique-lubrifiants-biodegradables\/#primaryimage"},"thumbnailUrl":"https:\/\/geo-mines.com\/wp-content\/uploads\/2023\/05\/April-Bio-Hydraulic-oil-synt-hees46-1.png","datePublished":"2023-05-31T16:46:30+00:00","dateModified":"2025-11-28T14:23:38+00:00","breadcrumb":{"@id":"https:\/\/geo-mines.com\/fr\/produit\/bio-syn-hees-46-huile-hydraulique-lubrifiants-biodegradables\/#breadcrumb"},"inLanguage":"fr-FR","potentialAction":[{"@type":"ReadAction","target":["https:\/\/geo-mines.com\/fr\/produit\/bio-syn-hees-46-huile-hydraulique-lubrifiants-biodegradables\/"]}]},{"@type":"ImageObject","inLanguage":"fr-FR","@id":"https:\/\/geo-mines.com\/fr\/produit\/bio-syn-hees-46-huile-hydraulique-lubrifiants-biodegradables\/#primaryimage","url":"https:\/\/geo-mines.com\/wp-content\/uploads\/2023\/05\/April-Bio-Hydraulic-oil-synt-hees46-1.png","contentUrl":"https:\/\/geo-mines.com\/wp-content\/uploads\/2023\/05\/April-Bio-Hydraulic-oil-synt-hees46-1.png","width":489,"height":512},{"@type":"BreadcrumbList","@id":"https:\/\/geo-mines.com\/fr\/produit\/bio-syn-hees-46-huile-hydraulique-lubrifiants-biodegradables\/#breadcrumb","itemListElement":[{"@type":"ListItem","position":1,"name":"Home","item":"https:\/\/geo-mines.com\/fr\/"},{"@type":"ListItem","position":2,"name":"Boutique","item":"https:\/\/geo-mines.com\/fr\/boutique\/"},{"@type":"ListItem","position":3,"name":"BIO-SYN HEES 46 HUILE HYDRAULIQUE &#8211; Lubrifiants biod\u00e9gradables 80% certifi\u00e9 ECOLOGO"}]},{"@type":"WebSite","@id":"https:\/\/geo-mines.com\/fr\/#website","url":"https:\/\/geo-mines.com\/fr\/","name":"Geo Mines","description":"","publisher":{"@id":"https:\/\/geo-mines.com\/fr\/#organization"},"potentialAction":[{"@type":"SearchAction","target":{"@type":"EntryPoint","urlTemplate":"https:\/\/geo-mines.com\/fr\/?s={search_term_string}"},"query-input":{"@type":"PropertyValueSpecification","valueRequired":true,"valueName":"search_term_string"}}],"inLanguage":"fr-FR"},{"@type":"Organization","@id":"https:\/\/geo-mines.com\/fr\/#organization","name":"Geo Mines","url":"https:\/\/geo-mines.com\/fr\/","logo":{"@type":"ImageObject","inLanguage":"fr-FR","@id":"https:\/\/geo-mines.com\/fr\/#\/schema\/logo\/image\/","url":"https:\/\/geo-mines.com\/wp-content\/uploads\/2022\/09\/logo-white-1.png","contentUrl":"https:\/\/geo-mines.com\/wp-content\/uploads\/2022\/09\/logo-white-1.png","width":720,"height":480,"caption":"Geo Mines"},"image":{"@id":"https:\/\/geo-mines.com\/fr\/#\/schema\/logo\/image\/"}}]}},"_links":{"self":[{"href":"https:\/\/geo-mines.com\/fr\/wp-json\/wp\/v2\/product\/1399","targetHints":{"allow":["GET"]}}],"collection":[{"href":"https:\/\/geo-mines.com\/fr\/wp-json\/wp\/v2\/product"}],"about":[{"href":"https:\/\/geo-mines.com\/fr\/wp-json\/wp\/v2\/types\/product"}],"wp:featuredmedia":[{"embeddable":true,"href":"https:\/\/geo-mines.com\/fr\/wp-json\/wp\/v2\/media\/1398"}],"wp:attachment":[{"href":"https:\/\/geo-mines.com\/fr\/wp-json\/wp\/v2\/media?parent=1399"}],"wp:term":[{"taxonomy":"product_brand","embeddable":true,"href":"https:\/\/geo-mines.com\/fr\/wp-json\/wp\/v2\/product_brand?post=1399"},{"taxonomy":"product_cat","embeddable":true,"href":"https:\/\/geo-mines.com\/fr\/wp-json\/wp\/v2\/product_cat?post=1399"},{"taxonomy":"product_tag","embeddable":true,"href":"https:\/\/geo-mines.com\/fr\/wp-json\/wp\/v2\/product_tag?post=1399"}],"curies":[{"name":"wp","href":"https:\/\/api.w.org\/{rel}","templated":true}]}}