{"id":1625,"date":"2023-11-06T22:31:14","date_gmt":"2023-11-06T22:31:14","guid":{"rendered":"https:\/\/geo-mines.com\/?post_type=product&#038;p=1625"},"modified":"2025-11-05T13:55:15","modified_gmt":"2025-11-05T18:55:15","slug":"sur-demande-gant-anti-impact-avec-anti-coupure","status":"publish","type":"product","link":"https:\/\/geo-mines.com\/fr\/produit\/sur-demande-gant-anti-impact-avec-anti-coupure\/","title":{"rendered":"Nouveau: Gants anti-impact avec anti-coupure A6"},"content":{"rendered":"<p>Nouveau sur demande: Gant anti-impact et anti-cut A6<\/p>\n<div class=\"item-content active\">\n<div><b>Gants pour forage ext\u00e9rieur (nouveau mod\u00e8le) :<\/b><\/div>\n<div>\n<table cellspacing=\"0\" cellpadding=\"0\">\n<tbody>\n<tr>\n<td valign=\"top\">\n<ul>\n<li>Mat\u00e9riel tr\u00e8s r\u00e9sistant niveau 13<\/li>\n<li>Coupure r\u00e9sistant A6<\/li>\n<li>Doublure avec une couche de nitrile noir sur la paume avec un finit sablonneux.<\/li>\n<li>Impact TPR sur le dos du gant<\/li>\n<li>Renforcement entre les doigts<\/li>\n<li>Poignet ouvert style de style safety en neoprene<\/li>\n<\/ul>\n<\/td>\n<\/tr>\n<\/tbody>\n<\/table>\n<\/div>\n<div><img decoding=\"async\" class=\"lazyloaded\" src=\"https:\/\/www.nmsafety.com\/wp-content\/uploads\/2021\/12\/CAT-II.jpg\" alt=\"CAT-II\" data-ll-status=\"loaded\" data-unique-identifier=\"\" \/> \u00a0\u00a0\u00a0 <img decoding=\"async\" class=\"lazyloaded\" src=\"https:\/\/www.nmsafety.com\/wp-content\/uploads\/2021\/12\/EN-ISO-21420.jpg\" alt=\"EN-ISO-21420\" data-ll-status=\"loaded\" data-unique-identifier=\"\" \/> \u00a0 \u00a0 <img decoding=\"async\" class=\"lazyloaded\" src=\"https:\/\/www.nmsafety.com\/wp-content\/uploads\/2022\/02\/4X44EP.jpg\" alt=\"4X44EP\" data-ll-status=\"loaded\" data-unique-identifier=\"\" \/> \u00a0\u00a0\u00a0 <img decoding=\"async\" class=\"lazyloaded\" src=\"https:\/\/www.nmsafety.com\/wp-content\/uploads\/2021\/12\/ANSI-ISEA-IMPACT-LEVEL-1.jpg\" alt=\"ANSI-ISEA-IMPACT-LEVEL-1\" data-ll-status=\"loaded\" data-unique-identifier=\"\" \/> \u00a0 <img decoding=\"async\" class=\"lazyloaded\" src=\"https:\/\/www.nmsafety.com\/wp-content\/uploads\/2021\/12\/EN388-2003-4544.jpg\" alt=\"EN388 2003 4544\" data-ll-status=\"loaded\" data-unique-identifier=\"\" \/> \u00a0\u00a0\u00a0\u00a0 <img loading=\"lazy\" decoding=\"async\" class=\"alignnone size-medium wp-image-2145\" src=\"https:\/\/geo-mines.com\/wp-content\/uploads\/2023\/11\/ansi-isea-cut-level-a6-300x225.webp\" alt=\"\" width=\"300\" height=\"225\" srcset=\"https:\/\/geo-mines.com\/wp-content\/uploads\/2023\/11\/ansi-isea-cut-level-a6-300x225.webp 300w, https:\/\/geo-mines.com\/wp-content\/uploads\/2023\/11\/ansi-isea-cut-level-a6.webp 400w\" sizes=\"auto, (max-width: 300px) 100vw, 300px\" \/><\/div>\n<\/div>\n<p>&nbsp;<\/p>\n","protected":false},"excerpt":{"rendered":"<p>Nouveau sur demande: Gant anti-impact et anti-cut A6 Gants pour forage ext\u00e9rieur (nouveau mod\u00e8le) : Mat\u00e9riel tr\u00e8s r\u00e9sistant niveau 13 Coupure r\u00e9sistant A6 Doublure avec une couche de nitrile noir sur la paume avec un finit sablonneux. Impact TPR sur le dos du gant Renforcement entre les doigts Poignet ouvert style de style safety en &#8230; <\/p>\n<p class=\"read-more-container\"><a title=\"Nouveau: Gants anti-impact avec anti-coupure A6\" class=\"read-more button\" href=\"https:\/\/geo-mines.com\/fr\/produit\/sur-demande-gant-anti-impact-avec-anti-coupure\/#more-1625\" aria-label=\"En savoir plus sur Nouveau: Gants anti-impact avec anti-coupure A6\">Lire plus<\/a><\/p>\n","protected":false},"featured_media":2204,"template":"","meta":{"_acf_changed":false,"inline_featured_image":false},"product_brand":[],"product_cat":[49],"product_tag":[],"class_list":{"0":"post-1625","1":"product","2":"type-product","3":"status-publish","4":"has-post-thumbnail","6":"product_cat-equipements-de-securite","7":"sales-flash-overlay","8":"woocommerce-text-align-left","9":"woocommerce-image-align-center","10":"do-quantity-buttons","12":"first","13":"outofstock","14":"taxable","15":"shipping-taxable","16":"product-type-simple"},"acf":[],"yoast_head":"<!-- This site is optimized with the Yoast SEO plugin v24.4 - https:\/\/yoast.com\/wordpress\/plugins\/seo\/ -->\n<title>Nouveau: Gants anti-impact avec anti-coupure A6 - Geo Mines<\/title>\n<meta name=\"robots\" content=\"index, follow, max-snippet:-1, max-image-preview:large, max-video-preview:-1\" \/>\n<link rel=\"canonical\" href=\"https:\/\/geo-mines.com\/fr\/produit\/sur-demande-gant-anti-impact-avec-anti-coupure\/\" \/>\n<meta property=\"og:locale\" content=\"fr_FR\" \/>\n<meta property=\"og:type\" content=\"article\" \/>\n<meta property=\"og:title\" content=\"Nouveau: Gants anti-impact avec anti-coupure A6 - Geo Mines\" \/>\n<meta property=\"og:description\" content=\"Nouveau sur demande: Gant anti-impact et anti-cut A6 Gants pour forage ext\u00e9rieur (nouveau mod\u00e8le) : Mat\u00e9riel tr\u00e8s r\u00e9sistant niveau 13 Coupure r\u00e9sistant A6 Doublure avec une couche de nitrile noir sur la paume avec un finit sablonneux. Impact TPR sur le dos du gant Renforcement entre les doigts Poignet ouvert style de style safety en ... Lire plus\" \/>\n<meta property=\"og:url\" content=\"https:\/\/geo-mines.com\/fr\/produit\/sur-demande-gant-anti-impact-avec-anti-coupure\/\" \/>\n<meta property=\"og:site_name\" content=\"Geo Mines\" \/>\n<meta property=\"article:modified_time\" content=\"2025-11-05T18:55:15+00:00\" \/>\n<meta property=\"og:image\" content=\"https:\/\/geo-mines.com\/wp-content\/uploads\/2023\/11\/Gants-A6-Gloves-Geo-Mines.png\" \/>\n\t<meta property=\"og:image:width\" content=\"481\" \/>\n\t<meta property=\"og:image:height\" content=\"489\" \/>\n\t<meta property=\"og:image:type\" content=\"image\/png\" \/>\n<meta name=\"twitter:card\" content=\"summary_large_image\" \/>\n<meta name=\"twitter:label1\" content=\"Dur\u00e9e de lecture estim\u00e9e\" \/>\n\t<meta name=\"twitter:data1\" content=\"2 minutes\" \/>\n<script type=\"application\/ld+json\" class=\"yoast-schema-graph\">{\"@context\":\"https:\/\/schema.org\",\"@graph\":[{\"@type\":\"WebPage\",\"@id\":\"https:\/\/geo-mines.com\/fr\/produit\/sur-demande-gant-anti-impact-avec-anti-coupure\/\",\"url\":\"https:\/\/geo-mines.com\/fr\/produit\/sur-demande-gant-anti-impact-avec-anti-coupure\/\",\"name\":\"Nouveau: Gants anti-impact avec anti-coupure A6 - Geo Mines\",\"isPartOf\":{\"@id\":\"https:\/\/geo-mines.com\/fr\/#website\"},\"primaryImageOfPage\":{\"@id\":\"https:\/\/geo-mines.com\/fr\/produit\/sur-demande-gant-anti-impact-avec-anti-coupure\/#primaryimage\"},\"image\":{\"@id\":\"https:\/\/geo-mines.com\/fr\/produit\/sur-demande-gant-anti-impact-avec-anti-coupure\/#primaryimage\"},\"thumbnailUrl\":\"https:\/\/geo-mines.com\/wp-content\/uploads\/2023\/11\/Gants-A6-Gloves-Geo-Mines.png\",\"datePublished\":\"2023-11-06T22:31:14+00:00\",\"dateModified\":\"2025-11-05T18:55:15+00:00\",\"breadcrumb\":{\"@id\":\"https:\/\/geo-mines.com\/fr\/produit\/sur-demande-gant-anti-impact-avec-anti-coupure\/#breadcrumb\"},\"inLanguage\":\"fr-FR\",\"potentialAction\":[{\"@type\":\"ReadAction\",\"target\":[\"https:\/\/geo-mines.com\/fr\/produit\/sur-demande-gant-anti-impact-avec-anti-coupure\/\"]}]},{\"@type\":\"ImageObject\",\"inLanguage\":\"fr-FR\",\"@id\":\"https:\/\/geo-mines.com\/fr\/produit\/sur-demande-gant-anti-impact-avec-anti-coupure\/#primaryimage\",\"url\":\"https:\/\/geo-mines.com\/wp-content\/uploads\/2023\/11\/Gants-A6-Gloves-Geo-Mines.png\",\"contentUrl\":\"https:\/\/geo-mines.com\/wp-content\/uploads\/2023\/11\/Gants-A6-Gloves-Geo-Mines.png\",\"width\":481,\"height\":489,\"caption\":\"Gants A6 de G\u00e9o-Mines\"},{\"@type\":\"BreadcrumbList\",\"@id\":\"https:\/\/geo-mines.com\/fr\/produit\/sur-demande-gant-anti-impact-avec-anti-coupure\/#breadcrumb\",\"itemListElement\":[{\"@type\":\"ListItem\",\"position\":1,\"name\":\"Home\",\"item\":\"https:\/\/geo-mines.com\/fr\/\"},{\"@type\":\"ListItem\",\"position\":2,\"name\":\"Boutique\",\"item\":\"https:\/\/geo-mines.com\/fr\/boutique\/\"},{\"@type\":\"ListItem\",\"position\":3,\"name\":\"Nouveau: Gants anti-impact avec anti-coupure A6\"}]},{\"@type\":\"WebSite\",\"@id\":\"https:\/\/geo-mines.com\/fr\/#website\",\"url\":\"https:\/\/geo-mines.com\/fr\/\",\"name\":\"Geo Mines\",\"description\":\"\",\"publisher\":{\"@id\":\"https:\/\/geo-mines.com\/fr\/#organization\"},\"potentialAction\":[{\"@type\":\"SearchAction\",\"target\":{\"@type\":\"EntryPoint\",\"urlTemplate\":\"https:\/\/geo-mines.com\/fr\/?s={search_term_string}\"},\"query-input\":{\"@type\":\"PropertyValueSpecification\",\"valueRequired\":true,\"valueName\":\"search_term_string\"}}],\"inLanguage\":\"fr-FR\"},{\"@type\":\"Organization\",\"@id\":\"https:\/\/geo-mines.com\/fr\/#organization\",\"name\":\"Geo Mines\",\"url\":\"https:\/\/geo-mines.com\/fr\/\",\"logo\":{\"@type\":\"ImageObject\",\"inLanguage\":\"fr-FR\",\"@id\":\"https:\/\/geo-mines.com\/fr\/#\/schema\/logo\/image\/\",\"url\":\"https:\/\/geo-mines.com\/wp-content\/uploads\/2022\/09\/logo-white-1.png\",\"contentUrl\":\"https:\/\/geo-mines.com\/wp-content\/uploads\/2022\/09\/logo-white-1.png\",\"width\":720,\"height\":480,\"caption\":\"Geo Mines\"},\"image\":{\"@id\":\"https:\/\/geo-mines.com\/fr\/#\/schema\/logo\/image\/\"}}]}<\/script>\n<!-- \/ Yoast SEO plugin. -->","yoast_head_json":{"title":"Nouveau: Gants anti-impact avec anti-coupure A6 - Geo Mines","robots":{"index":"index","follow":"follow","max-snippet":"max-snippet:-1","max-image-preview":"max-image-preview:large","max-video-preview":"max-video-preview:-1"},"canonical":"https:\/\/geo-mines.com\/fr\/produit\/sur-demande-gant-anti-impact-avec-anti-coupure\/","og_locale":"fr_FR","og_type":"article","og_title":"Nouveau: Gants anti-impact avec anti-coupure A6 - Geo Mines","og_description":"Nouveau sur demande: Gant anti-impact et anti-cut A6 Gants pour forage ext\u00e9rieur (nouveau mod\u00e8le) : Mat\u00e9riel tr\u00e8s r\u00e9sistant niveau 13 Coupure r\u00e9sistant A6 Doublure avec une couche de nitrile noir sur la paume avec un finit sablonneux. Impact TPR sur le dos du gant Renforcement entre les doigts Poignet ouvert style de style safety en ... Lire plus","og_url":"https:\/\/geo-mines.com\/fr\/produit\/sur-demande-gant-anti-impact-avec-anti-coupure\/","og_site_name":"Geo Mines","article_modified_time":"2025-11-05T18:55:15+00:00","og_image":[{"width":481,"height":489,"url":"https:\/\/geo-mines.com\/wp-content\/uploads\/2023\/11\/Gants-A6-Gloves-Geo-Mines.png","type":"image\/png"}],"twitter_card":"summary_large_image","twitter_misc":{"Dur\u00e9e de lecture estim\u00e9e":"2 minutes"},"schema":{"@context":"https:\/\/schema.org","@graph":[{"@type":"WebPage","@id":"https:\/\/geo-mines.com\/fr\/produit\/sur-demande-gant-anti-impact-avec-anti-coupure\/","url":"https:\/\/geo-mines.com\/fr\/produit\/sur-demande-gant-anti-impact-avec-anti-coupure\/","name":"Nouveau: Gants anti-impact avec anti-coupure A6 - Geo Mines","isPartOf":{"@id":"https:\/\/geo-mines.com\/fr\/#website"},"primaryImageOfPage":{"@id":"https:\/\/geo-mines.com\/fr\/produit\/sur-demande-gant-anti-impact-avec-anti-coupure\/#primaryimage"},"image":{"@id":"https:\/\/geo-mines.com\/fr\/produit\/sur-demande-gant-anti-impact-avec-anti-coupure\/#primaryimage"},"thumbnailUrl":"https:\/\/geo-mines.com\/wp-content\/uploads\/2023\/11\/Gants-A6-Gloves-Geo-Mines.png","datePublished":"2023-11-06T22:31:14+00:00","dateModified":"2025-11-05T18:55:15+00:00","breadcrumb":{"@id":"https:\/\/geo-mines.com\/fr\/produit\/sur-demande-gant-anti-impact-avec-anti-coupure\/#breadcrumb"},"inLanguage":"fr-FR","potentialAction":[{"@type":"ReadAction","target":["https:\/\/geo-mines.com\/fr\/produit\/sur-demande-gant-anti-impact-avec-anti-coupure\/"]}]},{"@type":"ImageObject","inLanguage":"fr-FR","@id":"https:\/\/geo-mines.com\/fr\/produit\/sur-demande-gant-anti-impact-avec-anti-coupure\/#primaryimage","url":"https:\/\/geo-mines.com\/wp-content\/uploads\/2023\/11\/Gants-A6-Gloves-Geo-Mines.png","contentUrl":"https:\/\/geo-mines.com\/wp-content\/uploads\/2023\/11\/Gants-A6-Gloves-Geo-Mines.png","width":481,"height":489,"caption":"Gants A6 de G\u00e9o-Mines"},{"@type":"BreadcrumbList","@id":"https:\/\/geo-mines.com\/fr\/produit\/sur-demande-gant-anti-impact-avec-anti-coupure\/#breadcrumb","itemListElement":[{"@type":"ListItem","position":1,"name":"Home","item":"https:\/\/geo-mines.com\/fr\/"},{"@type":"ListItem","position":2,"name":"Boutique","item":"https:\/\/geo-mines.com\/fr\/boutique\/"},{"@type":"ListItem","position":3,"name":"Nouveau: Gants anti-impact avec anti-coupure A6"}]},{"@type":"WebSite","@id":"https:\/\/geo-mines.com\/fr\/#website","url":"https:\/\/geo-mines.com\/fr\/","name":"Geo Mines","description":"","publisher":{"@id":"https:\/\/geo-mines.com\/fr\/#organization"},"potentialAction":[{"@type":"SearchAction","target":{"@type":"EntryPoint","urlTemplate":"https:\/\/geo-mines.com\/fr\/?s={search_term_string}"},"query-input":{"@type":"PropertyValueSpecification","valueRequired":true,"valueName":"search_term_string"}}],"inLanguage":"fr-FR"},{"@type":"Organization","@id":"https:\/\/geo-mines.com\/fr\/#organization","name":"Geo Mines","url":"https:\/\/geo-mines.com\/fr\/","logo":{"@type":"ImageObject","inLanguage":"fr-FR","@id":"https:\/\/geo-mines.com\/fr\/#\/schema\/logo\/image\/","url":"https:\/\/geo-mines.com\/wp-content\/uploads\/2022\/09\/logo-white-1.png","contentUrl":"https:\/\/geo-mines.com\/wp-content\/uploads\/2022\/09\/logo-white-1.png","width":720,"height":480,"caption":"Geo Mines"},"image":{"@id":"https:\/\/geo-mines.com\/fr\/#\/schema\/logo\/image\/"}}]}},"_links":{"self":[{"href":"https:\/\/geo-mines.com\/fr\/wp-json\/wp\/v2\/product\/1625","targetHints":{"allow":["GET"]}}],"collection":[{"href":"https:\/\/geo-mines.com\/fr\/wp-json\/wp\/v2\/product"}],"about":[{"href":"https:\/\/geo-mines.com\/fr\/wp-json\/wp\/v2\/types\/product"}],"wp:featuredmedia":[{"embeddable":true,"href":"https:\/\/geo-mines.com\/fr\/wp-json\/wp\/v2\/media\/2204"}],"wp:attachment":[{"href":"https:\/\/geo-mines.com\/fr\/wp-json\/wp\/v2\/media?parent=1625"}],"wp:term":[{"taxonomy":"product_brand","embeddable":true,"href":"https:\/\/geo-mines.com\/fr\/wp-json\/wp\/v2\/product_brand?post=1625"},{"taxonomy":"product_cat","embeddable":true,"href":"https:\/\/geo-mines.com\/fr\/wp-json\/wp\/v2\/product_cat?post=1625"},{"taxonomy":"product_tag","embeddable":true,"href":"https:\/\/geo-mines.com\/fr\/wp-json\/wp\/v2\/product_tag?post=1625"}],"curies":[{"name":"wp","href":"https:\/\/api.w.org\/{rel}","templated":true}]}}