{"id":1713,"date":"2023-11-15T21:02:57","date_gmt":"2023-11-15T21:02:57","guid":{"rendered":"https:\/\/geo-mines.com\/?post_type=product&#038;p=1713"},"modified":"2025-11-30T19:58:35","modified_gmt":"2025-12-01T00:58:35","slug":"fonderie","status":"publish","type":"product","link":"https:\/\/geo-mines.com\/fr\/produit\/fonderie\/","title":{"rendered":"Pi\u00e8ce de moulage casting"},"content":{"rendered":"<p>Tout au long du processus, nous sugg\u00e9rons des \u00e9l\u00e9ments de conception qui produiront les meilleures pi\u00e8ces moul\u00e9es aux co\u00fbts les plus bas. Nous travaillons avec une vari\u00e9t\u00e9 de mat\u00e9riaux moul\u00e9s, y compris des fers sp\u00e9ciaux, de l\u2019aluminium, des alliages d\u2019acier et de l\u2019acier inoxydable pour produire des pi\u00e8ces moul\u00e9es en volume.<\/p>\n<p>Le casting permet de limiter le recours \u00e0 la soudure, ce qui accro\u00eet la solidit\u00e9 et la fiabilit\u00e9 de certaines pi\u00e8ces. Vous obtenez des pi\u00e8ces au fini impeccable, \u00e0 des co\u00fbts comp\u00e9titifs.<\/p>\n<p>Cette technique de fabrication a l\u2019avantage de garder un meilleur standard de fabrication.<\/p>\n<p>Que vous nous apportiez un \u00e9chantillon de pi\u00e8ce, des fichiers CAO (CAD), nous cr\u00e9ons une conception personnalis\u00e9e qui donne vie \u00e0 votre id\u00e9e de la mani\u00e8re la plus efficace possible.<\/p>\n<p>G\u00e9o-Mines propose ses services de casting autant \u00e0 l\u2019industrie mini\u00e8re ou qu\u2019\u00e0 tout autre secteur industriel ou manufacturier.<\/p>\n","protected":false},"excerpt":{"rendered":"<p>La fabrication sur mesure en couplage d\u2019acier s\u2019impose souvent comme la plus avantageuse en mati\u00e8re de co\u00fbts, de fiabilit\u00e9 et de flexibilit\u00e9. G\u00e9o-Mines se sp\u00e9cialise et fabrique sur mesure pour vous des outils ou des pi\u00e8ces moul\u00e9es en diff\u00e9rents alliages d\u2019acier.<\/p>\n","protected":false},"featured_media":1679,"template":"","meta":{"_acf_changed":false,"inline_featured_image":false},"product_brand":[],"product_cat":[67],"product_tag":[],"class_list":{"0":"post-1713","1":"product","2":"type-product","3":"status-publish","4":"has-post-thumbnail","6":"product_cat-fonderie","7":"sales-flash-overlay","8":"woocommerce-text-align-left","9":"woocommerce-image-align-center","10":"do-quantity-buttons","12":"first","13":"outofstock","14":"taxable","15":"shipping-taxable","16":"product-type-simple"},"acf":[],"yoast_head":"<!-- This site is optimized with the Yoast SEO plugin v24.4 - https:\/\/yoast.com\/wordpress\/plugins\/seo\/ -->\n<title>Pi\u00e8ce de moulage casting - Geo Mines<\/title>\n<meta name=\"description\" content=\"Que vous nous apportiez un \u00e9chantillon de pi\u00e8ce, des fichiers CAO (CAD), nous cr\u00e9ons une conception d\u2019outil personnalis\u00e9e.\" \/>\n<meta name=\"robots\" content=\"index, follow, max-snippet:-1, max-image-preview:large, max-video-preview:-1\" \/>\n<link rel=\"canonical\" href=\"https:\/\/geo-mines.com\/fr\/produit\/fonderie\/\" \/>\n<meta property=\"og:locale\" content=\"fr_FR\" \/>\n<meta property=\"og:type\" content=\"article\" \/>\n<meta property=\"og:title\" content=\"Pi\u00e8ce de moulage casting - Geo Mines\" \/>\n<meta property=\"og:description\" content=\"Que vous nous apportiez un \u00e9chantillon de pi\u00e8ce, des fichiers CAO (CAD), nous cr\u00e9ons une conception d\u2019outil personnalis\u00e9e.\" \/>\n<meta property=\"og:url\" content=\"https:\/\/geo-mines.com\/fr\/produit\/fonderie\/\" \/>\n<meta property=\"og:site_name\" content=\"Geo Mines\" \/>\n<meta property=\"article:modified_time\" content=\"2025-12-01T00:58:35+00:00\" \/>\n<meta property=\"og:image\" content=\"https:\/\/geo-mines.com\/wp-content\/uploads\/2023\/11\/Figure-1-Die-cast-zinc-parts.webp\" \/>\n\t<meta property=\"og:image:width\" content=\"800\" \/>\n\t<meta property=\"og:image:height\" content=\"487\" \/>\n\t<meta property=\"og:image:type\" content=\"image\/webp\" \/>\n<meta name=\"twitter:card\" content=\"summary_large_image\" \/>\n<meta name=\"twitter:label1\" content=\"Dur\u00e9e de lecture estim\u00e9e\" \/>\n\t<meta name=\"twitter:data1\" content=\"1 minute\" \/>\n<script type=\"application\/ld+json\" class=\"yoast-schema-graph\">{\"@context\":\"https:\/\/schema.org\",\"@graph\":[{\"@type\":\"WebPage\",\"@id\":\"https:\/\/geo-mines.com\/fr\/produit\/fonderie\/\",\"url\":\"https:\/\/geo-mines.com\/fr\/produit\/fonderie\/\",\"name\":\"Pi\u00e8ce de moulage casting - Geo Mines\",\"isPartOf\":{\"@id\":\"https:\/\/geo-mines.com\/fr\/#website\"},\"primaryImageOfPage\":{\"@id\":\"https:\/\/geo-mines.com\/fr\/produit\/fonderie\/#primaryimage\"},\"image\":{\"@id\":\"https:\/\/geo-mines.com\/fr\/produit\/fonderie\/#primaryimage\"},\"thumbnailUrl\":\"https:\/\/geo-mines.com\/wp-content\/uploads\/2023\/11\/Figure-1-Die-cast-zinc-parts.webp\",\"datePublished\":\"2023-11-15T21:02:57+00:00\",\"dateModified\":\"2025-12-01T00:58:35+00:00\",\"description\":\"Que vous nous apportiez un \u00e9chantillon de pi\u00e8ce, des fichiers CAO (CAD), nous cr\u00e9ons une conception d\u2019outil personnalis\u00e9e.\",\"breadcrumb\":{\"@id\":\"https:\/\/geo-mines.com\/fr\/produit\/fonderie\/#breadcrumb\"},\"inLanguage\":\"fr-FR\",\"potentialAction\":[{\"@type\":\"ReadAction\",\"target\":[\"https:\/\/geo-mines.com\/fr\/produit\/fonderie\/\"]}]},{\"@type\":\"ImageObject\",\"inLanguage\":\"fr-FR\",\"@id\":\"https:\/\/geo-mines.com\/fr\/produit\/fonderie\/#primaryimage\",\"url\":\"https:\/\/geo-mines.com\/wp-content\/uploads\/2023\/11\/Figure-1-Die-cast-zinc-parts.webp\",\"contentUrl\":\"https:\/\/geo-mines.com\/wp-content\/uploads\/2023\/11\/Figure-1-Die-cast-zinc-parts.webp\",\"width\":800,\"height\":487},{\"@type\":\"BreadcrumbList\",\"@id\":\"https:\/\/geo-mines.com\/fr\/produit\/fonderie\/#breadcrumb\",\"itemListElement\":[{\"@type\":\"ListItem\",\"position\":1,\"name\":\"Home\",\"item\":\"https:\/\/geo-mines.com\/fr\/\"},{\"@type\":\"ListItem\",\"position\":2,\"name\":\"Boutique\",\"item\":\"https:\/\/geo-mines.com\/fr\/boutique\/\"},{\"@type\":\"ListItem\",\"position\":3,\"name\":\"Pi\u00e8ce de moulage casting\"}]},{\"@type\":\"WebSite\",\"@id\":\"https:\/\/geo-mines.com\/fr\/#website\",\"url\":\"https:\/\/geo-mines.com\/fr\/\",\"name\":\"Geo Mines\",\"description\":\"\",\"publisher\":{\"@id\":\"https:\/\/geo-mines.com\/fr\/#organization\"},\"potentialAction\":[{\"@type\":\"SearchAction\",\"target\":{\"@type\":\"EntryPoint\",\"urlTemplate\":\"https:\/\/geo-mines.com\/fr\/?s={search_term_string}\"},\"query-input\":{\"@type\":\"PropertyValueSpecification\",\"valueRequired\":true,\"valueName\":\"search_term_string\"}}],\"inLanguage\":\"fr-FR\"},{\"@type\":\"Organization\",\"@id\":\"https:\/\/geo-mines.com\/fr\/#organization\",\"name\":\"Geo Mines\",\"url\":\"https:\/\/geo-mines.com\/fr\/\",\"logo\":{\"@type\":\"ImageObject\",\"inLanguage\":\"fr-FR\",\"@id\":\"https:\/\/geo-mines.com\/fr\/#\/schema\/logo\/image\/\",\"url\":\"https:\/\/geo-mines.com\/wp-content\/uploads\/2022\/09\/logo-white-1.png\",\"contentUrl\":\"https:\/\/geo-mines.com\/wp-content\/uploads\/2022\/09\/logo-white-1.png\",\"width\":720,\"height\":480,\"caption\":\"Geo Mines\"},\"image\":{\"@id\":\"https:\/\/geo-mines.com\/fr\/#\/schema\/logo\/image\/\"}}]}<\/script>\n<!-- \/ Yoast SEO plugin. -->","yoast_head_json":{"title":"Pi\u00e8ce de moulage casting - Geo Mines","description":"Que vous nous apportiez un \u00e9chantillon de pi\u00e8ce, des fichiers CAO (CAD), nous cr\u00e9ons une conception d\u2019outil personnalis\u00e9e.","robots":{"index":"index","follow":"follow","max-snippet":"max-snippet:-1","max-image-preview":"max-image-preview:large","max-video-preview":"max-video-preview:-1"},"canonical":"https:\/\/geo-mines.com\/fr\/produit\/fonderie\/","og_locale":"fr_FR","og_type":"article","og_title":"Pi\u00e8ce de moulage casting - Geo Mines","og_description":"Que vous nous apportiez un \u00e9chantillon de pi\u00e8ce, des fichiers CAO (CAD), nous cr\u00e9ons une conception d\u2019outil personnalis\u00e9e.","og_url":"https:\/\/geo-mines.com\/fr\/produit\/fonderie\/","og_site_name":"Geo Mines","article_modified_time":"2025-12-01T00:58:35+00:00","og_image":[{"width":800,"height":487,"url":"https:\/\/geo-mines.com\/wp-content\/uploads\/2023\/11\/Figure-1-Die-cast-zinc-parts.webp","type":"image\/webp"}],"twitter_card":"summary_large_image","twitter_misc":{"Dur\u00e9e de lecture estim\u00e9e":"1 minute"},"schema":{"@context":"https:\/\/schema.org","@graph":[{"@type":"WebPage","@id":"https:\/\/geo-mines.com\/fr\/produit\/fonderie\/","url":"https:\/\/geo-mines.com\/fr\/produit\/fonderie\/","name":"Pi\u00e8ce de moulage casting - Geo Mines","isPartOf":{"@id":"https:\/\/geo-mines.com\/fr\/#website"},"primaryImageOfPage":{"@id":"https:\/\/geo-mines.com\/fr\/produit\/fonderie\/#primaryimage"},"image":{"@id":"https:\/\/geo-mines.com\/fr\/produit\/fonderie\/#primaryimage"},"thumbnailUrl":"https:\/\/geo-mines.com\/wp-content\/uploads\/2023\/11\/Figure-1-Die-cast-zinc-parts.webp","datePublished":"2023-11-15T21:02:57+00:00","dateModified":"2025-12-01T00:58:35+00:00","description":"Que vous nous apportiez un \u00e9chantillon de pi\u00e8ce, des fichiers CAO (CAD), nous cr\u00e9ons une conception d\u2019outil personnalis\u00e9e.","breadcrumb":{"@id":"https:\/\/geo-mines.com\/fr\/produit\/fonderie\/#breadcrumb"},"inLanguage":"fr-FR","potentialAction":[{"@type":"ReadAction","target":["https:\/\/geo-mines.com\/fr\/produit\/fonderie\/"]}]},{"@type":"ImageObject","inLanguage":"fr-FR","@id":"https:\/\/geo-mines.com\/fr\/produit\/fonderie\/#primaryimage","url":"https:\/\/geo-mines.com\/wp-content\/uploads\/2023\/11\/Figure-1-Die-cast-zinc-parts.webp","contentUrl":"https:\/\/geo-mines.com\/wp-content\/uploads\/2023\/11\/Figure-1-Die-cast-zinc-parts.webp","width":800,"height":487},{"@type":"BreadcrumbList","@id":"https:\/\/geo-mines.com\/fr\/produit\/fonderie\/#breadcrumb","itemListElement":[{"@type":"ListItem","position":1,"name":"Home","item":"https:\/\/geo-mines.com\/fr\/"},{"@type":"ListItem","position":2,"name":"Boutique","item":"https:\/\/geo-mines.com\/fr\/boutique\/"},{"@type":"ListItem","position":3,"name":"Pi\u00e8ce de moulage casting"}]},{"@type":"WebSite","@id":"https:\/\/geo-mines.com\/fr\/#website","url":"https:\/\/geo-mines.com\/fr\/","name":"Geo Mines","description":"","publisher":{"@id":"https:\/\/geo-mines.com\/fr\/#organization"},"potentialAction":[{"@type":"SearchAction","target":{"@type":"EntryPoint","urlTemplate":"https:\/\/geo-mines.com\/fr\/?s={search_term_string}"},"query-input":{"@type":"PropertyValueSpecification","valueRequired":true,"valueName":"search_term_string"}}],"inLanguage":"fr-FR"},{"@type":"Organization","@id":"https:\/\/geo-mines.com\/fr\/#organization","name":"Geo Mines","url":"https:\/\/geo-mines.com\/fr\/","logo":{"@type":"ImageObject","inLanguage":"fr-FR","@id":"https:\/\/geo-mines.com\/fr\/#\/schema\/logo\/image\/","url":"https:\/\/geo-mines.com\/wp-content\/uploads\/2022\/09\/logo-white-1.png","contentUrl":"https:\/\/geo-mines.com\/wp-content\/uploads\/2022\/09\/logo-white-1.png","width":720,"height":480,"caption":"Geo Mines"},"image":{"@id":"https:\/\/geo-mines.com\/fr\/#\/schema\/logo\/image\/"}}]}},"_links":{"self":[{"href":"https:\/\/geo-mines.com\/fr\/wp-json\/wp\/v2\/product\/1713","targetHints":{"allow":["GET"]}}],"collection":[{"href":"https:\/\/geo-mines.com\/fr\/wp-json\/wp\/v2\/product"}],"about":[{"href":"https:\/\/geo-mines.com\/fr\/wp-json\/wp\/v2\/types\/product"}],"wp:featuredmedia":[{"embeddable":true,"href":"https:\/\/geo-mines.com\/fr\/wp-json\/wp\/v2\/media\/1679"}],"wp:attachment":[{"href":"https:\/\/geo-mines.com\/fr\/wp-json\/wp\/v2\/media?parent=1713"}],"wp:term":[{"taxonomy":"product_brand","embeddable":true,"href":"https:\/\/geo-mines.com\/fr\/wp-json\/wp\/v2\/product_brand?post=1713"},{"taxonomy":"product_cat","embeddable":true,"href":"https:\/\/geo-mines.com\/fr\/wp-json\/wp\/v2\/product_cat?post=1713"},{"taxonomy":"product_tag","embeddable":true,"href":"https:\/\/geo-mines.com\/fr\/wp-json\/wp\/v2\/product_tag?post=1713"}],"curies":[{"name":"wp","href":"https:\/\/api.w.org\/{rel}","templated":true}]}}