{"id":2220,"date":"2024-07-17T18:54:18","date_gmt":"2024-07-17T18:54:18","guid":{"rendered":"https:\/\/geo-mines.com\/?post_type=product&#038;p=2220"},"modified":"2025-11-05T13:56:08","modified_gmt":"2025-11-05T18:56:08","slug":"portable-oil-purifier-dehydrator-system-geo-e859c","status":"publish","type":"product","link":"https:\/\/geo-mines.com\/fr\/produit\/portable-oil-purifier-dehydrator-system-geo-e859c\/","title":{"rendered":"Syst\u00e8me de purificateur\/d\u00e9shydrateur d&rsquo;huile portable (GEO859C)"},"content":{"rendered":"<h3 data-start=\"76\" data-end=\"147\"><strong data-start=\"80\" data-end=\"147\">GEO-E859C \u2013 Puissance compacte pour la purification des fluides<\/strong><\/h3>\n<p data-start=\"149\" data-end=\"534\"><strong data-start=\"149\" data-end=\"221\">Prolongez la dur\u00e9e de vie de vos fluides hydrauliques Bio et lubrifiants<\/strong> gr\u00e2ce au <strong data-start=\"231\" data-end=\"262\">Mini-D\u00e9shydrateur GEO-E859C<\/strong> \u2013 une solution portable, l\u00e9g\u00e8re et performante. Con\u00e7u pour les op\u00e9rations traitant de petits volumes (jusqu\u2019\u00e0 200 gallons US \/ 750 L), ce <strong data-start=\"401\" data-end=\"438\">syst\u00e8me \u00e0 refroidissement par air<\/strong> permet de <strong data-start=\"449\" data-end=\"506\">retirer efficacement l\u2019eau, l\u2019air et les contaminants<\/strong> de vos fluides industriels.<\/p>\n<p data-start=\"536\" data-end=\"740\">Id\u00e9al pour les huiles hydrauliques, les huiles de turbine, les fluides de transmission, les huiles de trempe ou les fluides synth\u00e9tiques, le GEO-E859C maintient vos syst\u00e8mes propres, fiables et efficaces.<\/p>\n<h4 data-start=\"742\" data-end=\"771\">\u2705 Principaux avantages :<\/h4>\n<ul data-start=\"772\" data-end=\"1274\">\n<li data-start=\"772\" data-end=\"849\">\n<p data-start=\"774\" data-end=\"849\"><strong data-start=\"774\" data-end=\"807\">\u00c9limination efficace de l\u2019eau<\/strong> : jusqu\u2019\u00e0 0,9 L (0,25 gal US) par heure<\/p>\n<\/li>\n<li data-start=\"850\" data-end=\"927\">\n<p data-start=\"852\" data-end=\"927\"><strong data-start=\"852\" data-end=\"877\">Compatibilit\u00e9 \u00e9tendue<\/strong> : fonctionne avec une grande vari\u00e9t\u00e9 de fluides<\/p>\n<\/li>\n<li data-start=\"928\" data-end=\"1002\">\n<p data-start=\"930\" data-end=\"1002\"><strong data-start=\"930\" data-end=\"957\">Fonctionnement autonome<\/strong> : lancez-le et laissez-le faire le travail<\/p>\n<\/li>\n<li data-start=\"1003\" data-end=\"1088\">\n<p data-start=\"1005\" data-end=\"1088\"><strong data-start=\"1005\" data-end=\"1026\">Mobilit\u00e9 int\u00e9gr\u00e9e<\/strong> : mont\u00e9 sur chariot avec pneus pneumatiques de 10&Prime; (250 mm)<\/p>\n<\/li>\n<li data-start=\"1089\" data-end=\"1188\">\n<p data-start=\"1091\" data-end=\"1188\"><strong data-start=\"1091\" data-end=\"1115\">Utilisation pratique<\/strong> : r\u00e9servoir de condensat de 3,8 L (1 gal US) avec indicateur de niveau<\/p>\n<\/li>\n<li data-start=\"1189\" data-end=\"1274\">\n<p data-start=\"1191\" data-end=\"1274\"><strong data-start=\"1191\" data-end=\"1210\">Pr\u00eat \u00e0 l\u2019emploi<\/strong> : livr\u00e9 avec c\u00e2ble d\u2019alimentation de 3 m (10 pi) et flexibles<\/p>\n<\/li>\n<\/ul>\n<p data-start=\"1276\" data-end=\"1430\"><strong data-start=\"1276\" data-end=\"1307\">Compact. Fiable. Essentiel.<\/strong><br data-start=\"1307\" data-end=\"1310\" \/>Contactez <strong data-start=\"1320\" data-end=\"1331\">GeoMine<\/strong> d\u00e8s aujourd\u2019hui pour d\u00e9couvrir comment le <strong data-start=\"1374\" data-end=\"1387\">GEO-E859C<\/strong> peut optimiser l\u2019entretien de vos fluides.<\/p>\n","protected":false},"excerpt":{"rendered":"<p>GEO-E859C \u2013 Puissance compacte pour la purification des fluides Prolongez la dur\u00e9e de vie de vos fluides hydrauliques Bio et lubrifiants gr\u00e2ce au Mini-D\u00e9shydrateur GEO-E859C \u2013 une solution portable, l\u00e9g\u00e8re et performante. Con\u00e7u pour les op\u00e9rations traitant de petits volumes (jusqu\u2019\u00e0 200 gallons US \/ 750 L), ce syst\u00e8me \u00e0 refroidissement par air permet de &#8230; <\/p>\n<p class=\"read-more-container\"><a title=\"Syst\u00e8me de purificateur\/d\u00e9shydrateur d&rsquo;huile portable (GEO859C)\" class=\"read-more button\" href=\"https:\/\/geo-mines.com\/fr\/produit\/portable-oil-purifier-dehydrator-system-geo-e859c\/#more-2220\" aria-label=\"En savoir plus sur Syst\u00e8me de purificateur\/d\u00e9shydrateur d&rsquo;huile portable (GEO859C)\">Lire plus<\/a><\/p>\n","protected":false},"featured_media":2221,"template":"","meta":{"_acf_changed":false,"inline_featured_image":false},"product_brand":[],"product_cat":[63],"product_tag":[],"class_list":{"0":"post-2220","1":"product","2":"type-product","3":"status-publish","4":"has-post-thumbnail","6":"product_cat-huile-hydraulique-bio-synthetique","7":"sales-flash-overlay","8":"woocommerce-text-align-left","9":"woocommerce-image-align-center","10":"do-quantity-buttons","12":"first","13":"outofstock","14":"taxable","15":"shipping-taxable","16":"product-type-simple"},"acf":[],"yoast_head":"<!-- This site is optimized with the Yoast SEO plugin v24.4 - https:\/\/yoast.com\/wordpress\/plugins\/seo\/ -->\n<title>Syst\u00e8me de purificateur\/d\u00e9shydrateur d&#039;huile portable (GEO859C) - Geo Mines<\/title>\n<meta name=\"robots\" content=\"index, follow, max-snippet:-1, max-image-preview:large, max-video-preview:-1\" \/>\n<link rel=\"canonical\" href=\"https:\/\/geo-mines.com\/fr\/produit\/portable-oil-purifier-dehydrator-system-geo-e859c\/\" \/>\n<meta property=\"og:locale\" content=\"fr_FR\" \/>\n<meta property=\"og:type\" content=\"article\" \/>\n<meta property=\"og:title\" content=\"Syst\u00e8me de purificateur\/d\u00e9shydrateur d&#039;huile portable (GEO859C) - Geo Mines\" \/>\n<meta property=\"og:description\" content=\"GEO-E859C \u2013 Puissance compacte pour la purification des fluides Prolongez la dur\u00e9e de vie de vos fluides hydrauliques Bio et lubrifiants gr\u00e2ce au Mini-D\u00e9shydrateur GEO-E859C \u2013 une solution portable, l\u00e9g\u00e8re et performante. Con\u00e7u pour les op\u00e9rations traitant de petits volumes (jusqu\u2019\u00e0 200 gallons US \/ 750 L), ce syst\u00e8me \u00e0 refroidissement par air permet de ... Lire plus\" \/>\n<meta property=\"og:url\" content=\"https:\/\/geo-mines.com\/fr\/produit\/portable-oil-purifier-dehydrator-system-geo-e859c\/\" \/>\n<meta property=\"og:site_name\" content=\"Geo Mines\" \/>\n<meta property=\"article:modified_time\" content=\"2025-11-05T18:56:08+00:00\" \/>\n<meta property=\"og:image\" content=\"https:\/\/geo-mines.com\/wp-content\/uploads\/2024\/07\/E859C-mini-dehydrator.webp\" \/>\n\t<meta property=\"og:image:width\" content=\"556\" \/>\n\t<meta property=\"og:image:height\" content=\"744\" \/>\n\t<meta property=\"og:image:type\" content=\"image\/webp\" \/>\n<meta name=\"twitter:card\" content=\"summary_large_image\" \/>\n<meta name=\"twitter:label1\" content=\"Dur\u00e9e de lecture estim\u00e9e\" \/>\n\t<meta name=\"twitter:data1\" content=\"2 minutes\" \/>\n<script type=\"application\/ld+json\" class=\"yoast-schema-graph\">{\"@context\":\"https:\/\/schema.org\",\"@graph\":[{\"@type\":\"WebPage\",\"@id\":\"https:\/\/geo-mines.com\/fr\/produit\/portable-oil-purifier-dehydrator-system-geo-e859c\/\",\"url\":\"https:\/\/geo-mines.com\/fr\/produit\/portable-oil-purifier-dehydrator-system-geo-e859c\/\",\"name\":\"Syst\u00e8me de purificateur\/d\u00e9shydrateur d'huile portable (GEO859C) - Geo Mines\",\"isPartOf\":{\"@id\":\"https:\/\/geo-mines.com\/fr\/#website\"},\"primaryImageOfPage\":{\"@id\":\"https:\/\/geo-mines.com\/fr\/produit\/portable-oil-purifier-dehydrator-system-geo-e859c\/#primaryimage\"},\"image\":{\"@id\":\"https:\/\/geo-mines.com\/fr\/produit\/portable-oil-purifier-dehydrator-system-geo-e859c\/#primaryimage\"},\"thumbnailUrl\":\"https:\/\/geo-mines.com\/wp-content\/uploads\/2024\/07\/E859C-mini-dehydrator.webp\",\"datePublished\":\"2024-07-17T18:54:18+00:00\",\"dateModified\":\"2025-11-05T18:56:08+00:00\",\"breadcrumb\":{\"@id\":\"https:\/\/geo-mines.com\/fr\/produit\/portable-oil-purifier-dehydrator-system-geo-e859c\/#breadcrumb\"},\"inLanguage\":\"fr-FR\",\"potentialAction\":[{\"@type\":\"ReadAction\",\"target\":[\"https:\/\/geo-mines.com\/fr\/produit\/portable-oil-purifier-dehydrator-system-geo-e859c\/\"]}]},{\"@type\":\"ImageObject\",\"inLanguage\":\"fr-FR\",\"@id\":\"https:\/\/geo-mines.com\/fr\/produit\/portable-oil-purifier-dehydrator-system-geo-e859c\/#primaryimage\",\"url\":\"https:\/\/geo-mines.com\/wp-content\/uploads\/2024\/07\/E859C-mini-dehydrator.webp\",\"contentUrl\":\"https:\/\/geo-mines.com\/wp-content\/uploads\/2024\/07\/E859C-mini-dehydrator.webp\",\"width\":556,\"height\":744},{\"@type\":\"BreadcrumbList\",\"@id\":\"https:\/\/geo-mines.com\/fr\/produit\/portable-oil-purifier-dehydrator-system-geo-e859c\/#breadcrumb\",\"itemListElement\":[{\"@type\":\"ListItem\",\"position\":1,\"name\":\"Home\",\"item\":\"https:\/\/geo-mines.com\/fr\/\"},{\"@type\":\"ListItem\",\"position\":2,\"name\":\"Boutique\",\"item\":\"https:\/\/geo-mines.com\/fr\/boutique\/\"},{\"@type\":\"ListItem\",\"position\":3,\"name\":\"Syst\u00e8me de purificateur\/d\u00e9shydrateur d&#8217;huile portable (GEO859C)\"}]},{\"@type\":\"WebSite\",\"@id\":\"https:\/\/geo-mines.com\/fr\/#website\",\"url\":\"https:\/\/geo-mines.com\/fr\/\",\"name\":\"Geo Mines\",\"description\":\"\",\"publisher\":{\"@id\":\"https:\/\/geo-mines.com\/fr\/#organization\"},\"potentialAction\":[{\"@type\":\"SearchAction\",\"target\":{\"@type\":\"EntryPoint\",\"urlTemplate\":\"https:\/\/geo-mines.com\/fr\/?s={search_term_string}\"},\"query-input\":{\"@type\":\"PropertyValueSpecification\",\"valueRequired\":true,\"valueName\":\"search_term_string\"}}],\"inLanguage\":\"fr-FR\"},{\"@type\":\"Organization\",\"@id\":\"https:\/\/geo-mines.com\/fr\/#organization\",\"name\":\"Geo Mines\",\"url\":\"https:\/\/geo-mines.com\/fr\/\",\"logo\":{\"@type\":\"ImageObject\",\"inLanguage\":\"fr-FR\",\"@id\":\"https:\/\/geo-mines.com\/fr\/#\/schema\/logo\/image\/\",\"url\":\"https:\/\/geo-mines.com\/wp-content\/uploads\/2022\/09\/logo-white-1.png\",\"contentUrl\":\"https:\/\/geo-mines.com\/wp-content\/uploads\/2022\/09\/logo-white-1.png\",\"width\":720,\"height\":480,\"caption\":\"Geo Mines\"},\"image\":{\"@id\":\"https:\/\/geo-mines.com\/fr\/#\/schema\/logo\/image\/\"}}]}<\/script>\n<!-- \/ Yoast SEO plugin. -->","yoast_head_json":{"title":"Syst\u00e8me de purificateur\/d\u00e9shydrateur d'huile portable (GEO859C) - Geo Mines","robots":{"index":"index","follow":"follow","max-snippet":"max-snippet:-1","max-image-preview":"max-image-preview:large","max-video-preview":"max-video-preview:-1"},"canonical":"https:\/\/geo-mines.com\/fr\/produit\/portable-oil-purifier-dehydrator-system-geo-e859c\/","og_locale":"fr_FR","og_type":"article","og_title":"Syst\u00e8me de purificateur\/d\u00e9shydrateur d'huile portable (GEO859C) - Geo Mines","og_description":"GEO-E859C \u2013 Puissance compacte pour la purification des fluides Prolongez la dur\u00e9e de vie de vos fluides hydrauliques Bio et lubrifiants gr\u00e2ce au Mini-D\u00e9shydrateur GEO-E859C \u2013 une solution portable, l\u00e9g\u00e8re et performante. Con\u00e7u pour les op\u00e9rations traitant de petits volumes (jusqu\u2019\u00e0 200 gallons US \/ 750 L), ce syst\u00e8me \u00e0 refroidissement par air permet de ... Lire plus","og_url":"https:\/\/geo-mines.com\/fr\/produit\/portable-oil-purifier-dehydrator-system-geo-e859c\/","og_site_name":"Geo Mines","article_modified_time":"2025-11-05T18:56:08+00:00","og_image":[{"width":556,"height":744,"url":"https:\/\/geo-mines.com\/wp-content\/uploads\/2024\/07\/E859C-mini-dehydrator.webp","type":"image\/webp"}],"twitter_card":"summary_large_image","twitter_misc":{"Dur\u00e9e de lecture estim\u00e9e":"2 minutes"},"schema":{"@context":"https:\/\/schema.org","@graph":[{"@type":"WebPage","@id":"https:\/\/geo-mines.com\/fr\/produit\/portable-oil-purifier-dehydrator-system-geo-e859c\/","url":"https:\/\/geo-mines.com\/fr\/produit\/portable-oil-purifier-dehydrator-system-geo-e859c\/","name":"Syst\u00e8me de purificateur\/d\u00e9shydrateur d'huile portable (GEO859C) - Geo Mines","isPartOf":{"@id":"https:\/\/geo-mines.com\/fr\/#website"},"primaryImageOfPage":{"@id":"https:\/\/geo-mines.com\/fr\/produit\/portable-oil-purifier-dehydrator-system-geo-e859c\/#primaryimage"},"image":{"@id":"https:\/\/geo-mines.com\/fr\/produit\/portable-oil-purifier-dehydrator-system-geo-e859c\/#primaryimage"},"thumbnailUrl":"https:\/\/geo-mines.com\/wp-content\/uploads\/2024\/07\/E859C-mini-dehydrator.webp","datePublished":"2024-07-17T18:54:18+00:00","dateModified":"2025-11-05T18:56:08+00:00","breadcrumb":{"@id":"https:\/\/geo-mines.com\/fr\/produit\/portable-oil-purifier-dehydrator-system-geo-e859c\/#breadcrumb"},"inLanguage":"fr-FR","potentialAction":[{"@type":"ReadAction","target":["https:\/\/geo-mines.com\/fr\/produit\/portable-oil-purifier-dehydrator-system-geo-e859c\/"]}]},{"@type":"ImageObject","inLanguage":"fr-FR","@id":"https:\/\/geo-mines.com\/fr\/produit\/portable-oil-purifier-dehydrator-system-geo-e859c\/#primaryimage","url":"https:\/\/geo-mines.com\/wp-content\/uploads\/2024\/07\/E859C-mini-dehydrator.webp","contentUrl":"https:\/\/geo-mines.com\/wp-content\/uploads\/2024\/07\/E859C-mini-dehydrator.webp","width":556,"height":744},{"@type":"BreadcrumbList","@id":"https:\/\/geo-mines.com\/fr\/produit\/portable-oil-purifier-dehydrator-system-geo-e859c\/#breadcrumb","itemListElement":[{"@type":"ListItem","position":1,"name":"Home","item":"https:\/\/geo-mines.com\/fr\/"},{"@type":"ListItem","position":2,"name":"Boutique","item":"https:\/\/geo-mines.com\/fr\/boutique\/"},{"@type":"ListItem","position":3,"name":"Syst\u00e8me de purificateur\/d\u00e9shydrateur d&#8217;huile portable (GEO859C)"}]},{"@type":"WebSite","@id":"https:\/\/geo-mines.com\/fr\/#website","url":"https:\/\/geo-mines.com\/fr\/","name":"Geo Mines","description":"","publisher":{"@id":"https:\/\/geo-mines.com\/fr\/#organization"},"potentialAction":[{"@type":"SearchAction","target":{"@type":"EntryPoint","urlTemplate":"https:\/\/geo-mines.com\/fr\/?s={search_term_string}"},"query-input":{"@type":"PropertyValueSpecification","valueRequired":true,"valueName":"search_term_string"}}],"inLanguage":"fr-FR"},{"@type":"Organization","@id":"https:\/\/geo-mines.com\/fr\/#organization","name":"Geo Mines","url":"https:\/\/geo-mines.com\/fr\/","logo":{"@type":"ImageObject","inLanguage":"fr-FR","@id":"https:\/\/geo-mines.com\/fr\/#\/schema\/logo\/image\/","url":"https:\/\/geo-mines.com\/wp-content\/uploads\/2022\/09\/logo-white-1.png","contentUrl":"https:\/\/geo-mines.com\/wp-content\/uploads\/2022\/09\/logo-white-1.png","width":720,"height":480,"caption":"Geo Mines"},"image":{"@id":"https:\/\/geo-mines.com\/fr\/#\/schema\/logo\/image\/"}}]}},"_links":{"self":[{"href":"https:\/\/geo-mines.com\/fr\/wp-json\/wp\/v2\/product\/2220","targetHints":{"allow":["GET"]}}],"collection":[{"href":"https:\/\/geo-mines.com\/fr\/wp-json\/wp\/v2\/product"}],"about":[{"href":"https:\/\/geo-mines.com\/fr\/wp-json\/wp\/v2\/types\/product"}],"wp:featuredmedia":[{"embeddable":true,"href":"https:\/\/geo-mines.com\/fr\/wp-json\/wp\/v2\/media\/2221"}],"wp:attachment":[{"href":"https:\/\/geo-mines.com\/fr\/wp-json\/wp\/v2\/media?parent=2220"}],"wp:term":[{"taxonomy":"product_brand","embeddable":true,"href":"https:\/\/geo-mines.com\/fr\/wp-json\/wp\/v2\/product_brand?post=2220"},{"taxonomy":"product_cat","embeddable":true,"href":"https:\/\/geo-mines.com\/fr\/wp-json\/wp\/v2\/product_cat?post=2220"},{"taxonomy":"product_tag","embeddable":true,"href":"https:\/\/geo-mines.com\/fr\/wp-json\/wp\/v2\/product_tag?post=2220"}],"curies":[{"name":"wp","href":"https:\/\/api.w.org\/{rel}","templated":true}]}}