{"id":2522,"date":"2025-05-09T14:49:05","date_gmt":"2025-05-09T19:49:05","guid":{"rendered":"https:\/\/geo-mines.com\/?post_type=product&#038;p=2522"},"modified":"2025-11-05T13:56:24","modified_gmt":"2025-11-05T18:56:24","slug":"filtres-gen2-filtration-dhuile-bio","status":"publish","type":"product","link":"https:\/\/geo-mines.com\/fr\/produit\/filtres-gen2-filtration-dhuile-bio\/","title":{"rendered":"Filtres de captation de l\u2019eau et particules ultrafines"},"content":{"rendered":"<h3 data-start=\"187\" data-end=\"268\"><strong data-start=\"191\" data-end=\"268\">Filtres GEN2 \u2013 La nouvelle g\u00e9n\u00e9ration de filtration d\u2019huile par Geo-Mines<\/strong><\/h3>\n<p data-start=\"270\" data-end=\"352\"><strong data-start=\"270\" data-end=\"352\">Prot\u00e9gez vos \u00e9quipements. Prolongez la vie de votre huile. R\u00e9duisez vos co\u00fbts.<\/strong><\/p>\n<p data-start=\"354\" data-end=\"709\">Les <strong data-start=\"358\" data-end=\"375\">filtres GEN2\u2122<\/strong> de <strong data-start=\"379\" data-end=\"392\">Geo-Mines<\/strong> repr\u00e9sentent l\u2019avenir de la filtration hydraulique et lubrifiante. Gr\u00e2ce \u00e0 leur technologie en d\u00e9riv\u00e9, ils \u00e9liminent <strong data-start=\"510\" data-end=\"548\">l\u2019eau et les particules ultrafines<\/strong> que les filtres conventionnels ne peuvent pas capturer, assurant ainsi une huile propre, stable et performante, m\u00eame dans les environnements les plus exigeants.<\/p>\n<h4 data-start=\"711\" data-end=\"742\">\u2705 Pourquoi choisir G2\u2122 ?<\/h4>\n<ul data-start=\"743\" data-end=\"1160\">\n<li data-start=\"743\" data-end=\"808\">\n<p data-start=\"745\" data-end=\"808\"><strong data-start=\"745\" data-end=\"780\">Filtration ultrafine \u00e0 1 micron<\/strong> \u2013 \u00e9limine l\u2019eau \u00e0 99,97 %<\/p>\n<\/li>\n<li data-start=\"809\" data-end=\"883\">\n<p data-start=\"811\" data-end=\"883\"><strong data-start=\"811\" data-end=\"881\">Compatible avec tous types de syst\u00e8mes hydrauliques haute pression<\/strong><\/p>\n<\/li>\n<li data-start=\"884\" data-end=\"972\">\n<p data-start=\"886\" data-end=\"972\"><strong data-start=\"886\" data-end=\"906\">Fiabilit\u00e9 accrue<\/strong> des \u00e9quipements gr\u00e2ce \u00e0 une r\u00e9duction des contaminants abrasifs<\/p>\n<\/li>\n<li data-start=\"973\" data-end=\"1056\">\n<p data-start=\"975\" data-end=\"1056\"><strong data-start=\"975\" data-end=\"1018\">Allongement des intervalles de vidanges<\/strong> et <strong data-start=\"1022\" data-end=\"1054\">baisse des frais d\u2019entretien<\/strong><\/p>\n<\/li>\n<li data-start=\"1057\" data-end=\"1122\">\n<p data-start=\"1059\" data-end=\"1122\"><strong data-start=\"1059\" data-end=\"1082\">Installation facile<\/strong>, sans modifier votre syst\u00e8me existant<\/p>\n<\/li>\n<li data-start=\"1123\" data-end=\"1160\">\n<p data-start=\"1125\" data-end=\"1160\"><strong data-start=\"1125\" data-end=\"1158\">Bo\u00eetier robuste garanti \u00e0 vie<\/strong><\/p>\n<\/li>\n<li data-start=\"1123\" data-end=\"1160\">\n<p data-start=\"1125\" data-end=\"1160\"><strong>Pas d\u2019ajout de pompe-moteur, car utilise la pression du syst\u00e8me auquel il est branch\u00e9<\/strong><\/p>\n<\/li>\n<li data-start=\"1123\" data-end=\"1160\">\n<p data-start=\"1125\" data-end=\"1160\"><strong>Le bo\u00eetier du G2F est garanti \u00e0 vie<\/strong><\/p>\n<\/li>\n<li data-start=\"1123\" data-end=\"1160\">\n<p data-start=\"1125\" data-end=\"1160\"><strong>Utilisable \u00e0 l\u2019int\u00e9rieur et \u00e0 l\u2019ext\u00e9rieur<\/strong><\/p>\n<\/li>\n<\/ul>\n<h2><strong><span style=\"font-size: 29px;\">La\u00a0 Cartouche\u00a0G2F\u00a0\u2013 Le Secret de Notre R\u00e9ussite<\/span><\/strong><\/h2>\n<p>\u00c0 l\u2019exception des additifs, la cartouche G2F \u00e9limine pratiquement tous les contaminants, incluant l\u2019eau. Cette cartouche de cellulose haute densit\u00e9, et son bo\u00eetier de construction robuste, permettent de combler et m\u00eame d\u2019exc\u00e9der le niveau de propret\u00e9 requis pour les lubrifiants utilis\u00e9s dans la nouvelle gamme de moteurs moins polluants.<\/p>\n<p><strong><a href=\"http:\/\/www.generation2filtration.com\/francais\/wp-content\/uploads\/2010\/10\/g2f-lp-series-element.jpg\"><img loading=\"lazy\" decoding=\"async\" class=\"alignleft size-full wp-image-306\" title=\"g2f-lp-series-element\" src=\"http:\/\/www.generation2filtration.com\/francais\/wp-content\/uploads\/2010\/10\/g2f-lp-series-element.jpg\" alt=\"\" width=\"254\" height=\"192\" \/><\/a>(A)\u00a0<\/strong>Courroie permettant d\u2019enlever facilement la cartouche<br \/>\n<strong>(B)<\/strong>\u00a0Gaine de protection pour la partie sup\u00e9rieure de la cartouche<br \/>\n<strong>(C)<\/strong>\u00a0Gaine sertie pour augmenter la densit\u00e9<br \/>\n<strong>(D)<\/strong>\u00a0Tube int\u00e9rieur<br \/>\n<strong>(E)<\/strong>\u00a0Membrane filtrante<br \/>\n<strong>(F)<\/strong>\u00a0Fibre de cellulose<br \/>\n<strong>(G)\u00a0<\/strong>Fibre de cellulose crois\u00e9e<\/p>\n<h4 data-start=\"1162\" data-end=\"1194\"><\/h4>\n<h4 data-start=\"1162\" data-end=\"1194\">\u00c9cologique et \u00e9conomique<\/h4>\n<p data-start=\"1195\" data-end=\"1429\">L\u2019huile ne se d\u00e9grade pas, <strong data-start=\"1222\" data-end=\"1243\">elle se contamine<\/strong>. Le syst\u00e8me GEN2\u2122 permet de r\u00e9duire la consommation d\u2019huile, les bris m\u00e9caniques et l\u2019impact environnemental. C\u2019est un outil essentiel dans tout programme d\u2019entretien pr\u00e9ventif moderne.<\/p>\n<h4 data-start=\"1431\" data-end=\"1453\">Applications :<\/h4>\n<p data-start=\"1454\" data-end=\"1562\">Industrie mini\u00e8re, normes ECOLOGO, foreuses, machinerie lourde, transport, agriculture, marine, fabrication, et plus encore.<\/p>\n<p data-start=\"1564\" data-end=\"1668\"><strong data-start=\"1564\" data-end=\"1668\">Faites confiance \u00e0 la technologie GEN2\u2122 \u2013 disponible chez Geo-Mines.<\/strong><\/p>\n<p data-start=\"1564\" data-end=\"1668\"><a href=\"https:\/\/youtu.be\/LjF92SkPpSQ\">https:\/\/youtu.be\/LjF92SkPpSQ<\/a><\/p>\n<p data-start=\"1670\" data-end=\"1747\">\ud83d\udc49 <strong data-start=\"1673\" data-end=\"1747\">Contactez-nous pour une d\u00e9monstration ou une soumis<\/strong><strong data-start=\"1673\" data-end=\"1747\">sion.<\/strong><\/p>\n","protected":false},"excerpt":{"rendered":"<p>Filtres GEN2 \u2013 La nouvelle g\u00e9n\u00e9ration de filtration d\u2019huile par Geo-Mines Prot\u00e9gez vos \u00e9quipements. Prolongez la vie de votre huile. R\u00e9duisez vos co\u00fbts. Les filtres GEN2\u2122 de Geo-Mines repr\u00e9sentent l\u2019avenir de la filtration hydraulique et lubrifiante. Gr\u00e2ce \u00e0 leur technologie en d\u00e9riv\u00e9, ils \u00e9liminent l\u2019eau et les particules ultrafines que les filtres conventionnels ne peuvent &#8230; <\/p>\n<p class=\"read-more-container\"><a title=\"Filtres de captation de l\u2019eau et particules ultrafines\" class=\"read-more button\" href=\"https:\/\/geo-mines.com\/fr\/produit\/filtres-gen2-filtration-dhuile-bio\/#more-2522\" aria-label=\"En savoir plus sur Filtres de captation de l\u2019eau et particules ultrafines\">Lire plus<\/a><\/p>\n","protected":false},"featured_media":2557,"template":"","meta":{"_acf_changed":false,"inline_featured_image":false},"product_brand":[],"product_cat":[63],"product_tag":[],"class_list":{"0":"post-2522","1":"product","2":"type-product","3":"status-publish","4":"has-post-thumbnail","6":"product_cat-huile-hydraulique-bio-synthetique","7":"sales-flash-overlay","8":"woocommerce-text-align-left","9":"woocommerce-image-align-center","10":"do-quantity-buttons","12":"first","13":"outofstock","14":"taxable","15":"shipping-taxable","16":"product-type-simple"},"acf":[],"yoast_head":"<!-- This site is optimized with the Yoast SEO plugin v24.4 - https:\/\/yoast.com\/wordpress\/plugins\/seo\/ -->\n<title>Filtres de captation de l\u2019eau et particules ultrafines - Geo Mines<\/title>\n<meta name=\"robots\" content=\"index, follow, max-snippet:-1, max-image-preview:large, max-video-preview:-1\" \/>\n<link rel=\"canonical\" href=\"https:\/\/geo-mines.com\/fr\/produit\/filtres-gen2-filtration-dhuile-bio\/\" \/>\n<meta property=\"og:locale\" content=\"fr_FR\" \/>\n<meta property=\"og:type\" content=\"article\" \/>\n<meta property=\"og:title\" content=\"Filtres de captation de l\u2019eau et particules ultrafines - Geo Mines\" \/>\n<meta property=\"og:description\" content=\"Filtres GEN2 \u2013 La nouvelle g\u00e9n\u00e9ration de filtration d\u2019huile par Geo-Mines Prot\u00e9gez vos \u00e9quipements. Prolongez la vie de votre huile. R\u00e9duisez vos co\u00fbts. Les filtres GEN2\u2122 de Geo-Mines repr\u00e9sentent l\u2019avenir de la filtration hydraulique et lubrifiante. Gr\u00e2ce \u00e0 leur technologie en d\u00e9riv\u00e9, ils \u00e9liminent l\u2019eau et les particules ultrafines que les filtres conventionnels ne peuvent ... Lire plus\" \/>\n<meta property=\"og:url\" content=\"https:\/\/geo-mines.com\/fr\/produit\/filtres-gen2-filtration-dhuile-bio\/\" \/>\n<meta property=\"og:site_name\" content=\"Geo Mines\" \/>\n<meta property=\"article:modified_time\" content=\"2025-11-05T18:56:24+00:00\" \/>\n<meta property=\"og:image\" content=\"https:\/\/geo-mines.com\/wp-content\/uploads\/2025\/05\/filtres.png\" \/>\n\t<meta property=\"og:image:width\" content=\"662\" \/>\n\t<meta property=\"og:image:height\" content=\"418\" \/>\n\t<meta property=\"og:image:type\" content=\"image\/png\" \/>\n<meta name=\"twitter:card\" content=\"summary_large_image\" \/>\n<meta name=\"twitter:label1\" content=\"Dur\u00e9e de lecture estim\u00e9e\" \/>\n\t<meta name=\"twitter:data1\" content=\"3 minutes\" \/>\n<script type=\"application\/ld+json\" class=\"yoast-schema-graph\">{\"@context\":\"https:\/\/schema.org\",\"@graph\":[{\"@type\":\"WebPage\",\"@id\":\"https:\/\/geo-mines.com\/fr\/produit\/filtres-gen2-filtration-dhuile-bio\/\",\"url\":\"https:\/\/geo-mines.com\/fr\/produit\/filtres-gen2-filtration-dhuile-bio\/\",\"name\":\"Filtres de captation de l\u2019eau et particules ultrafines - Geo Mines\",\"isPartOf\":{\"@id\":\"https:\/\/geo-mines.com\/fr\/#website\"},\"primaryImageOfPage\":{\"@id\":\"https:\/\/geo-mines.com\/fr\/produit\/filtres-gen2-filtration-dhuile-bio\/#primaryimage\"},\"image\":{\"@id\":\"https:\/\/geo-mines.com\/fr\/produit\/filtres-gen2-filtration-dhuile-bio\/#primaryimage\"},\"thumbnailUrl\":\"https:\/\/geo-mines.com\/wp-content\/uploads\/2025\/05\/filtres.png\",\"datePublished\":\"2025-05-09T19:49:05+00:00\",\"dateModified\":\"2025-11-05T18:56:24+00:00\",\"breadcrumb\":{\"@id\":\"https:\/\/geo-mines.com\/fr\/produit\/filtres-gen2-filtration-dhuile-bio\/#breadcrumb\"},\"inLanguage\":\"fr-FR\",\"potentialAction\":[{\"@type\":\"ReadAction\",\"target\":[\"https:\/\/geo-mines.com\/fr\/produit\/filtres-gen2-filtration-dhuile-bio\/\"]}]},{\"@type\":\"ImageObject\",\"inLanguage\":\"fr-FR\",\"@id\":\"https:\/\/geo-mines.com\/fr\/produit\/filtres-gen2-filtration-dhuile-bio\/#primaryimage\",\"url\":\"https:\/\/geo-mines.com\/wp-content\/uploads\/2025\/05\/filtres.png\",\"contentUrl\":\"https:\/\/geo-mines.com\/wp-content\/uploads\/2025\/05\/filtres.png\",\"width\":662,\"height\":418},{\"@type\":\"BreadcrumbList\",\"@id\":\"https:\/\/geo-mines.com\/fr\/produit\/filtres-gen2-filtration-dhuile-bio\/#breadcrumb\",\"itemListElement\":[{\"@type\":\"ListItem\",\"position\":1,\"name\":\"Home\",\"item\":\"https:\/\/geo-mines.com\/fr\/\"},{\"@type\":\"ListItem\",\"position\":2,\"name\":\"Boutique\",\"item\":\"https:\/\/geo-mines.com\/fr\/boutique\/\"},{\"@type\":\"ListItem\",\"position\":3,\"name\":\"Filtres de captation de l\u2019eau et particules ultrafines\"}]},{\"@type\":\"WebSite\",\"@id\":\"https:\/\/geo-mines.com\/fr\/#website\",\"url\":\"https:\/\/geo-mines.com\/fr\/\",\"name\":\"Geo Mines\",\"description\":\"\",\"publisher\":{\"@id\":\"https:\/\/geo-mines.com\/fr\/#organization\"},\"potentialAction\":[{\"@type\":\"SearchAction\",\"target\":{\"@type\":\"EntryPoint\",\"urlTemplate\":\"https:\/\/geo-mines.com\/fr\/?s={search_term_string}\"},\"query-input\":{\"@type\":\"PropertyValueSpecification\",\"valueRequired\":true,\"valueName\":\"search_term_string\"}}],\"inLanguage\":\"fr-FR\"},{\"@type\":\"Organization\",\"@id\":\"https:\/\/geo-mines.com\/fr\/#organization\",\"name\":\"Geo Mines\",\"url\":\"https:\/\/geo-mines.com\/fr\/\",\"logo\":{\"@type\":\"ImageObject\",\"inLanguage\":\"fr-FR\",\"@id\":\"https:\/\/geo-mines.com\/fr\/#\/schema\/logo\/image\/\",\"url\":\"https:\/\/geo-mines.com\/wp-content\/uploads\/2022\/09\/logo-white-1.png\",\"contentUrl\":\"https:\/\/geo-mines.com\/wp-content\/uploads\/2022\/09\/logo-white-1.png\",\"width\":720,\"height\":480,\"caption\":\"Geo Mines\"},\"image\":{\"@id\":\"https:\/\/geo-mines.com\/fr\/#\/schema\/logo\/image\/\"}}]}<\/script>\n<!-- \/ Yoast SEO plugin. -->","yoast_head_json":{"title":"Filtres de captation de l\u2019eau et particules ultrafines - Geo Mines","robots":{"index":"index","follow":"follow","max-snippet":"max-snippet:-1","max-image-preview":"max-image-preview:large","max-video-preview":"max-video-preview:-1"},"canonical":"https:\/\/geo-mines.com\/fr\/produit\/filtres-gen2-filtration-dhuile-bio\/","og_locale":"fr_FR","og_type":"article","og_title":"Filtres de captation de l\u2019eau et particules ultrafines - Geo Mines","og_description":"Filtres GEN2 \u2013 La nouvelle g\u00e9n\u00e9ration de filtration d\u2019huile par Geo-Mines Prot\u00e9gez vos \u00e9quipements. Prolongez la vie de votre huile. R\u00e9duisez vos co\u00fbts. Les filtres GEN2\u2122 de Geo-Mines repr\u00e9sentent l\u2019avenir de la filtration hydraulique et lubrifiante. Gr\u00e2ce \u00e0 leur technologie en d\u00e9riv\u00e9, ils \u00e9liminent l\u2019eau et les particules ultrafines que les filtres conventionnels ne peuvent ... Lire plus","og_url":"https:\/\/geo-mines.com\/fr\/produit\/filtres-gen2-filtration-dhuile-bio\/","og_site_name":"Geo Mines","article_modified_time":"2025-11-05T18:56:24+00:00","og_image":[{"width":662,"height":418,"url":"https:\/\/geo-mines.com\/wp-content\/uploads\/2025\/05\/filtres.png","type":"image\/png"}],"twitter_card":"summary_large_image","twitter_misc":{"Dur\u00e9e de lecture estim\u00e9e":"3 minutes"},"schema":{"@context":"https:\/\/schema.org","@graph":[{"@type":"WebPage","@id":"https:\/\/geo-mines.com\/fr\/produit\/filtres-gen2-filtration-dhuile-bio\/","url":"https:\/\/geo-mines.com\/fr\/produit\/filtres-gen2-filtration-dhuile-bio\/","name":"Filtres de captation de l\u2019eau et particules ultrafines - Geo Mines","isPartOf":{"@id":"https:\/\/geo-mines.com\/fr\/#website"},"primaryImageOfPage":{"@id":"https:\/\/geo-mines.com\/fr\/produit\/filtres-gen2-filtration-dhuile-bio\/#primaryimage"},"image":{"@id":"https:\/\/geo-mines.com\/fr\/produit\/filtres-gen2-filtration-dhuile-bio\/#primaryimage"},"thumbnailUrl":"https:\/\/geo-mines.com\/wp-content\/uploads\/2025\/05\/filtres.png","datePublished":"2025-05-09T19:49:05+00:00","dateModified":"2025-11-05T18:56:24+00:00","breadcrumb":{"@id":"https:\/\/geo-mines.com\/fr\/produit\/filtres-gen2-filtration-dhuile-bio\/#breadcrumb"},"inLanguage":"fr-FR","potentialAction":[{"@type":"ReadAction","target":["https:\/\/geo-mines.com\/fr\/produit\/filtres-gen2-filtration-dhuile-bio\/"]}]},{"@type":"ImageObject","inLanguage":"fr-FR","@id":"https:\/\/geo-mines.com\/fr\/produit\/filtres-gen2-filtration-dhuile-bio\/#primaryimage","url":"https:\/\/geo-mines.com\/wp-content\/uploads\/2025\/05\/filtres.png","contentUrl":"https:\/\/geo-mines.com\/wp-content\/uploads\/2025\/05\/filtres.png","width":662,"height":418},{"@type":"BreadcrumbList","@id":"https:\/\/geo-mines.com\/fr\/produit\/filtres-gen2-filtration-dhuile-bio\/#breadcrumb","itemListElement":[{"@type":"ListItem","position":1,"name":"Home","item":"https:\/\/geo-mines.com\/fr\/"},{"@type":"ListItem","position":2,"name":"Boutique","item":"https:\/\/geo-mines.com\/fr\/boutique\/"},{"@type":"ListItem","position":3,"name":"Filtres de captation de l\u2019eau et particules ultrafines"}]},{"@type":"WebSite","@id":"https:\/\/geo-mines.com\/fr\/#website","url":"https:\/\/geo-mines.com\/fr\/","name":"Geo Mines","description":"","publisher":{"@id":"https:\/\/geo-mines.com\/fr\/#organization"},"potentialAction":[{"@type":"SearchAction","target":{"@type":"EntryPoint","urlTemplate":"https:\/\/geo-mines.com\/fr\/?s={search_term_string}"},"query-input":{"@type":"PropertyValueSpecification","valueRequired":true,"valueName":"search_term_string"}}],"inLanguage":"fr-FR"},{"@type":"Organization","@id":"https:\/\/geo-mines.com\/fr\/#organization","name":"Geo Mines","url":"https:\/\/geo-mines.com\/fr\/","logo":{"@type":"ImageObject","inLanguage":"fr-FR","@id":"https:\/\/geo-mines.com\/fr\/#\/schema\/logo\/image\/","url":"https:\/\/geo-mines.com\/wp-content\/uploads\/2022\/09\/logo-white-1.png","contentUrl":"https:\/\/geo-mines.com\/wp-content\/uploads\/2022\/09\/logo-white-1.png","width":720,"height":480,"caption":"Geo Mines"},"image":{"@id":"https:\/\/geo-mines.com\/fr\/#\/schema\/logo\/image\/"}}]}},"_links":{"self":[{"href":"https:\/\/geo-mines.com\/fr\/wp-json\/wp\/v2\/product\/2522","targetHints":{"allow":["GET"]}}],"collection":[{"href":"https:\/\/geo-mines.com\/fr\/wp-json\/wp\/v2\/product"}],"about":[{"href":"https:\/\/geo-mines.com\/fr\/wp-json\/wp\/v2\/types\/product"}],"wp:featuredmedia":[{"embeddable":true,"href":"https:\/\/geo-mines.com\/fr\/wp-json\/wp\/v2\/media\/2557"}],"wp:attachment":[{"href":"https:\/\/geo-mines.com\/fr\/wp-json\/wp\/v2\/media?parent=2522"}],"wp:term":[{"taxonomy":"product_brand","embeddable":true,"href":"https:\/\/geo-mines.com\/fr\/wp-json\/wp\/v2\/product_brand?post=2522"},{"taxonomy":"product_cat","embeddable":true,"href":"https:\/\/geo-mines.com\/fr\/wp-json\/wp\/v2\/product_cat?post=2522"},{"taxonomy":"product_tag","embeddable":true,"href":"https:\/\/geo-mines.com\/fr\/wp-json\/wp\/v2\/product_tag?post=2522"}],"curies":[{"name":"wp","href":"https:\/\/api.w.org\/{rel}","templated":true}]}}