{"id":2575,"date":"2025-11-26T15:33:45","date_gmt":"2025-11-26T20:33:45","guid":{"rendered":"https:\/\/geo-mines.com\/?post_type=product&#038;p=2575"},"modified":"2025-11-26T15:49:57","modified_gmt":"2025-11-26T20:49:57","slug":"impact-pro-winter-gant-dhiver-isole-anti-impact-ansi-a5","status":"publish","type":"product","link":"https:\/\/geo-mines.com\/fr\/produit\/impact-pro-winter-gant-dhiver-isole-anti-impact-ansi-a5\/","title":{"rendered":"Impact Pro Winter \u2013 Gant d\u2019hiver isol\u00e9 anti-impact (ANSI A5)"},"content":{"rendered":"<p data-start=\"326\" data-end=\"661\">Le tout nouveau <strong data-start=\"342\" data-end=\"363\">Impact Pro Winter<\/strong> est con\u00e7u pour les conditions extr\u00eames rencontr\u00e9es dans les mines. D\u00e9velopp\u00e9 pour <strong data-start=\"486\" data-end=\"500\">des mines Canadienne<\/strong>\u00a0et test\u00e9 selon les normes <strong data-start=\"527\" data-end=\"539\">Ansi 5<\/strong>, ce gant offre une combinaison unique de <strong data-start=\"581\" data-end=\"660\">protection contre les chocs, isolation thermique et r\u00e9sistance \u00e0 la coupure niveau 5<\/strong>.<\/p>\n<p data-start=\"663\" data-end=\"899\">Avec son rev\u00eatement ext\u00e9rieur r\u00e9sistant \u00e0 l\u2019eau et sa doublure int\u00e9rieure chaude et flexible, le Impact Pro Winter offre un confort sup\u00e9rieur et une performance constante dans les environnements glacials, humides, abrasifs et exigeants.<\/p>\n<hr data-start=\"1758\" data-end=\"1761\" \/>\n<h2 data-start=\"1763\" data-end=\"1799\"><strong data-start=\"1766\" data-end=\"1799\">Technologies et certification<\/strong><\/h2>\n<h3 data-start=\"1801\" data-end=\"1847\"><strong data-start=\"1805\" data-end=\"1847\">Validation de performance<\/strong><\/h3>\n<p data-start=\"1848\" data-end=\"1891\">Chaque lot est test\u00e9 en laboratoire sur :<\/p>\n<ul data-start=\"1892\" data-end=\"2022\">\n<li data-start=\"1892\" data-end=\"1907\">\n<p data-start=\"1894\" data-end=\"1907\">l\u2019abrasion,<\/p>\n<\/li>\n<li data-start=\"1908\" data-end=\"1938\">\n<p data-start=\"1910\" data-end=\"1938\">la r\u00e9sistance aux impacts,<\/p>\n<\/li>\n<li data-start=\"1939\" data-end=\"1979\">\n<p data-start=\"1941\" data-end=\"1979\">la flexibilit\u00e9 en basse temp\u00e9rature,<\/p>\n<\/li>\n<li data-start=\"1980\" data-end=\"2022\">\n<p data-start=\"1982\" data-end=\"2022\">la durabilit\u00e9 sur 20 000 cycles simul\u00e9s.<\/p>\n<\/li>\n<\/ul>\n<h3 data-start=\"2024\" data-end=\"2080\"><strong data-start=\"2028\" data-end=\"2078\">Norme Ansi \u2013 Haute r\u00e9sistance \u00e0 la coupure<\/strong><\/h3>\n<p data-start=\"2081\" data-end=\"2111\">Disponible :<\/p>\n<ul data-start=\"2112\" data-end=\"2345\">\n<li data-start=\"2112\" data-end=\"2167\"><strong data-start=\"2170\" data-end=\"2181\">ANSI A5<\/strong> : En cours de production pour les mines n\u00e9cessitant un niveau \u00e9lev\u00e9 de protection contre la coupure (c\u00e2bles, treuils, boyaux m\u00e9talliques, environnements abrasifs).<\/li>\n<\/ul>\n<p data-start=\"2347\" data-end=\"2490\">Les tests ANSI garantissent une performance constante, m\u00eame dans les environnements o\u00f9 la fibre peut \u00eatre fragilis\u00e9e par l\u2019eau ou le froid.<\/p>\n<hr data-start=\"2492\" data-end=\"2495\" \/>\n<h2 data-start=\"2497\" data-end=\"2523\"><strong data-start=\"2500\" data-end=\"2523\">Mod\u00e8les disponibles<\/strong><\/h2>\n<ul data-start=\"2525\" data-end=\"2833\">\n<li data-start=\"2525\" data-end=\"2649\"><strong data-start=\"2653\" data-end=\"2684\">Impact Pro Winter \u2013 ANSI A5<\/strong> (NOUVEAUT\u00c9)<br data-start=\"2696\" data-end=\"2699\" \/>Pour les sites miniers exigeant une coupe de niveau sup\u00e9rieur, particuli\u00e8rement appr\u00e9ci\u00e9 dans les secteurs souterrains et au forage.<\/li>\n<\/ul>\n<hr data-start=\"2835\" data-end=\"2838\" \/>\n<h2 data-start=\"2840\" data-end=\"2872\"><strong data-start=\"2843\" data-end=\"2872\">Applications recommand\u00e9es<\/strong><\/h2>\n<ul data-start=\"2874\" data-end=\"3078\">\n<li data-start=\"2874\" data-end=\"2910\">\n<p data-start=\"2876\" data-end=\"2910\">Mines exterieurs en surface<\/p>\n<\/li>\n<li data-start=\"2911\" data-end=\"2955\">\n<p data-start=\"2913\" data-end=\"2955\">Forage au diamant, Rase Bore et travaux miniers<\/p>\n<\/li>\n<li data-start=\"2956\" data-end=\"2984\">\n<p data-start=\"2958\" data-end=\"2984\">Transport et manutention<\/p>\n<\/li>\n<li data-start=\"2985\" data-end=\"3008\">\n<p data-start=\"2987\" data-end=\"3008\">Entretien m\u00e9canique<\/p>\n<\/li>\n<li data-start=\"3009\" data-end=\"3045\">\n<p data-start=\"3011\" data-end=\"3045\">Ateliers d\u2019usine en milieu froid<\/p>\n<\/li>\n<li data-start=\"3046\" data-end=\"3078\">\n<p data-start=\"3048\" data-end=\"3078\">Op\u00e9rations ext\u00e9rieures (hiver)<\/p>\n<\/li>\n<\/ul>\n","protected":false},"excerpt":{"rendered":"<h2 data-start=\"906\" data-end=\"925\"><strong data-start=\"909\" data-end=\"925\">Points forts<\/strong><\/h2>\n<ul data-start=\"927\" data-end=\"1756\">\n<li data-start=\"927\" data-end=\"1070\">\n<p data-start=\"929\" data-end=\"1070\"><strong data-start=\"929\" data-end=\"964\">Protection anti-impact compl\u00e8te<\/strong> : Renforts dorsaux moul\u00e9s pour absorber les chocs et r\u00e9duire les risques de blessures aux m\u00e9tacarpiens.<\/p>\n<\/li>\n<li data-start=\"1071\" data-end=\"1234\">\n<p data-start=\"1073\" data-end=\"1234\"><strong data-start=\"1073\" data-end=\"1112\">Design d\u2019hiver pr\u00eat pour le terrain<\/strong> : Isolation performante con\u00e7ue pour les temp\u00e9ratures froides rencontr\u00e9es en Abitibi, Nord-Ontario et partout dans le nord du Canada.<\/p>\n<\/li>\n<li data-start=\"1235\" data-end=\"1357\">\n<p data-start=\"1237\" data-end=\"1357\"><strong data-start=\"1237\" data-end=\"1277\">R\u00e9sistant \u00e0 l\u2019eau et aux intemp\u00e9ries<\/strong> : Coquille ext\u00e9rieure d\u00e9perlante pour garder les mains au sec plus longtemps.<\/p>\n<\/li>\n<li data-start=\"1358\" data-end=\"1485\">\n<p data-start=\"1360\" data-end=\"1485\"><strong data-start=\"1360\" data-end=\"1396\">Excellente prise en milieu froid<\/strong> : Paume textur\u00e9e offrant une performance stable sous l\u2019humidit\u00e9, le gel et l\u2019abrasion pour manipulation des tiges.<\/p>\n<\/li>\n<li data-start=\"1486\" data-end=\"1585\">\n<p data-start=\"1488\" data-end=\"1585\"><strong data-start=\"1488\" data-end=\"1507\">Confort maximal<\/strong> : Int\u00e9rieur doux, chaud et tr\u00e8s flexible, m\u00eame sous temp\u00e9ratures n\u00e9gatives.<\/p>\n<\/li>\n<li data-start=\"1586\" data-end=\"1756\">\n<p data-start=\"1588\" data-end=\"1756\"><strong data-start=\"1588\" data-end=\"1626\">Con\u00e7u pour les op\u00e9rations mini\u00e8res<\/strong> ou industriel et meme la construction:\u00a0 Parfait pour la foresterie, le forage au diamant, les ateliers de toitures, la manutention et les op\u00e9rations de surface l\u2019hiver.<\/p>\n<\/li>\n<\/ul>\n","protected":false},"featured_media":2576,"template":"","meta":{"_acf_changed":false,"inline_featured_image":false},"product_brand":[],"product_cat":[49],"product_tag":[],"class_list":{"0":"post-2575","1":"product","2":"type-product","3":"status-publish","4":"has-post-thumbnail","6":"product_cat-equipements-de-securite","7":"sales-flash-overlay","8":"woocommerce-text-align-left","9":"woocommerce-image-align-center","10":"do-quantity-buttons","12":"first","13":"instock","14":"taxable","15":"shipping-taxable","16":"product-type-simple"},"acf":[],"yoast_head":"<!-- This site is optimized with the Yoast SEO plugin v24.4 - https:\/\/yoast.com\/wordpress\/plugins\/seo\/ -->\n<title>Impact Pro Winter \u2013 Gant d\u2019hiver isol\u00e9 anti-impact (ANSI A5) - Geo Mines<\/title>\n<meta name=\"robots\" content=\"index, follow, max-snippet:-1, max-image-preview:large, max-video-preview:-1\" \/>\n<link rel=\"canonical\" href=\"https:\/\/geo-mines.com\/fr\/produit\/impact-pro-winter-gant-dhiver-isole-anti-impact-ansi-a5\/\" \/>\n<meta property=\"og:locale\" content=\"fr_FR\" \/>\n<meta property=\"og:type\" content=\"article\" \/>\n<meta property=\"og:title\" content=\"Impact Pro Winter \u2013 Gant d\u2019hiver isol\u00e9 anti-impact (ANSI A5) - Geo Mines\" \/>\n<meta property=\"og:description\" content=\"Points forts    Protection anti-impact compl\u00e8te : Renforts dorsaux moul\u00e9s pour absorber les chocs et r\u00e9duire les risques de blessures aux m\u00e9tacarpiens.    Design d\u2019hiver pr\u00eat pour le terrain : Isolation performante con\u00e7ue pour les temp\u00e9ratures froides rencontr\u00e9es en Abitibi, Nord-Ontario et partout dans le nord du Canada.    R\u00e9sistant \u00e0 l\u2019eau et aux intemp\u00e9ries : Coquille ext\u00e9rieure d\u00e9perlante pour garder les mains au sec plus longtemps.    Excellente prise en milieu froid : Paume textur\u00e9e offrant une performance stable sous l\u2019humidit\u00e9, le gel et l\u2019abrasion pour manipulation des tiges.    Confort maximal : Int\u00e9rieur doux, chaud et tr\u00e8s flexible, m\u00eame sous temp\u00e9ratures n\u00e9gatives.    Con\u00e7u pour les op\u00e9rations mini\u00e8res ou industriel et meme la construction:\u00a0 Parfait pour la foresterie, le forage au diamant, les ateliers de toitures, la manutention et les op\u00e9rations de surface l\u2019hiver.\" \/>\n<meta property=\"og:url\" content=\"https:\/\/geo-mines.com\/fr\/produit\/impact-pro-winter-gant-dhiver-isole-anti-impact-ansi-a5\/\" \/>\n<meta property=\"og:site_name\" content=\"Geo Mines\" \/>\n<meta property=\"article:modified_time\" content=\"2025-11-26T20:49:57+00:00\" \/>\n<meta property=\"og:image\" content=\"https:\/\/geo-mines.com\/wp-content\/uploads\/2025\/11\/A5-Impact-Winter-Mine-glove-scaled.jpg\" \/>\n\t<meta property=\"og:image:width\" content=\"1265\" \/>\n\t<meta property=\"og:image:height\" content=\"2560\" \/>\n\t<meta property=\"og:image:type\" content=\"image\/jpeg\" \/>\n<meta name=\"twitter:card\" content=\"summary_large_image\" \/>\n<meta name=\"twitter:label1\" content=\"Dur\u00e9e de lecture estim\u00e9e\" \/>\n\t<meta name=\"twitter:data1\" content=\"2 minutes\" \/>\n<script type=\"application\/ld+json\" class=\"yoast-schema-graph\">{\"@context\":\"https:\/\/schema.org\",\"@graph\":[{\"@type\":\"WebPage\",\"@id\":\"https:\/\/geo-mines.com\/fr\/produit\/impact-pro-winter-gant-dhiver-isole-anti-impact-ansi-a5\/\",\"url\":\"https:\/\/geo-mines.com\/fr\/produit\/impact-pro-winter-gant-dhiver-isole-anti-impact-ansi-a5\/\",\"name\":\"Impact Pro Winter \u2013 Gant d\u2019hiver isol\u00e9 anti-impact (ANSI A5) - Geo Mines\",\"isPartOf\":{\"@id\":\"https:\/\/geo-mines.com\/fr\/#website\"},\"primaryImageOfPage\":{\"@id\":\"https:\/\/geo-mines.com\/fr\/produit\/impact-pro-winter-gant-dhiver-isole-anti-impact-ansi-a5\/#primaryimage\"},\"image\":{\"@id\":\"https:\/\/geo-mines.com\/fr\/produit\/impact-pro-winter-gant-dhiver-isole-anti-impact-ansi-a5\/#primaryimage\"},\"thumbnailUrl\":\"https:\/\/geo-mines.com\/wp-content\/uploads\/2025\/11\/A5-Impact-Winter-Mine-glove-scaled.jpg\",\"datePublished\":\"2025-11-26T20:33:45+00:00\",\"dateModified\":\"2025-11-26T20:49:57+00:00\",\"breadcrumb\":{\"@id\":\"https:\/\/geo-mines.com\/fr\/produit\/impact-pro-winter-gant-dhiver-isole-anti-impact-ansi-a5\/#breadcrumb\"},\"inLanguage\":\"fr-FR\",\"potentialAction\":[{\"@type\":\"ReadAction\",\"target\":[\"https:\/\/geo-mines.com\/fr\/produit\/impact-pro-winter-gant-dhiver-isole-anti-impact-ansi-a5\/\"]}]},{\"@type\":\"ImageObject\",\"inLanguage\":\"fr-FR\",\"@id\":\"https:\/\/geo-mines.com\/fr\/produit\/impact-pro-winter-gant-dhiver-isole-anti-impact-ansi-a5\/#primaryimage\",\"url\":\"https:\/\/geo-mines.com\/wp-content\/uploads\/2025\/11\/A5-Impact-Winter-Mine-glove-scaled.jpg\",\"contentUrl\":\"https:\/\/geo-mines.com\/wp-content\/uploads\/2025\/11\/A5-Impact-Winter-Mine-glove-scaled.jpg\",\"width\":1265,\"height\":2560},{\"@type\":\"BreadcrumbList\",\"@id\":\"https:\/\/geo-mines.com\/fr\/produit\/impact-pro-winter-gant-dhiver-isole-anti-impact-ansi-a5\/#breadcrumb\",\"itemListElement\":[{\"@type\":\"ListItem\",\"position\":1,\"name\":\"Home\",\"item\":\"https:\/\/geo-mines.com\/fr\/\"},{\"@type\":\"ListItem\",\"position\":2,\"name\":\"Boutique\",\"item\":\"https:\/\/geo-mines.com\/fr\/boutique\/\"},{\"@type\":\"ListItem\",\"position\":3,\"name\":\"Impact Pro Winter \u2013 Gant d\u2019hiver isol\u00e9 anti-impact (ANSI A5)\"}]},{\"@type\":\"WebSite\",\"@id\":\"https:\/\/geo-mines.com\/fr\/#website\",\"url\":\"https:\/\/geo-mines.com\/fr\/\",\"name\":\"Geo Mines\",\"description\":\"\",\"publisher\":{\"@id\":\"https:\/\/geo-mines.com\/fr\/#organization\"},\"potentialAction\":[{\"@type\":\"SearchAction\",\"target\":{\"@type\":\"EntryPoint\",\"urlTemplate\":\"https:\/\/geo-mines.com\/fr\/?s={search_term_string}\"},\"query-input\":{\"@type\":\"PropertyValueSpecification\",\"valueRequired\":true,\"valueName\":\"search_term_string\"}}],\"inLanguage\":\"fr-FR\"},{\"@type\":\"Organization\",\"@id\":\"https:\/\/geo-mines.com\/fr\/#organization\",\"name\":\"Geo Mines\",\"url\":\"https:\/\/geo-mines.com\/fr\/\",\"logo\":{\"@type\":\"ImageObject\",\"inLanguage\":\"fr-FR\",\"@id\":\"https:\/\/geo-mines.com\/fr\/#\/schema\/logo\/image\/\",\"url\":\"https:\/\/geo-mines.com\/wp-content\/uploads\/2022\/09\/logo-white-1.png\",\"contentUrl\":\"https:\/\/geo-mines.com\/wp-content\/uploads\/2022\/09\/logo-white-1.png\",\"width\":720,\"height\":480,\"caption\":\"Geo Mines\"},\"image\":{\"@id\":\"https:\/\/geo-mines.com\/fr\/#\/schema\/logo\/image\/\"}}]}<\/script>\n<!-- \/ Yoast SEO plugin. -->","yoast_head_json":{"title":"Impact Pro Winter \u2013 Gant d\u2019hiver isol\u00e9 anti-impact (ANSI A5) - Geo Mines","robots":{"index":"index","follow":"follow","max-snippet":"max-snippet:-1","max-image-preview":"max-image-preview:large","max-video-preview":"max-video-preview:-1"},"canonical":"https:\/\/geo-mines.com\/fr\/produit\/impact-pro-winter-gant-dhiver-isole-anti-impact-ansi-a5\/","og_locale":"fr_FR","og_type":"article","og_title":"Impact Pro Winter \u2013 Gant d\u2019hiver isol\u00e9 anti-impact (ANSI A5) - Geo Mines","og_description":"Points forts    Protection anti-impact compl\u00e8te : Renforts dorsaux moul\u00e9s pour absorber les chocs et r\u00e9duire les risques de blessures aux m\u00e9tacarpiens.    Design d\u2019hiver pr\u00eat pour le terrain : Isolation performante con\u00e7ue pour les temp\u00e9ratures froides rencontr\u00e9es en Abitibi, Nord-Ontario et partout dans le nord du Canada.    R\u00e9sistant \u00e0 l\u2019eau et aux intemp\u00e9ries : Coquille ext\u00e9rieure d\u00e9perlante pour garder les mains au sec plus longtemps.    Excellente prise en milieu froid : Paume textur\u00e9e offrant une performance stable sous l\u2019humidit\u00e9, le gel et l\u2019abrasion pour manipulation des tiges.    Confort maximal : Int\u00e9rieur doux, chaud et tr\u00e8s flexible, m\u00eame sous temp\u00e9ratures n\u00e9gatives.    Con\u00e7u pour les op\u00e9rations mini\u00e8res ou industriel et meme la construction:\u00a0 Parfait pour la foresterie, le forage au diamant, les ateliers de toitures, la manutention et les op\u00e9rations de surface l\u2019hiver.","og_url":"https:\/\/geo-mines.com\/fr\/produit\/impact-pro-winter-gant-dhiver-isole-anti-impact-ansi-a5\/","og_site_name":"Geo Mines","article_modified_time":"2025-11-26T20:49:57+00:00","og_image":[{"width":1265,"height":2560,"url":"https:\/\/geo-mines.com\/wp-content\/uploads\/2025\/11\/A5-Impact-Winter-Mine-glove-scaled.jpg","type":"image\/jpeg"}],"twitter_card":"summary_large_image","twitter_misc":{"Dur\u00e9e de lecture estim\u00e9e":"2 minutes"},"schema":{"@context":"https:\/\/schema.org","@graph":[{"@type":"WebPage","@id":"https:\/\/geo-mines.com\/fr\/produit\/impact-pro-winter-gant-dhiver-isole-anti-impact-ansi-a5\/","url":"https:\/\/geo-mines.com\/fr\/produit\/impact-pro-winter-gant-dhiver-isole-anti-impact-ansi-a5\/","name":"Impact Pro Winter \u2013 Gant d\u2019hiver isol\u00e9 anti-impact (ANSI A5) - Geo Mines","isPartOf":{"@id":"https:\/\/geo-mines.com\/fr\/#website"},"primaryImageOfPage":{"@id":"https:\/\/geo-mines.com\/fr\/produit\/impact-pro-winter-gant-dhiver-isole-anti-impact-ansi-a5\/#primaryimage"},"image":{"@id":"https:\/\/geo-mines.com\/fr\/produit\/impact-pro-winter-gant-dhiver-isole-anti-impact-ansi-a5\/#primaryimage"},"thumbnailUrl":"https:\/\/geo-mines.com\/wp-content\/uploads\/2025\/11\/A5-Impact-Winter-Mine-glove-scaled.jpg","datePublished":"2025-11-26T20:33:45+00:00","dateModified":"2025-11-26T20:49:57+00:00","breadcrumb":{"@id":"https:\/\/geo-mines.com\/fr\/produit\/impact-pro-winter-gant-dhiver-isole-anti-impact-ansi-a5\/#breadcrumb"},"inLanguage":"fr-FR","potentialAction":[{"@type":"ReadAction","target":["https:\/\/geo-mines.com\/fr\/produit\/impact-pro-winter-gant-dhiver-isole-anti-impact-ansi-a5\/"]}]},{"@type":"ImageObject","inLanguage":"fr-FR","@id":"https:\/\/geo-mines.com\/fr\/produit\/impact-pro-winter-gant-dhiver-isole-anti-impact-ansi-a5\/#primaryimage","url":"https:\/\/geo-mines.com\/wp-content\/uploads\/2025\/11\/A5-Impact-Winter-Mine-glove-scaled.jpg","contentUrl":"https:\/\/geo-mines.com\/wp-content\/uploads\/2025\/11\/A5-Impact-Winter-Mine-glove-scaled.jpg","width":1265,"height":2560},{"@type":"BreadcrumbList","@id":"https:\/\/geo-mines.com\/fr\/produit\/impact-pro-winter-gant-dhiver-isole-anti-impact-ansi-a5\/#breadcrumb","itemListElement":[{"@type":"ListItem","position":1,"name":"Home","item":"https:\/\/geo-mines.com\/fr\/"},{"@type":"ListItem","position":2,"name":"Boutique","item":"https:\/\/geo-mines.com\/fr\/boutique\/"},{"@type":"ListItem","position":3,"name":"Impact Pro Winter \u2013 Gant d\u2019hiver isol\u00e9 anti-impact (ANSI A5)"}]},{"@type":"WebSite","@id":"https:\/\/geo-mines.com\/fr\/#website","url":"https:\/\/geo-mines.com\/fr\/","name":"Geo Mines","description":"","publisher":{"@id":"https:\/\/geo-mines.com\/fr\/#organization"},"potentialAction":[{"@type":"SearchAction","target":{"@type":"EntryPoint","urlTemplate":"https:\/\/geo-mines.com\/fr\/?s={search_term_string}"},"query-input":{"@type":"PropertyValueSpecification","valueRequired":true,"valueName":"search_term_string"}}],"inLanguage":"fr-FR"},{"@type":"Organization","@id":"https:\/\/geo-mines.com\/fr\/#organization","name":"Geo Mines","url":"https:\/\/geo-mines.com\/fr\/","logo":{"@type":"ImageObject","inLanguage":"fr-FR","@id":"https:\/\/geo-mines.com\/fr\/#\/schema\/logo\/image\/","url":"https:\/\/geo-mines.com\/wp-content\/uploads\/2022\/09\/logo-white-1.png","contentUrl":"https:\/\/geo-mines.com\/wp-content\/uploads\/2022\/09\/logo-white-1.png","width":720,"height":480,"caption":"Geo Mines"},"image":{"@id":"https:\/\/geo-mines.com\/fr\/#\/schema\/logo\/image\/"}}]}},"_links":{"self":[{"href":"https:\/\/geo-mines.com\/fr\/wp-json\/wp\/v2\/product\/2575","targetHints":{"allow":["GET"]}}],"collection":[{"href":"https:\/\/geo-mines.com\/fr\/wp-json\/wp\/v2\/product"}],"about":[{"href":"https:\/\/geo-mines.com\/fr\/wp-json\/wp\/v2\/types\/product"}],"wp:featuredmedia":[{"embeddable":true,"href":"https:\/\/geo-mines.com\/fr\/wp-json\/wp\/v2\/media\/2576"}],"wp:attachment":[{"href":"https:\/\/geo-mines.com\/fr\/wp-json\/wp\/v2\/media?parent=2575"}],"wp:term":[{"taxonomy":"product_brand","embeddable":true,"href":"https:\/\/geo-mines.com\/fr\/wp-json\/wp\/v2\/product_brand?post=2575"},{"taxonomy":"product_cat","embeddable":true,"href":"https:\/\/geo-mines.com\/fr\/wp-json\/wp\/v2\/product_cat?post=2575"},{"taxonomy":"product_tag","embeddable":true,"href":"https:\/\/geo-mines.com\/fr\/wp-json\/wp\/v2\/product_tag?post=2575"}],"curies":[{"name":"wp","href":"https:\/\/api.w.org\/{rel}","templated":true}]}}